{"id":5249,"date":"2018-06-20T14:19:39","date_gmt":"2018-06-20T18:19:39","guid":{"rendered":"http:\/\/sunrisecounty.org\/acerca-de-scec\/informes-y-publicaciones\/"},"modified":"2026-01-29T09:19:59","modified_gmt":"2026-01-29T14:19:59","slug":"informes-y-publicaciones","status":"publish","type":"page","link":"https:\/\/sunrisecounty.org\/es\/acerca-de-scec\/informes-y-publicaciones\/","title":{"rendered":"Informes y publicaciones"},"content":{"rendered":"<p>[et_pb_section fb_built=\u00bb1&#8243; fullwidth=\u00bbon\u00bb _builder_version=\u00bb4.16&#8243; global_colors_info=\u00bb{}\u00bb][et_pb_fullwidth_image admin_label=\u00bbFullwidth Banner Image\u00bb _builder_version=\u00bb4.16&#8243; background_image=\u00bbhttps:\/\/sunrisecounty.org\/wp-content\/uploads\/2018\/02\/20.jpg\u00bb custom_css_main_element=\u00bbheight: 300px;\u00bb global_colors_info=\u00bb{}\u00bb][\/et_pb_fullwidth_image][\/et_pb_section][et_pb_section fb_built=\u00bb1&#8243; custom_padding_last_edited=\u00bbon|phone\u00bb admin_label=\u00bbPage Title\u00bb _builder_version=\u00bb4.25.0&#8243; background_color=\u00bb#176535&#8243; background_image=\u00bbhttps:\/\/sunrisecounty.org\/wp-content\/uploads\/2018\/01\/yellow-bg.jpg\u00bb background_enable_image=\u00bboff\u00bb background_size=\u00bbinitial\u00bb background_position=\u00bbbottom_center\u00bb background_repeat=\u00bbrepeat\u00bb custom_margin=\u00bb0px|0px|0px|0px\u00bb custom_padding=\u00bb0px|0px|0px|0px\u00bb custom_padding_tablet=\u00bb0px|0px|0px|0px\u00bb custom_padding_phone=\u00bb0px|0px|115px|0px|false|false\u00bb custom_css_main_element=\u00bbheight: 80px;\u00bb global_module=\u00bb3329&#8243; collapsed=\u00bbon\u00bb global_colors_info=\u00bb{}\u00bb][et_pb_row custom_padding_last_edited=\u00bbon|phone\u00bb _builder_version=\u00bb4.22.0&#8243; max_width=\u00bb1080px\u00bb custom_margin=\u00bb0px||||false|false\u00bb custom_padding=\u00bb20px||||false|false\u00bb custom_padding_tablet=\u00bb\u00bb custom_padding_phone=\u00bb\u00bb global_colors_info=\u00bb{}\u00bb][et_pb_column type=\u00bb4_4&#8243; _builder_version=\u00bb4.16&#8243; custom_padding=\u00bb|||\u00bb global_colors_info=\u00bb{}\u00bb custom_padding__hover=\u00bb|||\u00bb][et_pb_post_title meta=\u00bboff\u00bb featured_image=\u00bboff\u00bb admin_label=\u00bbPage Title\u00bb _builder_version=\u00bb4.23.1&#8243; _module_preset=\u00bbdefault\u00bb title_font=\u00bbAlegreya Sans||||||||\u00bb title_text_align=\u00bbcenter\u00bb title_text_color=\u00bb#FFFFFF\u00bb title_font_size=\u00bb40px\u00bb title_font_size_tablet=\u00bb\u00bb title_font_size_phone=\u00bb32px\u00bb title_font_size_last_edited=\u00bbon|phone\u00bb global_colors_info=\u00bb{}\u00bb][\/et_pb_post_title][\/et_pb_column][\/et_pb_row][\/et_pb_section][et_pb_section fb_built=\u00bb1&#8243; _builder_version=\u00bb4.16&#8243; background_color=\u00bb#eeece5&#8243; global_colors_info=\u00bb{}\u00bb][et_pb_row column_structure=\u00bb1_2,1_2&#8243; _builder_version=\u00bb4.23.1&#8243; background_size=\u00bbinitial\u00bb background_position=\u00bbtop_left\u00bb background_repeat=\u00bbrepeat\u00bb global_colors_info=\u00bb{}\u00bb][et_pb_column type=\u00bb1_2&#8243; _builder_version=\u00bb4.16&#8243; custom_padding=\u00bb|||\u00bb global_colors_info=\u00bb{}\u00bb custom_padding__hover=\u00bb|||\u00bb][et_pb_image src=\u00bbhttps:\/\/sunrisecounty.org\/wp-content\/uploads\/2024\/01\/loans.png\u00bb title_text=\u00bbpr\u00e9stamos\u00bb force_fullwidth=\u00bbon\u00bb _builder_version=\u00bb4.23.1&#8243; _module_preset=\u00bbdefault\u00bb custom_margin=\u00bb0px||||false|false\u00bb global_colors_info=\u00bb{}\u00bb][\/et_pb_image][\/et_pb_column][et_pb_column type=\u00bb1_2&#8243; _builder_version=\u00bb4.16&#8243; custom_padding=\u00bb|||\u00bb global_colors_info=\u00bb{}\u00bb custom_padding__hover=\u00bb|||\u00bb][et_pb_text _builder_version=\u00bb4.23.1&#8243; global_colors_info=\u00bb{}\u00bb]<\/p>\n<h2 class=\"entry-title\" style=\"text-align: left;\">Plan Estrat\u00e9gico Quinquenal<\/h2>\n<p>[\/et_pb_text][et_pb_text _builder_version=\u00bb4.23.1&#8243; ol_line_height=\u00bb2em\u00bb global_colors_info=\u00bb{}\u00bb]<\/p>\n<h4>Objetivos 2022-2026<\/h4>\n<ol>\n<li><span><b><\/b><\/span><strong>Mano de obra<\/strong>: Desarrollar la mano de obra del condado de Washington.<\/li>\n<li><strong>Iniciativa empresarial<\/strong>: Aumentar el apoyo y los recursos para los emprendedores y las empresas.<\/li>\n<li><strong>Infraestructuras<\/strong>: Mejorar y reforzar los entornos natural y construido.<\/li>\n<li><strong>Capacidad<\/strong>: Aumentar la capacidad colectiva del SCEC y sus socios para impulsar las inversiones en favor de la poblaci\u00f3n del condado de Washington.<\/li>\n<\/ol>\n<p>[\/et_pb_text][et_pb_button button_url=\u00bbhttps:\/\/sunrisecounty.org\/wp-content\/uploads\/2024\/02\/SCEC-Strategic-Plan-2022-with-updates-6-21-23.docx.pdf\u00bb url_new_window=\u00bbon\u00bb button_text=\u00bbLee el Plan Quinquenal del SCEC\u00bb button_alignment=\u00bbleft\u00bb _builder_version=\u00bb4.23.1&#8243; custom_button=\u00bbon\u00bb button_text_color=\u00bb#000000&#8243; button_bg_color=\u00bb#FFC20F\u00bb button_border_width=\u00bb0px\u00bb button_border_radius=\u00bb25px\u00bb button_font=\u00bbLato||||||||\u00bb background_layout=\u00bbdark\u00bb custom_margin=\u00bb0px||0px||true|false\u00bb custom_padding=\u00bb10px|35px|10px|35px|true|true\u00bb global_colors_info=\u00bb{}\u00bb button_text_size__hover_enabled=\u00bboff\u00bb button_text_size__hover=\u00bbnull\u00bb button_one_text_size__hover_enabled=\u00bboff\u00bb button_one_text_size__hover=\u00bbnull\u00bb button_two_text_size__hover_enabled=\u00bboff\u00bb button_two_text_size__hover=\u00bbnull\u00bb button_text_color__hover_enabled=\u00bboff\u00bb button_text_color__hover=\u00bbnull\u00bb button_one_text_color__hover_enabled=\u00bboff\u00bb button_one_text_color__hover=\u00bbnull\u00bb button_two_text_color__hover_enabled=\u00bboff\u00bb button_two_text_color__hover=\u00bbnull\u00bb button_border_width__hover_enabled=\u00bboff\u00bb button_border_width__hover=\u00bbnull\u00bb button_one_border_width__hover_enabled=\u00bboff\u00bb button_one_border_width__hover=\u00bbnull\u00bb button_two_border_width__hover_enabled=\u00bboff\u00bb button_two_border_width__hover=\u00bbnull\u00bb button_border_color__hover_enabled=\u00bboff\u00bb button_border_color__hover=\u00bbnull\u00bb button_one_border_color__hover_enabled=\u00bboff\u00bb button_one_border_color__hover=\u00bbnull\u00bb button_two_border_color__hover_enabled=\u00bboff\u00bb button_two_border_color__hover=\u00bbnull\u00bb button_border_radius__hover_enabled=\u00bboff\u00bb button_border_radius__hover=\u00bbnull\u00bb button_one_border_radius__hover_enabled=\u00bboff\u00bb button_one_border_radius__hover=\u00bbnull\u00bb button_two_border_radius__hover_enabled=\u00bboff\u00bb button_two_border_radius__hover=\u00bbnull\u00bb button_letter_spacing__hover_enabled=\u00bboff\u00bb button_letter_spacing__hover=\u00bbnull\u00bb button_one_letter_spacing__hover_enabled=\u00bboff\u00bb button_one_letter_spacing__hover=\u00bbnull\u00bb button_two_letter_spacing__hover_enabled=\u00bboff\u00bb button_two_letter_spacing__hover=\u00bbnull\u00bb button_bg_color__hover_enabled=\u00bboff\u00bb button_bg_color__hover=\u00bbnull\u00bb button_one_bg_color__hover_enabled=\u00bboff\u00bb button_one_bg_color__hover=\u00bbnull\u00bb button_two_bg_color__hover_enabled=\u00bboff\u00bb button_two_bg_color__hover=\u00bbnull\u00bb][\/et_pb_button][\/et_pb_column][\/et_pb_row][\/et_pb_section][et_pb_section fb_built=\u00bb1&#8243; _builder_version=\u00bb4.23.1&#8243; background_color=\u00bb#FFFFFF\u00bb global_colors_info=\u00bb{}\u00bb][et_pb_row _builder_version=\u00bb4.16&#8243; background_size=\u00bbinitial\u00bb background_position=\u00bbtop_left\u00bb background_repeat=\u00bbrepeat\u00bb global_colors_info=\u00bb{}\u00bb][et_pb_column type=\u00bb4_4&#8243; _builder_version=\u00bb4.16&#8243; custom_padding=\u00bb|||\u00bb global_colors_info=\u00bb{}\u00bb custom_padding__hover=\u00bb|||\u00bb][et_pb_text _builder_version=\u00bb4.27.4&#8243; global_colors_info=\u00bb{}\u00bb]<\/p>\n<h2 style=\"text-align: center;\">Informes trimestrales<\/h2>\n<p>[\/et_pb_text][\/et_pb_column][\/et_pb_row][et_pb_row column_structure=\u00bb1_4,1_4,1_4,1_4&#8243; _builder_version=\u00bb4.27.4&#8243; _module_preset=\u00bbdefault\u00bb hover_enabled=\u00bb0&#8243; global_colors_info=\u00bb{}\u00bb sticky_enabled=\u00bb0&#8243;][et_pb_column type=\u00bb1_4&#8243; _builder_version=\u00bb4.27.4&#8243; _module_preset=\u00bbdefault\u00bb global_colors_info=\u00bb{}\u00bb][et_pb_text _builder_version=\u00bb4.27.4&#8243; _module_preset=\u00bbdefault\u00bb global_colors_info=\u00bb{}\u00bb]<\/p>\n<p style=\"text-align: center;\"><a href=\"https:\/\/drive.google.com\/file\/d\/17v9JYVCfvnOiuywUZjolwgqaib8OnAMR\/view?usp=sharing\" target=\"_blank\" rel=\"noopener\">2025 Informe del 1er Trimestre del Condado<\/a><\/p>\n<p>[\/et_pb_text][\/et_pb_column][et_pb_column type=\u00bb1_4&#8243; _builder_version=\u00bb4.27.4&#8243; _module_preset=\u00bbdefault\u00bb global_colors_info=\u00bb{}\u00bb][et_pb_text _builder_version=\u00bb4.27.4&#8243; _module_preset=\u00bbdefault\u00bb global_colors_info=\u00bb{}\u00bb]<\/p>\n<p style=\"text-align: center;\"><a href=\"https:\/\/drive.google.com\/file\/d\/1mX3rGV-F4eLtbN03DXmD8SPDSXqtPRfI\/view?usp=sharing\" target=\"_blank\" rel=\"noopener\">2025 Informe del 2\u00ba trimestre del condado<\/a><\/p>\n<p>[\/et_pb_text][\/et_pb_column][et_pb_column type=\u00bb1_4&#8243; _builder_version=\u00bb4.27.4&#8243; _module_preset=\u00bbdefault\u00bb global_colors_info=\u00bb{}\u00bb][et_pb_text _builder_version=\u00bb4.27.4&#8243; _module_preset=\u00bbdefault\u00bb global_colors_info=\u00bb{}\u00bb]<\/p>\n<p style=\"text-align: center;\"><a href=\"https:\/\/drive.google.com\/file\/d\/1Qu9iR6z0tm6ttoM1zAIBVUqVArptS5qt\/view?usp=sharing\" target=\"_blank\" rel=\"noopener\">2025 Informe del 3er Trimestre del Condado<\/a><\/p>\n<p>[\/et_pb_text][\/et_pb_column][et_pb_column type=\u00bb1_4&#8243; _builder_version=\u00bb4.27.4&#8243; _module_preset=\u00bbdefault\u00bb global_colors_info=\u00bb{}\u00bb][et_pb_text _builder_version=\u00bb4.27.4&#8243; _module_preset=\u00bbdefault\u00bb hover_enabled=\u00bb0&#8243; global_colors_info=\u00bb{}\u00bb sticky_enabled=\u00bb0&#8243;]<\/p>\n<p style=\"text-align: center;\"><a href=\"https:\/\/drive.google.com\/file\/d\/1mDlcu9U5kj3AcHZ_oop_DYyENvh1MqNE\/view?usp=share_link\" target=\"_blank\" rel=\"noopener\">2025 Informe del 4\u00ba trimestre del condado<\/a><\/p>\n<p>[\/et_pb_text][\/et_pb_column][\/et_pb_row][et_pb_row _builder_version=\u00bb4.16&#8243; background_size=\u00bbinitial\u00bb background_position=\u00bbtop_left\u00bb background_repeat=\u00bbrepeat\u00bb global_colors_info=\u00bb{}\u00bb][et_pb_column type=\u00bb4_4&#8243; _builder_version=\u00bb4.16&#8243; custom_padding=\u00bb|||\u00bb global_colors_info=\u00bb{}\u00bb custom_padding__hover=\u00bb|||\u00bb][et_pb_text _builder_version=\u00bb4.16&#8243; global_colors_info=\u00bb{}\u00bb]<\/p>\n<h2 style=\"text-align: center;\">Informes anuales<\/h2>\n<p>[\/et_pb_text][\/et_pb_column][\/et_pb_row][et_pb_row column_structure=\u00bb1_4,1_4,1_4,1_4&#8243; _builder_version=\u00bb4.16&#8243; background_size=\u00bbinitial\u00bb background_position=\u00bbtop_left\u00bb background_repeat=\u00bbrepeat\u00bb global_colors_info=\u00bb{}\u00bb][et_pb_column type=\u00bb1_4&#8243; _builder_version=\u00bb4.16&#8243; custom_padding=\u00bb|||\u00bb global_colors_info=\u00bb{}\u00bb custom_padding__hover=\u00bb|||\u00bb][et_pb_text _builder_version=\u00bb4.27.4&#8243; _module_preset=\u00bbdefault\u00bb global_colors_info=\u00bb{}\u00bb]<\/p>\n<p><a href=\"https:\/\/sunrisecounty.org\/wp-content\/uploads\/2025\/04\/SCEC-Annual-County-Report-2024.pdf\" target=\"_blank\" rel=\"noopener\">Informe anual del condado 2024<\/a><\/p>\n<p><a href=\"https:\/\/sunrisecounty.org\/wp-content\/uploads\/2024\/04\/SCEC-Annual-County-Report-2023-Final.pdf\" target=\"_blank\" rel=\"noopener\" title=\"Informe anual del condado 2023\">Informe anual del condado 2023<\/a><\/p>\n<p><a href=\"https:\/\/sunrisecounty.org\/wp-content\/uploads\/2024\/02\/County-Report-End-of-Year-2022-Final-Copy-1.pdf\" target=\"_blank\" rel=\"noopener\">Informe anual del condado 2022<\/a><\/p>\n<p><a href=\"https:\/\/sunrisecounty.org\/wp-content\/uploads\/2024\/02\/County-Report-End-of-Year-2021-final.pdf\" target=\"_blank\" rel=\"noopener\">Informe anual del condado 2021<\/a><\/p>\n<p><a href=\"https:\/\/sunrisecounty.org\/wp-content\/uploads\/2024\/02\/County-annual-report-2020.docx.pdf\" target=\"_blank\" rel=\"noopener\">Informe Anual del Condado 2020<\/a><\/p>\n<p>&nbsp;<\/p>\n<p>[\/et_pb_text][\/et_pb_column][et_pb_column type=\u00bb1_4&#8243; _builder_version=\u00bb4.16&#8243; custom_padding=\u00bb|||\u00bb global_colors_info=\u00bb{}\u00bb custom_padding__hover=\u00bb|||\u00bb][et_pb_text _builder_version=\u00bb4.27.4&#8243; _module_preset=\u00bbdefault\u00bb global_colors_info=\u00bb{}\u00bb]<\/p>\n<p><a href=\"https:\/\/sunrisecounty.org\/wp-content\/uploads\/2019\/11\/SCEC-Annual-Report-2019.pdf\" target=\"_blank\" rel=\"noopener\">Informe Anual 2019<\/a><\/p>\n<p><a href=\"https:\/\/sunrisecounty.org\/wp-content\/uploads\/2019\/11\/SCEC-Annual-Report-2018.pdf\" target=\"_blank\" rel=\"noopener\">Informe Anual 2018<\/a><\/p>\n<p><a href=\"https:\/\/sunrisecounty.org\/wp-content\/uploads\/2018\/07\/Sunrise_County_Economic_Council_Annual_Report_2017.pdf\" target=\"_blank\" rel=\"noopener\">Informe Anual 2017<\/a><\/p>\n<p><a href=\"https:\/\/sunrisecounty.org\/wp-content\/uploads\/2024\/03\/SCEC-County-Annual-Report-2016.pdf\" target=\"_blank\" rel=\"noopener\">Informe anual del condado 2016<\/a><\/p>\n<p><a href=\"https:\/\/sunrisecounty.org\/wp-content\/uploads\/2018\/07\/Sunrise_County_Economic_Council_Annual_Report_2015.pdf\" target=\"_blank\" rel=\"noopener\">Informe Anual 2015<\/a><\/p>\n<p>[\/et_pb_text][\/et_pb_column][et_pb_column type=\u00bb1_4&#8243; _builder_version=\u00bb4.16&#8243; custom_padding=\u00bb|||\u00bb global_colors_info=\u00bb{}\u00bb custom_padding__hover=\u00bb|||\u00bb][et_pb_text _builder_version=\u00bb4.27.4&#8243; _module_preset=\u00bbdefault\u00bb global_colors_info=\u00bb{}\u00bb]<\/p>\n<p><a href=\"https:\/\/sunrisecounty.org\/wp-content\/uploads\/2012\/08\/Annual-Report-2014.pdf\" target=\"_blank\" rel=\"noopener\">Informe anual 2014<\/a><\/p>\n<p><a href=\"https:\/\/sunrisecounty.org\/wp-content\/uploads\/2012\/08\/Annual-Report-2013.pdf\" target=\"_blank\" rel=\"noopener\">Informe Anual 2013<\/a><\/p>\n<p><a href=\"https:\/\/sunrisecounty.org\/wp-content\/uploads\/2012\/10\/Annual-Report-2012.pdf\" target=\"_blank\" rel=\"noopener\">Informe Anual 2012<\/a><\/p>\n<p><a href=\"https:\/\/sunrisecounty.org\/wp-content\/uploads\/2012\/08\/Annual-Report-2011.pdf\" target=\"_blank\" rel=\"noopener\">Informe Anual 2011<\/a><\/p>\n<p><a href=\"https:\/\/sunrisecounty.org\/wp-content\/uploads\/2012\/08\/Annual-Report-2010.pdf\" target=\"_blank\" rel=\"noopener\">Informe anual 2010<\/a><\/p>\n<p>[\/et_pb_text][\/et_pb_column][et_pb_column type=\u00bb1_4&#8243; _builder_version=\u00bb4.16&#8243; custom_padding=\u00bb|||\u00bb global_colors_info=\u00bb{}\u00bb custom_padding__hover=\u00bb|||\u00bb][et_pb_text _builder_version=\u00bb4.27.4&#8243; _module_preset=\u00bbdefault\u00bb global_colors_info=\u00bb{}\u00bb]<\/p>\n<p><a href=\"https:\/\/sunrisecounty.org\/wp-content\/uploads\/2012\/08\/Annual-Report-2009.pdf\" target=\"_blank\" rel=\"noopener\">Informe Anual 2009<\/a><\/p>\n<p><a href=\"https:\/\/sunrisecounty.org\/wp-content\/uploads\/2012\/08\/Annual-Report-2008.pdf\" target=\"_blank\" rel=\"noopener\">Informe Anual 2008<\/a><\/p>\n<p><a href=\"https:\/\/sunrisecounty.org\/wp-content\/uploads\/2012\/08\/Annual-Report-2007.pdf\" target=\"_blank\" rel=\"noopener\">Informe Anual 2007<\/a><\/p>\n<p><a href=\"https:\/\/sunrisecounty.org\/wp-content\/uploads\/2012\/08\/Annual-Report-2006.pdf\" target=\"_blank\" rel=\"noopener\">Informe Anual 2006<\/a><\/p>\n<p><a href=\"https:\/\/sunrisecounty.org\/wp-content\/uploads\/2012\/08\/Annual-Report-1999-2005.pdf\">Informes anuales 1999-2005<\/a><\/p>\n<p>&nbsp;<\/p>\n<p>[\/et_pb_text][\/et_pb_column][\/et_pb_row][\/et_pb_section][et_pb_section fb_built=\u00bb1&#8243; _builder_version=\u00bb4.23.1&#8243; background_color=\u00bb#eeece5&#8243; global_colors_info=\u00bb{}\u00bb][et_pb_row _builder_version=\u00bb4.16&#8243; background_size=\u00bbinitial\u00bb background_position=\u00bbtop_left\u00bb background_repeat=\u00bbrepeat\u00bb global_colors_info=\u00bb{}\u00bb][et_pb_column type=\u00bb4_4&#8243; _builder_version=\u00bb4.16&#8243; custom_padding=\u00bb|||\u00bb global_colors_info=\u00bb{}\u00bb custom_padding__hover=\u00bb|||\u00bb][et_pb_text _builder_version=\u00bb4.23.1&#8243; custom_margin=\u00bb||0px||false|false\u00bb custom_padding=\u00bb||0px||false|false\u00bb global_colors_info=\u00bb{}\u00bb]<\/p>\n<h2 style=\"text-align: left;\">Otros informes y publicaciones<\/h2>\n<p>[\/et_pb_text][\/et_pb_column][\/et_pb_row][et_pb_row column_structure=\u00bb1_2,1_2&#8243; _builder_version=\u00bb4.23.1&#8243; background_size=\u00bbinitial\u00bb background_position=\u00bbtop_left\u00bb background_repeat=\u00bbrepeat\u00bb custom_margin=\u00bb0px||||false|false\u00bb custom_padding=\u00bb0px||0px||false|false\u00bb global_colors_info=\u00bb{}\u00bb][et_pb_column type=\u00bb1_2&#8243; _builder_version=\u00bb4.16&#8243; custom_padding=\u00bb|||\u00bb global_colors_info=\u00bb{}\u00bb custom_padding__hover=\u00bb|||\u00bb][et_pb_text _builder_version=\u00bb4.27.0&#8243; global_colors_info=\u00bb{}\u00bb]<\/p>\n<p>El SCEC ha participado en muchos proyectos a lo largo de los a\u00f1os y ha colaborado con diversas comunidades, empresas y particulares para iniciar y facilitar la creaci\u00f3n de empleo y prosperidad en el condado de Washington. A continuaci\u00f3n se enumeran algunos de los informes y publicaciones que nosotros y nuestros colaboradores hemos editado como parte de ese trabajo. <\/p>\n<p>&nbsp;<\/p>\n<ul>\n<li><a href=\"https:\/\/sunrisecounty.org\/wp-content\/uploads\/2024\/10\/FINAL-Report-Jonesport-Beal-Local-Economy.pdf\">Econom\u00eda local de Jonesport Beals (2024)<\/a><\/li>\n<li><a href=\"https:\/\/sunrisecounty.org\/wp-content\/uploads\/2018\/05\/Economic-Impact-Report-v8.pdf\">Estudio de impacto econ\u00f3mico de Danforth (2018)<\/a><\/li>\n<li><a href=\"https:\/\/sunrisecounty.org\/wp-content\/uploads\/2015\/09\/Sunrise-Food-Infrastructure-InitiativeLocal-Markets-Viability-Project.pdf\" target=\"_blank\" rel=\"noopener noreferrer\">Iniciativa Sunrise de Infraestructura Alimentaria Proyecto de Viabilidad de Mercados Locales<\/a><\/li>\n<li><a href=\"https:\/\/sunrisecounty.org\/wp-content\/uploads\/2012\/08\/MDF-Final-Report.pdf\" target=\"_blank\" rel=\"noopener noreferrer\">\u00abAumentar los niveles de educaci\u00f3n y formaci\u00f3n m\u00e1s all\u00e1 del instituto en el condado de Washington\u00bb  <\/a><\/li>\n<li><a href=\"https:\/\/sunrisecounty.org\/wp-content\/uploads\/2012\/08\/Washington-County-Foundation-Presentation6-28-12.pdf\" target=\"_blank\" rel=\"noopener noreferrer\">Presentaci\u00f3n de Mobilize Maine Washington County<\/a> por Mark Madsen (28\/06\/12)<\/li>\n<li><a href=\"https:\/\/sunrisecounty.org\/wp-content\/uploads\/2012\/08\/social-networking-workshop.pdf\" target=\"_blank\" rel=\"noopener noreferrer\">\u00ab\u00bfC\u00f3mo pueden ayudar las redes sociales a mejorar mi negocio?\u00bb<\/a><\/li>\n<li><a href=\"https:\/\/sunrisecounty.org\/wp-content\/uploads\/2012\/08\/Regional-EDD-reorganization.pdf\" target=\"_blank\" rel=\"noopener noreferrer\">\u00abRealineaci\u00f3n de los Distritos de Desarrollo Econ\u00f3mico de Maine\u00bb<\/a> Por Mark Ouelette, DECD de Maine<\/li>\n<li><a href=\"https:\/\/sunrisecounty.org\/wp-content\/uploads\/2012\/08\/tourismhandbook.pdf\" target=\"_blank\" rel=\"noopener noreferrer\">C\u00f3mo convertir a los visitantes en tus clientes: Gu\u00eda del mercado tur\u00edstico del condado de Washington<\/a><\/li>\n<li><a title=\"Presentaciones de Cambio de Fronteras\" href=\"https:\/\/sunrisecounty.org\/about\/reports-publications\/changing-borders-presentations\/\" target=\"_blank\" rel=\"noopener noreferrer\">Materiales de la Conferencia Cambiando Fronteras<\/a><\/li>\n<li><a href=\"https:\/\/sunrisecounty.org\/wp-content\/uploads\/2012\/08\/SCEC-business-planning-guide.pdf\" target=\"_blank\" rel=\"noopener noreferrer\">Gu\u00eda de planificaci\u00f3n empresarial del SCEC<\/a><\/li>\n<li><a href=\"https:\/\/sunrisecounty.org\/wp-content\/uploads\/2012\/08\/destiny2010.pdf\" target=\"_blank\" rel=\"noopener noreferrer\">DESTINO 2010<\/a><\/li>\n<li><a href=\"http:\/\/www.sunrisetrail.org\/plans\/CalaisAyersRoutingStudy0407draft.pdf\" target=\"_blank\" rel=\"noopener noreferrer\">Estudio del trazado del Sendero del Amanecer (Calais a Ayers Junction)  <\/a><\/li>\n<li><a href=\"http:\/\/www.sunrisetrail.org\/plans\/DESTPlan022306.pdf\" target=\"_blank\" rel=\"noopener noreferrer\">Plan de Gesti\u00f3n del Sendero del Amanecer  <\/a><\/li>\n<\/ul>\n<p>[\/et_pb_text][\/et_pb_column][et_pb_column type=\u00bb1_2&#8243; _builder_version=\u00bb4.16&#8243; custom_padding=\u00bb|||\u00bb global_colors_info=\u00bb{}\u00bb custom_padding__hover=\u00bb|||\u00bb][et_pb_image src=\u00bbhttps:\/\/sunrisecounty.org\/wp-content\/uploads\/2021\/10\/East-Grand-Lake-2018-autumn-colors-1-scaled.jpg\u00bb title_text=\u00bbColores oto\u00f1ales del Gran Lago del Este 2018&#8243; force_fullwidth=\u00bbon\u00bb _builder_version=\u00bb4.23.1&#8243; _module_preset=\u00bbdefault\u00bb global_colors_info=\u00bb{}\u00bb][\/et_pb_image][\/et_pb_column][\/et_pb_row][\/et_pb_section]<\/p>\n","protected":false},"excerpt":{"rendered":"<p>Plan Estrat\u00e9gico QuinquenalObjetivos 2022-2026 Mano de obra: Desarrollar la mano de obra del condado de Washington. Iniciativa empresarial: Aumentar el apoyo y los recursos para los emprendedores y las empresas. [&hellip;]<\/p>\n","protected":false},"author":10,"featured_media":0,"parent":4562,"menu_order":3,"comment_status":"closed","ping_status":"closed","template":"","meta":{"_et_pb_use_builder":"on","_et_pb_old_content":"","_et_gb_content_width":"","footnotes":""},"class_list":["post-5249","page","type-page","status-publish","hentry"],"_links":{"self":[{"href":"https:\/\/sunrisecounty.org\/es\/wp-json\/wp\/v2\/pages\/5249","targetHints":{"allow":["GET"]}}],"collection":[{"href":"https:\/\/sunrisecounty.org\/es\/wp-json\/wp\/v2\/pages"}],"about":[{"href":"https:\/\/sunrisecounty.org\/es\/wp-json\/wp\/v2\/types\/page"}],"author":[{"embeddable":true,"href":"https:\/\/sunrisecounty.org\/es\/wp-json\/wp\/v2\/users\/10"}],"replies":[{"embeddable":true,"href":"https:\/\/sunrisecounty.org\/es\/wp-json\/wp\/v2\/comments?post=5249"}],"version-history":[{"count":5,"href":"https:\/\/sunrisecounty.org\/es\/wp-json\/wp\/v2\/pages\/5249\/revisions"}],"predecessor-version":[{"id":17717,"href":"https:\/\/sunrisecounty.org\/es\/wp-json\/wp\/v2\/pages\/5249\/revisions\/17717"}],"up":[{"embeddable":true,"href":"https:\/\/sunrisecounty.org\/es\/wp-json\/wp\/v2\/pages\/4562"}],"wp:attachment":[{"href":"https:\/\/sunrisecounty.org\/es\/wp-json\/wp\/v2\/media?parent=5249"}],"curies":[{"name":"wp","href":"https:\/\/api.w.org\/{rel}","templated":true}]}}