{"id":5207,"date":"2018-05-29T14:00:36","date_gmt":"2018-05-29T18:00:36","guid":{"rendered":"http:\/\/sunrisecounty.org\/chamber-links\/"},"modified":"2018-06-25T10:39:51","modified_gmt":"2018-06-25T14:39:51","slug":"chamber-links","status":"publish","type":"page","link":"https:\/\/sunrisecounty.org\/es\/chamber-links\/","title":{"rendered":"Enlaces de Cam\u00e1ra"},"content":{"rendered":"<p>[et_pb_section bb_built=\u00bb1&#8243; fullwidth=\u00bbon\u00bb specialty=\u00bboff\u00bb _builder_version=\u00bb3.0.92&#8243; background_color=\u00bb#2f2f2f\u00bb global_module=\u00bb2960&#8243;][et_pb_fullwidth_menu global_parent=\u00bb2960&#8243; _builder_version=\u00bb3.0.93&#8243; menu_id=\u00bb10&#8243; submenu_direction=\u00bbdownwards\u00bb fullwidth_menu=\u00bboff\u00bb background_layout=\u00bbdark\u00bb menu_font=\u00bb|700||on|||||\u00bb text_orientation=\u00bbcenter\u00bb dropdown_menu_text_color=\u00bb#2f2f2f\u00bb \/][\/et_pb_section][et_pb_section bb_built=\u00bb1&#8243; fullwidth=\u00bbon\u00bb specialty=\u00bboff\u00bb _builder_version=\u00bb3.0.92&#8243;][et_pb_fullwidth_image admin_label=\u00bbFullwidth Banner Image\u00bb _builder_version=\u00bb3.0.93&#8243; show_in_lightbox=\u00bboff\u00bb url_new_window=\u00bboff\u00bb background_image=\u00bbhttp:\/\/sunrisecounty.org\/wp-content\/uploads\/2018\/01\/banner-bikemaine-sjb.jpg\u00bb background_position=\u00bbbottom_center\u00bb use_overlay=\u00bboff\u00bb custom_css_main_element=\u00bbheight: 300px;\u00bb \/][\/et_pb_section][et_pb_section bb_built=\u00bb1&#8243; admin_label=\u00bbAbout SCEC Title\u00bb fullwidth=\u00bboff\u00bb specialty=\u00bboff\u00bb _builder_version=\u00bb3.0.92&#8243; background_color=\u00bb#ffc20f\u00bb background_image=\u00bbhttp:\/\/sunrisecounty.org\/wp-content\/uploads\/2018\/01\/yellow-bg.jpg\u00bb background_position=\u00bbbottom_center\u00bb custom_css_main_element=\u00bbheight: 80px;\u00bb custom_margin=\u00bb0px|0px|0px|0px\u00bb custom_padding=\u00bb0px|0px|0px|0px\u00bb background_size=\u00bbinitial\u00bb background_repeat=\u00bbrepeat\u00bb global_module=\u00bb3329&#8243;][et_pb_row global_parent=\u00bb3329&#8243; _builder_version=\u00bb3.0.92&#8243;][et_pb_column type=\u00bb4_4&#8243;][et_pb_post_title global_parent=\u00bb3329&#8243; _builder_version=\u00bb3.0.92&#8243; title=\u00bbon\u00bb meta=\u00bboff\u00bb author=\u00bbon\u00bb date=\u00bbon\u00bb categories=\u00bbon\u00bb comments=\u00bbon\u00bb featured_image=\u00bboff\u00bb featured_placement=\u00bbbelow\u00bb text_color=\u00bblight\u00bb text_background=\u00bboff\u00bb text_orientation=\u00bbcenter\u00bb \/][\/et_pb_column][\/et_pb_row][\/et_pb_section][et_pb_section bb_built=\u00bb1&#8243;][et_pb_row][et_pb_column type=\u00bb4_4&#8243;][et_pb_text _builder_version=\u00bb3.0.93&#8243; background_layout=\u00bblight\u00bb]<\/p>\n<p>SCEC se enorgullece de ser miembro de las C\u00e1maras de Comercio del Condado de Washington. \u00a0Estas c\u00e1maras representan a empresas de todos los tama\u00f1os, incluyendo nuestras comunidades costeras e interiores, y est\u00e1n involucradas en una variedad de iniciativas de desarrollo econ\u00f3mico y comunitario a nivel local\/regional.<\/p>\n<p>Nosotros recomendamos vigorosamente \u00a0a todos los empresarios \u00a0del Condado de Washington a apoyar y unirse a la c\u00e1mara o asociaci\u00f3n local.<\/p>\n<p>[\/et_pb_text][\/et_pb_column][\/et_pb_row][et_pb_row][et_pb_column type=\u00bb1_3&#8243;][et_pb_toggle _builder_version=\u00bb3.0.93&#8243; title=\u00bbCobscook Bay Area Chamber of Commerce \u00bb open=\u00bboff\u00bb]<\/p>\n<p>PO Box 42<br \/>\nWhiting, Maine\u00a0 04691<br \/>\nPhone: 203-871-3714<br \/>\nWeb site:\u00a0<a href=\"http:\/\/www.cobscookbay.com\/\" target=\"_blank\" rel=\"noopener\">http:\/\/www.cobscookbay.com<\/a><br \/>\nemail: \u00a0<a href=\"mailto:cobscookchamber@yahoo.com\">cobscookchamber@yahoo.com<\/a><\/p>\n<p>[\/et_pb_toggle][et_pb_toggle _builder_version=\u00bb3.0.93&#8243; title=\u00bbMilbridge Area Merchants Association\u00bb open=\u00bboff\u00bb]<\/p>\n<p>PO Box 536<br \/>\nMilbridge, Maine\u00a0 04658<br \/>\nweb site:\u00a0<a href=\"http:\/\/www.milbridge.org\/\" target=\"_blank\" rel=\"noopener\">http:\/\/www.milbridge.org<\/a><\/p>\n<p>[\/et_pb_toggle][\/et_pb_column][et_pb_column type=\u00bb1_3&#8243;][et_pb_toggle _builder_version=\u00bb3.0.93&#8243; title=\u00bbEastport Area Chamber of Commerce\u00bb open=\u00bboff\u00bb]<\/p>\n<p>PO Box 254<br \/>\n64 Water Street<br \/>\nEastport, Maine\u00a0 04631<br \/>\nPhone: 207-853-4644<br \/>\nWeb site:\u00a0<a href=\"http:\/\/www.eastportchamber.net\/\" target=\"_blank\" rel=\"noopener\">http:\/\/www.eastportchamber.net<\/a><br \/>\nemail:\u00a0<a href=\"mailto:info@eastportchamber.net\">info@eastportchamber.net<\/a><\/p>\n<p>[\/et_pb_toggle][et_pb_toggle _builder_version=\u00bb3.0.93&#8243; title=\u00bbSt. Croix Valley Chamber of Commerce\u00bb open=\u00bboff\u00bb]<\/p>\n<p>39 Union Street<br \/>\nCalais, Maine\u00a0 04619<br \/>\nPhone: 207-454-2308<br \/>\nweb site:\u00a0<a href=\"http:\/\/www.visitstcroixvalley.com\/\" target=\"_blank\" rel=\"noopener\">http:\/\/www.visitstcroixvalley.com<\/a><br \/>\nemail:\u00a0<a href=\"mailto:visitstcroixvalley@myfairpoint.net\">visitstcroixvalley@myfairpoint.net<\/a><\/p>\n<p>[\/et_pb_toggle][\/et_pb_column][et_pb_column type=\u00bb1_3&#8243;][et_pb_toggle _builder_version=\u00bb3.0.93&#8243; title=\u00bbGrand Lake Stream Area Chamber of Commerce\u00bb open=\u00bboff\u00bb]<\/p>\n<p>PMB 124<br \/>\n3 Water Street<br \/>\nGrand Lake Stream, Maine\u00a0 04637<br \/>\nPhone: 207-796-2261<br \/>\nweb site:\u00a0<a href=\"http:\/\/www.grandlakestream.org\/\" target=\"_blank\" rel=\"noopener\">http:\/\/www.grandlakestream.org<\/a><br \/>\nemail:\u00a0<a href=\"mailto:info@grandlakestream.org\">info@grandlakestream.org<\/a><\/p>\n<p>[\/et_pb_toggle][et_pb_toggle _builder_version=\u00bb3.0.93&#8243; title=\u00bbMachias Bay Area Chamber of Commerce\u00bb open=\u00bboff\u00bb]<\/p>\n<p>PO Box 606<br \/>\n85 Main Street, Suite 2<br \/>\nMachias, Maine\u00a0 04654<br \/>\nPhone: 207-255-4402<br \/>\nweb site:\u00a0<a href=\"http:\/\/www.machiaschamber.org\/\" target=\"_blank\" rel=\"noopener\">http:\/\/www.machiaschamber.org<\/a><br \/>\nemail:\u00a0<a href=\"mailto:info@machiaschamber.org\">info@machiaschamber.org<\/a><\/p>\n<p>[\/et_pb_toggle][\/et_pb_column][\/et_pb_row][\/et_pb_section]<\/p>\n","protected":false},"excerpt":{"rendered":"<p><div class=\"et_pb_row et_pb_row_0 et_pb_row_empty\">\n\t\t\t\t\n\t\t\t\t\n\t\t\t\t\n\t\t\t\t\n\t\t\t\t\n\t\t\t<\/div> SCEC se enorgullece de ser miembro de las C\u00e1maras de Comercio del Condado de Washington. \u00a0Estas c\u00e1maras representan a empresas de todos los tama\u00f1os, incluyendo nuestras comunidades costeras e [&hellip;]<\/p>\n","protected":false},"author":10,"featured_media":0,"parent":0,"menu_order":4,"comment_status":"closed","ping_status":"closed","template":"","meta":{"_et_pb_use_builder":"on","_et_pb_old_content":"<p>SCEC is proud to be a member of Washington County\u2019s chambers of commerce. These chambers represent businesses of all sizes including our coastal and inland communities and are involved in a range of economic and community development initiatives at the local\/regional level.<\/p><p>We strongly encourage all Washington County businesspeople to support and join their local chamber or association.<\/p><p><strong><em><img class=\"alignright size-full wp-image-113\" title=\"cobscook-bay-chamber\" src=\"http:\/\/sunrisecounty.org\/wp-content\/uploads\/2012\/08\/cobscook-bay-chamber.jpg\" alt=\"Cobscook Bay Chamber of Commerce\" width=\"186\" height=\"86\" \/>Cobscook Bay Area Chamber of Commerce <\/em><\/strong><br \/> PO Box 42<br \/> Whiting, Maine\u00a0 04691<br \/> Phone: 203-871-3714<br \/> Web site: <a href=\"http:\/\/www.cobscookbay.com\" target=\"_blank\" rel=\"noopener\">http:\/\/www.cobscookbay.com<\/a><br \/> email: \u00a0<a href=\"mailto:cobscookchamber@yahoo.com\">cobscookchamber@yahoo.com<\/a><\/p><p><em><strong><img class=\"alignright size-full wp-image-114\" title=\"eastport-chamber\" src=\"http:\/\/sunrisecounty.org\/wp-content\/uploads\/2012\/08\/eastport-chamber.jpg\" alt=\"Eastport Area Chamber of Commerce\" width=\"250\" height=\"42\" \/>Eastport Area Chamber of Commerce<\/strong><\/em><br \/> PO Box 254<br \/> 64 Water Street<br \/> Eastport, Maine\u00a0 04631<br \/> Phone: 207-853-4644<br \/> Web site: <a href=\"http:\/\/www.eastportchamber.net\" target=\"_blank\" rel=\"noopener\">http:\/\/www.eastportchamber.net<\/a><br \/> email: <a href=\"mailto:info@eastportchamber.net\">info@eastportchamber.net<\/a><\/p><p><em><strong><img class=\"alignright size-full wp-image-116\" title=\"Grand Lake Stream Chamber of Commerce\" src=\"http:\/\/sunrisecounty.org\/wp-content\/uploads\/2012\/08\/grandlakestream.jpg\" alt=\"Grand Lake Stream Chamber of Commerce\" width=\"250\" height=\"43\" \/>Grand Lake Stream Area Chamber of Commerce<\/strong><\/em><br \/> PMB 124<br \/> 3 Water Street<br \/> Grand Lake Stream, Maine\u00a0 04637<br \/> Phone: 207-796-2261<br \/> web site: <a href=\"http:\/\/www.grandlakestream.org\" target=\"_blank\" rel=\"noopener\">http:\/\/www.grandlakestream.org<\/a><br \/> email: <a href=\"mailto:info@grandlakestream.org\">info@grandlakestream.org<\/a><\/p><p><em><strong><img class=\"alignright size-full wp-image-115\" title=\"machias-bay-chamber\" src=\"http:\/\/sunrisecounty.org\/wp-content\/uploads\/2012\/08\/machias-bay-chamber.gif\" alt=\"Machias Bay Area Chamber of Commerce\" width=\"122\" height=\"90\" \/>Machias Bay Area Chamber of Commerce<\/strong><\/em><br \/> PO Box 606<br \/> 85 Main Street, Suite 2<br \/> Machias, Maine\u00a0 04654<br \/> Phone: 207-255-4402<br \/> web site: <a href=\"http:\/\/www.machiaschamber.org\" target=\"_blank\" rel=\"noopener\">http:\/\/www.machiaschamber.org<\/a><br \/> email: <a href=\"mailto:info@machiaschamber.org\">info@machiaschamber.org<\/a><\/p><p><em><strong><img class=\"alignright size-full wp-image-117\" title=\"Milbridge Area Merchants Association\" src=\"http:\/\/sunrisecounty.org\/wp-content\/uploads\/2012\/08\/mama.jpg\" alt=\"Milbridge Area Merchants Association\" width=\"250\" height=\"87\" \/>Milbridge Area Merchants Association<\/strong><\/em><br \/> PO Box 536<br \/> Milbridge, Maine\u00a0 04658<br \/> web site: <a href=\"http:\/\/www.milbridge.org\" target=\"_blank\" rel=\"noopener\">http:\/\/www.milbridge.org<\/a><\/p><p><em><strong><img class=\"alignright size-full wp-image-118\" title=\"St. Croix Valley Chamber of Commerce\" src=\"http:\/\/sunrisecounty.org\/wp-content\/uploads\/2012\/08\/st-croix-chamber.jpg\" alt=\"St. Croix Valley Chamber of Commerce\" width=\"142\" height=\"181\" \/>St. Croix Valley Chamber of Commerce<\/strong><\/em><br \/> 39 Union Street<br \/> Calais, Maine\u00a0 04619<br \/> Phone: 207-454-2308<br \/> web site: <a href=\"http:\/\/www.visitstcroixvalley.com\" target=\"_blank\" rel=\"noopener\">http:\/\/www.visitstcroixvalley.com<\/a><br \/> email: <a href=\"mailto:visitstcroixvalley@myfairpoint.net\">visitstcroixvalley@myfairpoint.net<\/a><\/p>","_et_gb_content_width":"","footnotes":""},"class_list":["post-5207","page","type-page","status-publish","hentry"],"_links":{"self":[{"href":"https:\/\/sunrisecounty.org\/es\/wp-json\/wp\/v2\/pages\/5207","targetHints":{"allow":["GET"]}}],"collection":[{"href":"https:\/\/sunrisecounty.org\/es\/wp-json\/wp\/v2\/pages"}],"about":[{"href":"https:\/\/sunrisecounty.org\/es\/wp-json\/wp\/v2\/types\/page"}],"author":[{"embeddable":true,"href":"https:\/\/sunrisecounty.org\/es\/wp-json\/wp\/v2\/users\/10"}],"replies":[{"embeddable":true,"href":"https:\/\/sunrisecounty.org\/es\/wp-json\/wp\/v2\/comments?post=5207"}],"version-history":[{"count":0,"href":"https:\/\/sunrisecounty.org\/es\/wp-json\/wp\/v2\/pages\/5207\/revisions"}],"wp:attachment":[{"href":"https:\/\/sunrisecounty.org\/es\/wp-json\/wp\/v2\/media?parent=5207"}],"curies":[{"name":"wp","href":"https:\/\/api.w.org\/{rel}","templated":true}]}}