{"id":4753,"date":"2018-05-05T09:26:19","date_gmt":"2018-05-05T13:26:19","guid":{"rendered":"http:\/\/sunrisecounty.org\/asociacion-de-pesquerias-downeast\/"},"modified":"2018-05-13T08:33:24","modified_gmt":"2018-05-13T12:33:24","slug":"asociacion-de-pesquerias-downeast","status":"publish","type":"page","link":"https:\/\/sunrisecounty.org\/es\/asociacion-de-pesquerias-downeast\/","title":{"rendered":"Asociaci\u00f3n de Pesquer\u00edas Downeast"},"content":{"rendered":"<p>[et_pb_section bb_built=\u00bb1&#8243; fullwidth=\u00bbon\u00bb specialty=\u00bboff\u00bb _builder_version=\u00bb3.0.92&#8243; background_color=\u00bb#2f2f2f\u00bb next_background_color=\u00bb#ffffff\u00bb global_module=\u00bb2960&#8243;][et_pb_fullwidth_menu global_parent=\u00bb2960&#8243; _builder_version=\u00bb3.0.93&#8243; menu_id=\u00bb10&#8243; submenu_direction=\u00bbdownwards\u00bb fullwidth_menu=\u00bboff\u00bb background_layout=\u00bbdark\u00bb menu_font=\u00bb|700||on|||||\u00bb text_orientation=\u00bbcenter\u00bb dropdown_menu_text_color=\u00bb#2f2f2f\u00bb \/][\/et_pb_section][et_pb_section bb_built=\u00bb1&#8243; fullwidth=\u00bbon\u00bb specialty=\u00bboff\u00bb _builder_version=\u00bb3.0.92&#8243; prev_background_color=\u00bb#2f2f2f\u00bb next_background_color=\u00bb#ffc20f\u00bb][et_pb_fullwidth_image admin_label=\u00bbFullwidth Banner Image\u00bb _builder_version=\u00bb3.0.105&#8243; show_in_lightbox=\u00bboff\u00bb url_new_window=\u00bboff\u00bb background_image=\u00bbhttp:\/\/sunrisecounty.org\/wp-content\/uploads\/2018\/02\/21.jpg\u00bb background_position=\u00bbtop_center\u00bb use_overlay=\u00bboff\u00bb custom_css_main_element=\u00bbheight: 300px;\u00bb filter_brightness=\u00bb113%\u00bb \/][\/et_pb_section][et_pb_section bb_built=\u00bb1&#8243; admin_label=\u00bbAbout SCEC Title\u00bb fullwidth=\u00bboff\u00bb specialty=\u00bboff\u00bb _builder_version=\u00bb3.0.92&#8243; background_color=\u00bb#ffc20f\u00bb background_image=\u00bbhttp:\/\/sunrisecounty.org\/wp-content\/uploads\/2018\/01\/yellow-bg.jpg\u00bb background_position=\u00bbbottom_center\u00bb custom_css_main_element=\u00bbheight: 80px;\u00bb custom_margin=\u00bb0px|0px|0px|0px\u00bb custom_padding=\u00bb0px|0px|0px|0px\u00bb background_size=\u00bbinitial\u00bb background_repeat=\u00bbrepeat\u00bb prev_background_color=\u00bb#ffffff\u00bb next_background_color=\u00bb#ffffff\u00bb global_module=\u00bb3329&#8243;][et_pb_row global_parent=\u00bb3329&#8243; _builder_version=\u00bb3.0.92&#8243;][et_pb_column type=\u00bb4_4&#8243;][et_pb_post_title global_parent=\u00bb3329&#8243; _builder_version=\u00bb3.0.105&#8243; title=\u00bbon\u00bb meta=\u00bboff\u00bb author=\u00bbon\u00bb date=\u00bbon\u00bb categories=\u00bbon\u00bb comments=\u00bbon\u00bb featured_image=\u00bboff\u00bb featured_placement=\u00bbbelow\u00bb text_color=\u00bblight\u00bb text_background=\u00bboff\u00bb text_orientation=\u00bbcenter\u00bb \/][\/et_pb_column][\/et_pb_row][\/et_pb_section][et_pb_section bb_built=\u00bb1&#8243; fullwidth=\u00bboff\u00bb specialty=\u00bboff\u00bb prev_background_color=\u00bb#ffc20f\u00bb next_background_color=\u00bb#eeece5&#8243;][et_pb_row][et_pb_column type=\u00bb2_3&#8243;][et_pb_text _builder_version=\u00bb3.0.93&#8243; background_layout=\u00bblight\u00bb text_line_height=\u00bb3em\u00bb text_font_size=\u00bb25px\u00bb]<\/p>\n<h1>Restauraci\u00f3n de las Pesquer\u00edas Marina y Fluviales del Este de Maine para Mantener a las \u00a0Comunidades Pr\u00f3spera, para siempre.<\/h1>\n<p>[\/et_pb_text][et_pb_text _builder_version=\u00bb3.0.93&#8243; background_layout=\u00bblight\u00bb]<\/p>\n<p>La Asociaci\u00f3n de Pesquer\u00edas Downeast es un esfuerzo sin precedentes para restaurar uno de los ecosistemas m\u00e1s grandes el mundo mediante la conexi\u00f3n de los r\u00edos del este de Maine a sus aguas costeras. Creemos que los humanos deber\u00edan ser capaces de gestionar de forma sostenible un ecosistema a largo plazo. Al trabajar juntos, esperamos lograr nuestra visi\u00f3n de la pesca para siempre.<\/p>\n<p>[\/et_pb_text][\/et_pb_column][et_pb_column type=\u00bb1_3&#8243;][et_pb_gallery _builder_version=\u00bb3.0.93&#8243; posts_number=\u00bb7&#8243; show_title_and_caption=\u00bboff\u00bb show_pagination=\u00bboff\u00bb gallery_ids=\u00bb3954,3955,3956,3957,3958,3959,3960&#8243; fullwidth=\u00bbon\u00bb db_image_max_width_tablet=\u00bb51&#8243; db_image_max_height_tablet=\u00bb501&#8243; db_image_row_spacing_tablet=\u00bb51&#8243; db_image_object_fit=\u00bbcontain\u00bb orientation=\u00bblandscape\u00bb zoom_icon_color=\u00bb#176535&#8243; hover_overlay_color=\u00bbrgba(255,255,255,0.9)\u00bb background_layout=\u00bblight\u00bb db_image_center_titles=\u00bbleft\u00bb pagination_font_size_tablet=\u00bb51&#8243; pagination_line_height_tablet=\u00bb2&#8243; auto=\u00bbon\u00bb auto_speed=\u00bb2000&#8243; custom_padding=\u00bb||0px|\u00bb custom_margin=\u00bb||0px|\u00bb border_radii=\u00bb|0px|0px|0px|0px\u00bb db_image_max_width=\u00bb0&#8243; module_alignment=\u00bbcenter\u00bb \/][\/et_pb_column][\/et_pb_row][\/et_pb_section][et_pb_section bb_built=\u00bb1&#8243; fullwidth=\u00bboff\u00bb specialty=\u00bboff\u00bb _builder_version=\u00bb3.0.93&#8243; background_color=\u00bb#eeece5&#8243; prev_background_color=\u00bb#ffffff\u00bb next_background_color=\u00bb#ffffff\u00bb][et_pb_row][et_pb_column type=\u00bb4_4&#8243;][et_pb_text _builder_version=\u00bb3.0.93&#8243; background_layout=\u00bblight\u00bb]<\/p>\n<h1 style=\"text-align: center;\">Nuestras 4 \u00c1reas Principales de Trabajo:<\/h1>\n<p>[\/et_pb_text][\/et_pb_column][\/et_pb_row][et_pb_row][et_pb_column type=\u00bb1_4&#8243;][et_pb_text _builder_version=\u00bb3.0.93&#8243; background_layout=\u00bblight\u00bb]<\/p>\n<p style=\"text-align: center;\"><strong>Restauraci\u00f3n de las Pesquer\u00edas Operadas por el Mar<\/strong><\/p>\n<p style=\"text-align: center;\"><span style=\"font-weight: 400;\">Nuestros esfuerzos para restaurar el arranque del r\u00edo y otros peces de mar se adaptan a las caracter\u00edsticas ecol\u00f3gicas y al potencial de restauraci\u00f3n de las cuencas hidrogr\u00e1ficas individuales. Las acciones incluyen la eliminaci\u00f3n de represas, el reemplazo de alcantarillas, la reconstrucci\u00f3n del h\u00e1bitat de agua dulce y el uso de t\u00e9cnicas de vanguardia para restaurar el Salm\u00f3n del Atl\u00e1ntico en peligro de extinci\u00f3n.\u00a0<\/span><\/p>\n<p>[\/et_pb_text][\/et_pb_column][et_pb_column type=\u00bb1_4&#8243;][et_pb_text _builder_version=\u00bb3.0.93&#8243; background_layout=\u00bblight\u00bb]<\/p>\n<p style=\"text-align: center;\"><strong>Promover la gesti\u00f3n pesquera basada en los ecosistemas\u00a0<\/strong><\/p>\n<p>Somos pioneros en un nuevo enfoque de gesti\u00f3n pesquera donde los pescadores y los administradores gubernamentales comparten la responsabilidad de mantener una cosecha diversa. Incorporar el conocimiento de los pescadores sobre condiciones ecol\u00f3gicas locales y los incentivos para la administraci\u00f3n permitir\u00e1 la adaptaci\u00f3n a los impactos clim\u00e1ticos.<\/p>\n<p>&nbsp;<br \/>\n[\/et_pb_text][\/et_pb_column][et_pb_column type=\u00bb1_4&#8243;][et_pb_text _builder_version=\u00bb3.0.93&#8243; background_layout=\u00bblight\u00bb]<\/p>\n<p style=\"text-align: center;\"><strong>Preparaci\u00f3n de la Pr\u00f3xima Generaci\u00f3n de Administradores de Pesquer\u00eda<\/strong><\/p>\n<p style=\"text-align: center;\">A trav\u00e9s de la programaci\u00f3n educativa K-12 relacionada con la pesca, estamos reconectando a los estudiantes con los ecosistemas marinos y de agua dulce locales y con la pesca como una forma de vida. Reconstruir \u00a0la identidad del este de Maine como una cultura de pesca a trav\u00e9s del aprendizaje experimental y la capacitaci\u00f3n en liderazgo es la clave para el futuro sostenible.<\/p>\n<p>[\/et_pb_text][\/et_pb_column][et_pb_column type=\u00bb1_4&#8243;][et_pb_text _builder_version=\u00bb3.0.93&#8243; background_layout=\u00bblight\u00bb]<\/p>\n<p style=\"text-align: center;\"><strong>Captando los Beneficios de las Pescas\u00a0Para las Comunidades locales<\/strong><\/p>\n<p style=\"text-align: center;\">Las cosechas locales requieren servicios de embarcaciones, m\u00e1quinas de hielo, procesamiento de pescado y transporte a los mercados. Estamos identificando oportunidades para crear estas conexiones entre los recolectores y los mercados regionales, al tiempo que ampliamos las opciones para que las comunidades disfruten los productos pesqueros capturados localmente.<\/p>\n<p>[\/et_pb_text][\/et_pb_column][\/et_pb_row][\/et_pb_section][et_pb_section bb_built=\u00bb1&#8243; fullwidth=\u00bboff\u00bb specialty=\u00bboff\u00bb _builder_version=\u00bb3.0.93&#8243; prev_background_color=\u00bb#eeece5&#8243; next_background_color=\u00bb#eeece5&#8243;][et_pb_row][et_pb_column type=\u00bb4_4&#8243;][et_pb_text _builder_version=\u00bb3.0.93&#8243; background_layout=\u00bblight\u00bb]<\/p>\n<h1 style=\"text-align: center;\">Nuestros Compa\u00f1eros<\/h1>\n<p>[\/et_pb_text][\/et_pb_column][\/et_pb_row][et_pb_row][et_pb_column type=\u00bb1_4&#8243;][et_pb_image _builder_version=\u00bb3.0.93&#8243; src=\u00bbhttp:\/\/sunrisecounty.org\/wp-content\/uploads\/2018\/01\/7-1.png\u00bb show_in_lightbox=\u00bboff\u00bb url_new_window=\u00bboff\u00bb use_overlay=\u00bboff\u00bb always_center_on_mobile=\u00bbon\u00bb force_fullwidth=\u00bboff\u00bb show_bottom_space=\u00bbon\u00bb \/][\/et_pb_column][et_pb_column type=\u00bb1_4&#8243;][et_pb_image _builder_version=\u00bb3.0.93&#8243; src=\u00bbhttp:\/\/sunrisecounty.org\/wp-content\/uploads\/2018\/01\/6-1.png\u00bb show_in_lightbox=\u00bboff\u00bb url_new_window=\u00bboff\u00bb use_overlay=\u00bboff\u00bb always_center_on_mobile=\u00bbon\u00bb force_fullwidth=\u00bboff\u00bb show_bottom_space=\u00bbon\u00bb \/][\/et_pb_column][et_pb_column type=\u00bb1_4&#8243;][et_pb_image _builder_version=\u00bb3.0.93&#8243; src=\u00bbhttp:\/\/sunrisecounty.org\/wp-content\/uploads\/2018\/01\/5-1.png\u00bb show_in_lightbox=\u00bboff\u00bb url_new_window=\u00bboff\u00bb use_overlay=\u00bboff\u00bb always_center_on_mobile=\u00bbon\u00bb force_fullwidth=\u00bboff\u00bb show_bottom_space=\u00bbon\u00bb \/][\/et_pb_column][et_pb_column type=\u00bb1_4&#8243;][et_pb_image _builder_version=\u00bb3.0.93&#8243; src=\u00bbhttp:\/\/sunrisecounty.org\/wp-content\/uploads\/2018\/01\/4-2.png\u00bb show_in_lightbox=\u00bboff\u00bb url_new_window=\u00bboff\u00bb use_overlay=\u00bboff\u00bb always_center_on_mobile=\u00bbon\u00bb force_fullwidth=\u00bboff\u00bb show_bottom_space=\u00bbon\u00bb \/][\/et_pb_column][\/et_pb_row][et_pb_row][et_pb_column type=\u00bb1_4&#8243;][et_pb_image _builder_version=\u00bb3.0.93&#8243; src=\u00bbhttp:\/\/sunrisecounty.org\/wp-content\/uploads\/2018\/01\/8.png\u00bb show_in_lightbox=\u00bboff\u00bb url_new_window=\u00bboff\u00bb use_overlay=\u00bboff\u00bb always_center_on_mobile=\u00bbon\u00bb force_fullwidth=\u00bboff\u00bb show_bottom_space=\u00bbon\u00bb \/][\/et_pb_column][et_pb_column type=\u00bb1_4&#8243;][et_pb_image _builder_version=\u00bb3.0.93&#8243; src=\u00bbhttp:\/\/sunrisecounty.org\/wp-content\/uploads\/2018\/01\/3-2.png\u00bb show_in_lightbox=\u00bboff\u00bb url_new_window=\u00bboff\u00bb use_overlay=\u00bboff\u00bb always_center_on_mobile=\u00bbon\u00bb force_fullwidth=\u00bboff\u00bb show_bottom_space=\u00bbon\u00bb \/][\/et_pb_column][et_pb_column type=\u00bb1_4&#8243;][et_pb_image _builder_version=\u00bb3.0.93&#8243; src=\u00bbhttp:\/\/sunrisecounty.org\/wp-content\/uploads\/2018\/01\/2-2.png\u00bb show_in_lightbox=\u00bboff\u00bb url_new_window=\u00bboff\u00bb use_overlay=\u00bboff\u00bb always_center_on_mobile=\u00bbon\u00bb force_fullwidth=\u00bboff\u00bb show_bottom_space=\u00bbon\u00bb \/][\/et_pb_column][et_pb_column type=\u00bb1_4&#8243;][et_pb_image _builder_version=\u00bb3.0.93&#8243; src=\u00bbhttp:\/\/sunrisecounty.org\/wp-content\/uploads\/2018\/01\/1-2.png\u00bb show_in_lightbox=\u00bboff\u00bb url_new_window=\u00bboff\u00bb use_overlay=\u00bboff\u00bb always_center_on_mobile=\u00bbon\u00bb force_fullwidth=\u00bboff\u00bb show_bottom_space=\u00bbon\u00bb \/][\/et_pb_column][\/et_pb_row][\/et_pb_section][et_pb_section bb_built=\u00bb1&#8243; fullwidth=\u00bboff\u00bb specialty=\u00bboff\u00bb _builder_version=\u00bb3.0.93&#8243; background_color=\u00bb#eeece5&#8243; prev_background_color=\u00bb#ffffff\u00bb][et_pb_row][et_pb_column type=\u00bb4_4&#8243;][et_pb_button _builder_version=\u00bb3.0.93&#8243; button_text=\u00bbVisite  la P\u00e1gina Web DFP \u00bb button_url=\u00bbhttp:\/\/downeastfisheries.org\/\u00bb url_new_window=\u00bbon\u00bb button_alignment=\u00bbcenter\u00bb background_layout=\u00bbdark\u00bb custom_button=\u00bboff\u00bb button_icon_placement=\u00bbright\u00bb \/][\/et_pb_column][\/et_pb_row][\/et_pb_section]<\/p>\n","protected":false},"excerpt":{"rendered":"<p><div class=\"et_pb_row et_pb_row_0 et_pb_row_empty\">\n\t\t\t\t\n\t\t\t\t\n\t\t\t\t\n\t\t\t\t\n\t\t\t\t\n\t\t\t<\/div> Restauraci\u00f3n de las Pesquer\u00edas Marina y Fluviales del Este de Maine para Mantener a las \u00a0Comunidades Pr\u00f3spera, para siempre. La Asociaci\u00f3n de Pesquer\u00edas Downeast es un esfuerzo sin precedentes [&hellip;]<\/p>\n","protected":false},"author":5,"featured_media":0,"parent":5336,"menu_order":3,"comment_status":"closed","ping_status":"closed","template":"","meta":{"_et_pb_use_builder":"on","_et_pb_old_content":"<p>Sunrise County Economic Council, in partnership with <a href=\"http:\/\/www.coastalfisheries.org\/\">Maine Center for Coastal Fisheries<\/a>, <a href=\"https:\/\/www.manomet.org\/\">Manomet<\/a>, <a href=\"https:\/\/www.coa.edu\/\">The College of the Atlantic, <\/a>the <a href=\"https:\/\/mainesalmonrivers.org\/\">Downeast Salmon Federation<\/a>, the <a href=\"http:\/\/www.downeastinstitute.org\/\">Downeast Institute for Applied Marine Research & Education<\/a>, <a href=\"https:\/\/www.mainefarmlandtrust.org\/\">Maine Farmland Trust<\/a>, <a href=\"http:\/\/www.wccog.net\/\">Washington County Council of Governments <\/a>and the <a href=\"http:\/\/www.mcht.org\">Maine Coast Heritage Trust<\/a> have come together to restore the connection between our marine and freshwater ecosystems.\u00a0 With the goal of sustaining fishing communities in the Downeast forever, the Downeast Fisheries Partnership (DFP) is rebuilding fisheries and the communities which rely on them through a coordinated effort of nonprofits, businesses and government.\u00a0 Recognizing the ecological interdependence of coastal waters, estuaries, rivers, and watersheds, the DFP helps to generate long term, responsible and effective local\u00a0 fisheries management.<\/p>[caption id=\"attachment_380\" align=\"alignright\" width=\"238\"]<a href=\"http:\/\/sunrisecounty.org\/wp-content\/uploads\/2012\/08\/boat-reflection.jpg\"><img class=\" wp-image-380\" src=\"http:\/\/sunrisecounty.org\/wp-content\/uploads\/2012\/08\/boat-reflection-231x350.jpg\" alt=\"Photo by Don Dunbar\" width=\"238\" height=\"360\" \/><\/a> Photo by Don Dunbar[\/caption]<p>The goals of the <a title=\"Downeast Fisheries Partnership\" href=\"http:\/\/downeastfisheries.org\/\">Downeast Fisheries Partnership<\/a> are to:<\/p><ul><li>Encourage and support habitat restoration projects, such as dam removal on rivers and streams that will allow sea run fish populations to rebound.<\/li><li>Diversify the fishing economy beyond its dependence on lobster by better controlling when and where fishing occurs, so juvenile fish have an opportunity to grow and reproduce.<\/li><li>Create stewardship and management programs in which fishermen are active partners.<\/li><li>Develop new, profitable markets for fisheries products that are flexible and can respond to changes in the ecosystem.<\/li><li>Document the outcomes and lessons learned so that the methods can be expanded to other regions.<\/li><\/ul>","_et_gb_content_width":"","footnotes":""},"class_list":["post-4753","page","type-page","status-publish","hentry"],"_links":{"self":[{"href":"https:\/\/sunrisecounty.org\/es\/wp-json\/wp\/v2\/pages\/4753","targetHints":{"allow":["GET"]}}],"collection":[{"href":"https:\/\/sunrisecounty.org\/es\/wp-json\/wp\/v2\/pages"}],"about":[{"href":"https:\/\/sunrisecounty.org\/es\/wp-json\/wp\/v2\/types\/page"}],"author":[{"embeddable":true,"href":"https:\/\/sunrisecounty.org\/es\/wp-json\/wp\/v2\/users\/5"}],"replies":[{"embeddable":true,"href":"https:\/\/sunrisecounty.org\/es\/wp-json\/wp\/v2\/comments?post=4753"}],"version-history":[{"count":0,"href":"https:\/\/sunrisecounty.org\/es\/wp-json\/wp\/v2\/pages\/4753\/revisions"}],"up":[{"embeddable":true,"href":"https:\/\/sunrisecounty.org\/es\/wp-json\/"}],"wp:attachment":[{"href":"https:\/\/sunrisecounty.org\/es\/wp-json\/wp\/v2\/media?parent=4753"}],"curies":[{"name":"wp","href":"https:\/\/api.w.org\/{rel}","templated":true}]}}