{"id":4720,"date":"2018-05-02T21:14:34","date_gmt":"2018-05-03T01:14:34","guid":{"rendered":"http:\/\/sunrisecounty.org\/family-futures-downeast\/"},"modified":"2018-05-13T07:59:14","modified_gmt":"2018-05-13T11:59:14","slug":"family-futures-downeast","status":"publish","type":"page","link":"https:\/\/sunrisecounty.org\/es\/family-futures-downeast\/","title":{"rendered":"Family Futures Downeast"},"content":{"rendered":"<p>[et_pb_section bb_built=\u00bb1&#8243; fullwidth=\u00bbon\u00bb specialty=\u00bboff\u00bb _builder_version=\u00bb3.0.92&#8243; background_color=\u00bb#2f2f2f\u00bb next_background_color=\u00bb#ffffff\u00bb global_module=\u00bb2960&#8243;][et_pb_fullwidth_menu global_parent=\u00bb2960&#8243; _builder_version=\u00bb3.0.93&#8243; menu_id=\u00bb10&#8243; submenu_direction=\u00bbdownwards\u00bb fullwidth_menu=\u00bboff\u00bb background_layout=\u00bbdark\u00bb menu_font=\u00bb|700||on|||||\u00bb text_orientation=\u00bbcenter\u00bb dropdown_menu_text_color=\u00bb#2f2f2f\u00bb \/][\/et_pb_section][et_pb_section bb_built=\u00bb1&#8243; fullwidth=\u00bbon\u00bb specialty=\u00bboff\u00bb _builder_version=\u00bb3.0.92&#8243; prev_background_color=\u00bb#2f2f2f\u00bb next_background_color=\u00bb#ffc20f\u00bb][et_pb_fullwidth_image admin_label=\u00bbFullwidth Banner Image\u00bb _builder_version=\u00bb3.0.105&#8243; show_in_lightbox=\u00bboff\u00bb url_new_window=\u00bboff\u00bb background_image=\u00bbhttp:\/\/sunrisecounty.org\/wp-content\/uploads\/2018\/02\/15.jpg\u00bb background_position=\u00bbtop_center\u00bb use_overlay=\u00bboff\u00bb custom_css_main_element=\u00bbheight: 300px;\u00bb \/][\/et_pb_section][et_pb_section bb_built=\u00bb1&#8243; admin_label=\u00bbAbout SCEC Title\u00bb fullwidth=\u00bboff\u00bb specialty=\u00bboff\u00bb _builder_version=\u00bb3.0.92&#8243; background_color=\u00bb#ffc20f\u00bb background_image=\u00bbhttp:\/\/sunrisecounty.org\/wp-content\/uploads\/2018\/01\/yellow-bg.jpg\u00bb background_position=\u00bbbottom_center\u00bb custom_css_main_element=\u00bbheight: 80px;\u00bb custom_margin=\u00bb0px|0px|0px|0px\u00bb custom_padding=\u00bb0px|0px|0px|0px\u00bb background_size=\u00bbinitial\u00bb background_repeat=\u00bbrepeat\u00bb prev_background_color=\u00bb#ffffff\u00bb next_background_color=\u00bb#ffffff\u00bb global_module=\u00bb3329&#8243;][et_pb_row global_parent=\u00bb3329&#8243; _builder_version=\u00bb3.0.92&#8243;][et_pb_column type=\u00bb4_4&#8243;][et_pb_post_title global_parent=\u00bb3329&#8243; _builder_version=\u00bb3.0.105&#8243; title=\u00bbon\u00bb meta=\u00bboff\u00bb author=\u00bbon\u00bb date=\u00bbon\u00bb categories=\u00bbon\u00bb comments=\u00bbon\u00bb featured_image=\u00bboff\u00bb featured_placement=\u00bbbelow\u00bb text_color=\u00bblight\u00bb text_background=\u00bboff\u00bb text_orientation=\u00bbcenter\u00bb \/][\/et_pb_column][\/et_pb_row][\/et_pb_section][et_pb_section bb_built=\u00bb1&#8243; fullwidth=\u00bboff\u00bb specialty=\u00bboff\u00bb prev_background_color=\u00bb#ffc20f\u00bb next_background_color=\u00bb#eeece5&#8243;][et_pb_row][et_pb_column type=\u00bb2_3&#8243;][et_pb_text _builder_version=\u00bb3.0.93&#8243; background_layout=\u00bblight\u00bb]<\/p>\n<h1>Proporcionando una Educaci\u00f3n de Calidad<\/h1>\n<p>[\/et_pb_text][et_pb_text _builder_version=\u00bb3.0.105&#8243; background_layout=\u00bblight\u00bb]<\/p>\n<p>Las familias que se vuelven parte de Family Futures Downeast tienen las oportunidad de participar en un entorno de aprendizaje generacional positivo y de apoyo. En el transcurso del primer a\u00f1o, los padres se matriculan a tiempo parcial en clases universitarias especialmente dise\u00f1adas que se llevar\u00e1n a cabo por las tardes mientras sus hijos reciba instrucci\u00f3n apropiada para su edad, todo sin costo.<\/p>\n<p>[\/et_pb_text][et_pb_text _builder_version=\u00bb3.0.93&#8243; background_layout=\u00bblight\u00bb]<\/p>\n<h1>Fortaleciendo a Padres e Hijos.<\/h1>\n<p>[\/et_pb_text][et_pb_text _builder_version=\u00bb3.0.105&#8243; background_layout=\u00bblight\u00bb]<\/p>\n<p>Vivir en la pobreza puede transmitirse de una generaci\u00f3n a otra. Para detener el ciclo, Family Futures Downeast cree que los ni\u00f1os deben estar a salvo y protegidos, recibiendo educaci\u00f3n temprana de alta calidad al mismo tiempo que sus padres est\u00e1n cambiando los resultados econ\u00f3micos a trav\u00e9s de la educaci\u00f3n post secundaria y carreras profesionales.<\/p>\n<p>[\/et_pb_text][et_pb_text _builder_version=\u00bb3.0.93&#8243; background_layout=\u00bblight\u00bb]<\/p>\n<h1>Restaurando la Esperanza<\/h1>\n<p>[\/et_pb_text][et_pb_text _builder_version=\u00bb3.0.105&#8243; background_layout=\u00bblight\u00bb]<\/p>\n<p>Cuando las familias experimentan pobreza, corren el riesgo de perder la esperanza. Nuestro objetivo es ayudar a las familiar del Condado de Washington proporcionando una red de apoyo para garantizar que no haya barreras entre una familia y un futuro mejor.<\/p>\n<p>[\/et_pb_text][\/et_pb_column][et_pb_column type=\u00bb1_3&#8243;][et_pb_number_counter _builder_version=\u00bb3.0.93&#8243; title=\u00bbPadres e Hijos participando en el Programa\u00bb number=\u00bb135&#8243; percent_sign=\u00bboff\u00bb background_layout=\u00bblight\u00bb number_text_color=\u00bb#176535&#8243; \/][et_pb_circle_counter _builder_version=\u00bb3.0.93&#8243; title=\u00bbParticipantes en busca de educaci\u00f3n superior\u00bb number=\u00bb85&#8243; percent_sign=\u00bbon\u00bb background_layout=\u00bblight\u00bb \/][\/et_pb_column][\/et_pb_row][\/et_pb_section][et_pb_section bb_built=\u00bb1&#8243; fullwidth=\u00bboff\u00bb specialty=\u00bboff\u00bb _builder_version=\u00bb3.0.93&#8243; background_color=\u00bb#eeece5&#8243; prev_background_color=\u00bb#ffffff\u00bb next_background_color=\u00bb#ffffff\u00bb][et_pb_row][et_pb_column type=\u00bb4_4&#8243;][et_pb_text _builder_version=\u00bb3.0.93&#8243; background_layout=\u00bblight\u00bb]<\/p>\n<h1 style=\"text-align: center;\">Conoce al Equipo<\/h1>\n<p>[\/et_pb_text][\/et_pb_column][\/et_pb_row][et_pb_row][et_pb_column type=\u00bb1_4&#8243;][et_pb_team_member _builder_version=\u00bb3.0.93&#8243; name=\u00bbMarsha Sloan\u00bb position=\u00bbDirector Family Futures Downeast \u00bb image_url=\u00bbhttp:\/\/sunrisecounty.org\/wp-content\/uploads\/2018\/01\/2-1.png\u00bb background_layout=\u00bblight\u00bb text_orientation=\u00bbcenter\u00bb header_text_align=\u00bbcenter\u00bb]<\/p>\n<p style=\"text-align: center;\"><a href=\"mailto:msloan@sunrisecounty.org\">msloan@sunrisecounty.org<\/a><\/p>\n<p>[\/et_pb_team_member][\/et_pb_column][et_pb_column type=\u00bb1_4&#8243;][et_pb_team_member _builder_version=\u00bb3.0.93&#8243; name=\u00bbJessica McPhail\u00bb position=\u00bbEntrenador de Estudiantes de Family Futures Downeast \u00bb image_url=\u00bbhttp:\/\/sunrisecounty.org\/wp-content\/uploads\/2018\/01\/4-1.png\u00bb background_layout=\u00bblight\u00bb text_orientation=\u00bbcenter\u00bb header_text_align=\u00bbcenter\u00bb]<\/p>\n<p style=\"text-align: center;\"><a href=\"mailto:jmcphail@sunrisecounty.org\">jmcphail@sunrisecounty.org<\/a><\/p>\n<p>[\/et_pb_team_member][\/et_pb_column][et_pb_column type=\u00bb1_4&#8243;][et_pb_team_member _builder_version=\u00bb3.0.93&#8243; name=\u00bbLori Joy\u00bb position=\u00bbEntrenador de Estudiantes de Family Futures Downeast \u00bb image_url=\u00bbhttp:\/\/sunrisecounty.org\/wp-content\/uploads\/2018\/01\/3-1.png\u00bb background_layout=\u00bblight\u00bb text_orientation=\u00bbcenter\u00bb header_text_align=\u00bbcenter\u00bb]<\/p>\n<p style=\"text-align: center;\"><a href=\"mailto:ljoy@sunrisecounty.org\">ljoy@sunrisecounty.org<\/a><\/p>\n<p>[\/et_pb_team_member][\/et_pb_column][et_pb_column type=\u00bb1_4&#8243;][et_pb_team_member _builder_version=\u00bb3.0.93&#8243; name=\u00bbShane Renshaw\u00bb position=\u00bbEntrenador de Family Futures Downeast Transition \u00bb image_url=\u00bbhttp:\/\/sunrisecounty.org\/wp-content\/uploads\/2018\/01\/1-1.png\u00bb background_layout=\u00bblight\u00bb text_orientation=\u00bbcenter\u00bb header_text_align=\u00bbcenter\u00bb]<\/p>\n<p style=\"text-align: center;\"><a href=\"mailto:srenshaw@sunrisecounty.org\">srenshaw@sunrisecounty.org<\/a><\/p>\n<p>[\/et_pb_team_member][\/et_pb_column][\/et_pb_row][\/et_pb_section][et_pb_section bb_built=\u00bb1&#8243; fullwidth=\u00bboff\u00bb specialty=\u00bboff\u00bb _builder_version=\u00bb3.0.93&#8243; prev_background_color=\u00bb#eeece5&#8243; next_background_color=\u00bb#eeece5&#8243;][et_pb_row][et_pb_column type=\u00bb4_4&#8243;][et_pb_text _builder_version=\u00bb3.0.93&#8243; background_layout=\u00bblight\u00bb]<\/p>\n<h1 style=\"text-align: center;\">Nuestros Compa\u00f1eros<\/h1>\n<p>[\/et_pb_text][\/et_pb_column][\/et_pb_row][et_pb_row][et_pb_column type=\u00bb1_3&#8243;][et_pb_image _builder_version=\u00bb3.0.93&#8243; src=\u00bbhttp:\/\/sunrisecounty.org\/wp-content\/uploads\/2018\/01\/FFD-Sponsors.png\u00bb show_in_lightbox=\u00bboff\u00bb url_new_window=\u00bboff\u00bb use_overlay=\u00bboff\u00bb always_center_on_mobile=\u00bbon\u00bb force_fullwidth=\u00bboff\u00bb show_bottom_space=\u00bbon\u00bb \/][et_pb_image _builder_version=\u00bb3.0.93&#8243; src=\u00bbhttp:\/\/sunrisecounty.org\/wp-content\/uploads\/2018\/01\/FFD-Sponsors-2.png\u00bb show_in_lightbox=\u00bboff\u00bb url_new_window=\u00bboff\u00bb use_overlay=\u00bboff\u00bb always_center_on_mobile=\u00bbon\u00bb force_fullwidth=\u00bboff\u00bb show_bottom_space=\u00bbon\u00bb \/][\/et_pb_column][et_pb_column type=\u00bb1_3&#8243;][et_pb_image _builder_version=\u00bb3.0.93&#8243; src=\u00bbhttp:\/\/sunrisecounty.org\/wp-content\/uploads\/2018\/01\/FFD-Sponsors-4.png\u00bb show_in_lightbox=\u00bboff\u00bb url_new_window=\u00bboff\u00bb use_overlay=\u00bboff\u00bb always_center_on_mobile=\u00bbon\u00bb force_fullwidth=\u00bboff\u00bb show_bottom_space=\u00bbon\u00bb \/][et_pb_image _builder_version=\u00bb3.0.93&#8243; src=\u00bbhttp:\/\/sunrisecounty.org\/wp-content\/uploads\/2018\/01\/FFD-Sponsors-1.png\u00bb show_in_lightbox=\u00bboff\u00bb url_new_window=\u00bboff\u00bb use_overlay=\u00bboff\u00bb always_center_on_mobile=\u00bbon\u00bb force_fullwidth=\u00bboff\u00bb show_bottom_space=\u00bbon\u00bb \/][\/et_pb_column][et_pb_column type=\u00bb1_3&#8243;][et_pb_image _builder_version=\u00bb3.0.93&#8243; src=\u00bbhttp:\/\/sunrisecounty.org\/wp-content\/uploads\/2018\/01\/FFD-Sponsors-7.png\u00bb show_in_lightbox=\u00bboff\u00bb url_new_window=\u00bboff\u00bb use_overlay=\u00bboff\u00bb always_center_on_mobile=\u00bbon\u00bb force_fullwidth=\u00bboff\u00bb show_bottom_space=\u00bbon\u00bb \/][et_pb_image _builder_version=\u00bb3.0.93&#8243; src=\u00bbhttp:\/\/sunrisecounty.org\/wp-content\/uploads\/2018\/01\/FFD-Sponsors-3.png\u00bb show_in_lightbox=\u00bboff\u00bb url_new_window=\u00bboff\u00bb use_overlay=\u00bboff\u00bb always_center_on_mobile=\u00bbon\u00bb force_fullwidth=\u00bboff\u00bb show_bottom_space=\u00bbon\u00bb \/][\/et_pb_column][\/et_pb_row][\/et_pb_section][et_pb_section bb_built=\u00bb1&#8243; fullwidth=\u00bboff\u00bb specialty=\u00bboff\u00bb _builder_version=\u00bb3.0.93&#8243; background_color=\u00bb#eeece5&#8243; prev_background_color=\u00bb#ffffff\u00bb next_background_color=\u00bb#ffffff\u00bb][et_pb_row][et_pb_column type=\u00bb4_4&#8243;][et_pb_text _builder_version=\u00bb3.0.105&#8243; background_layout=\u00bblight\u00bb]<\/p>\n<h4 style=\"text-align: center;\">\u00bfInteresado en aplicar?<\/h4>\n<p style=\"text-align: center;\">Fill out the form below and send us a message!<\/p>\n<p>[\/et_pb_text][et_pb_contact_form _builder_version=\u00bb3.0.105&#8243; captcha=\u00bboff\u00bb use_redirect=\u00bboff\u00bb custom_button=\u00bbon\u00bb button_icon_placement=\u00bbright\u00bb email=\u00bbmsloan@sunrisecounty.org\u00bb form_background_color=\u00bb#ffffff\u00bb form_field_text_color=\u00bb#176535&#8243; success_message=\u00bb\u00a1Gracias por su mensaje!\u00bb submit_button_text=\u00bbEnviar\u00bb button_text_color=\u00bb#ffffff\u00bb][et_pb_contact_field field_title=\u00bbNombre\u00bb field_type=\u00bbinput\u00bb field_id=\u00bbFirst_Name\u00bb required_mark=\u00bbon\u00bb fullwidth_field=\u00bboff\u00bb _builder_version=\u00bb3.0.105&#8243; checkbox_checked=\u00bboff\u00bb checkbox_options=\u00bb%91{%22value%22:%22Name%22,%22checked%22:0}%93&#8243; radio_options=\u00bb%91{%22value%22:%22Name%22,%22checked%22:0}%93&#8243; select_options=\u00bb%91{%22value%22:%22Name%22,%22checked%22:0}%93&#8243; min_length=\u00bb0&#8243; max_length=\u00bb0&#8243; allowed_symbols=\u00bball\u00bb conditional_logic=\u00bboff\u00bb conditional_logic_relation=\u00bboff\u00bb conditional_logic_rules=\u00bb%91{%22field%22:%22name%22,%22condition%22:%22is%22,%22value%22:%22%22}%93&#8243; use_background_color_gradient=\u00bboff\u00bb background_color_gradient_start=\u00bb#2b87da\u00bb background_color_gradient_end=\u00bb#29c4a9&#8243; background_color_gradient_type=\u00bblinear\u00bb background_color_gradient_direction=\u00bb180deg\u00bb background_color_gradient_direction_radial=\u00bbcenter\u00bb background_color_gradient_start_position=\u00bb0%\u00bb background_color_gradient_end_position=\u00bb100%\u00bb background_color_gradient_overlays_image=\u00bboff\u00bb parallax=\u00bboff\u00bb parallax_method=\u00bbon\u00bb background_size=\u00bbcover\u00bb background_position=\u00bbcenter\u00bb background_repeat=\u00bbno-repeat\u00bb background_blend=\u00bbnormal\u00bb allow_player_pause=\u00bboff\u00bb background_video_pause_outside_viewport=\u00bbon\u00bb form_field_text_shadow_style=\u00bbnone\u00bb box_shadow_style=\u00bbnone\u00bb \/][et_pb_contact_field field_title=\u00bbApellido\u00bb field_type=\u00bbinput\u00bb field_id=\u00bbLast_Name\u00bb required_mark=\u00bbon\u00bb fullwidth_field=\u00bboff\u00bb _builder_version=\u00bb3.0.105&#8243; checkbox_checked=\u00bboff\u00bb checkbox_options=\u00bb%91{%22value%22:%22Name%22,%22checked%22:0}%93&#8243; radio_options=\u00bb%91{%22value%22:%22Name%22,%22checked%22:0}%93&#8243; select_options=\u00bb%91{%22value%22:%22Name%22,%22checked%22:0}%93&#8243; min_length=\u00bb0&#8243; max_length=\u00bb0&#8243; allowed_symbols=\u00bball\u00bb conditional_logic=\u00bboff\u00bb conditional_logic_relation=\u00bboff\u00bb conditional_logic_rules=\u00bb%91{%22field%22:%22first_name%22,%22condition%22:%22is%22,%22value%22:%22%22}%93&#8243; use_background_color_gradient=\u00bboff\u00bb background_color_gradient_start=\u00bb#2b87da\u00bb background_color_gradient_end=\u00bb#29c4a9&#8243; background_color_gradient_type=\u00bblinear\u00bb background_color_gradient_direction=\u00bb180deg\u00bb background_color_gradient_direction_radial=\u00bbcenter\u00bb background_color_gradient_start_position=\u00bb0%\u00bb background_color_gradient_end_position=\u00bb100%\u00bb background_color_gradient_overlays_image=\u00bboff\u00bb parallax=\u00bboff\u00bb parallax_method=\u00bbon\u00bb background_size=\u00bbcover\u00bb background_position=\u00bbcenter\u00bb background_repeat=\u00bbno-repeat\u00bb background_blend=\u00bbnormal\u00bb allow_player_pause=\u00bboff\u00bb background_video_pause_outside_viewport=\u00bbon\u00bb form_field_text_shadow_style=\u00bbnone\u00bb box_shadow_style=\u00bbnone\u00bb form_field_text_shadow_horizontal_length=\u00bb0em\u00bb form_field_text_shadow_vertical_length=\u00bb0em\u00bb form_field_text_shadow_blur_strength=\u00bb0em\u00bb \/][et_pb_contact_field field_title=\u00bbN\u00famero de Tel\u00e9fono \u00bb field_type=\u00bbinput\u00bb field_id=\u00bbPhone_Number\u00bb required_mark=\u00bbon\u00bb fullwidth_field=\u00bboff\u00bb _builder_version=\u00bb3.0.105&#8243; checkbox_checked=\u00bboff\u00bb checkbox_options=\u00bb%91{%22value%22:%22Name%22,%22checked%22:0}%93&#8243; radio_options=\u00bb%91{%22value%22:%22Name%22,%22checked%22:0}%93&#8243; select_options=\u00bb%91{%22value%22:%22Name%22,%22checked%22:0}%93&#8243; min_length=\u00bb0&#8243; max_length=\u00bb0&#8243; allowed_symbols=\u00bball\u00bb conditional_logic=\u00bboff\u00bb conditional_logic_relation=\u00bboff\u00bb conditional_logic_rules=\u00bb%91{%22field%22:%22first_name%22,%22condition%22:%22is%22,%22value%22:%22%22}%93&#8243; use_background_color_gradient=\u00bboff\u00bb background_color_gradient_start=\u00bb#2b87da\u00bb background_color_gradient_end=\u00bb#29c4a9&#8243; background_color_gradient_type=\u00bblinear\u00bb background_color_gradient_direction=\u00bb180deg\u00bb background_color_gradient_direction_radial=\u00bbcenter\u00bb background_color_gradient_start_position=\u00bb0%\u00bb background_color_gradient_end_position=\u00bb100%\u00bb background_color_gradient_overlays_image=\u00bboff\u00bb parallax=\u00bboff\u00bb parallax_method=\u00bbon\u00bb background_size=\u00bbcover\u00bb background_position=\u00bbcenter\u00bb background_repeat=\u00bbno-repeat\u00bb background_blend=\u00bbnormal\u00bb allow_player_pause=\u00bboff\u00bb background_video_pause_outside_viewport=\u00bbon\u00bb form_field_text_shadow_style=\u00bbnone\u00bb box_shadow_style=\u00bbnone\u00bb form_field_text_shadow_horizontal_length=\u00bb0em\u00bb form_field_text_shadow_vertical_length=\u00bb0em\u00bb form_field_text_shadow_blur_strength=\u00bb0em\u00bb \/][et_pb_contact_field field_title=\u00bbCorreo Electr\u00f3nico \u00bb field_type=\u00bbemail\u00bb field_id=\u00bbEmail\u00bb required_mark=\u00bbon\u00bb fullwidth_field=\u00bboff\u00bb _builder_version=\u00bb3.0.105&#8243; \/][et_pb_contact_field field_title=\u00bbMensaje\u00bb field_type=\u00bbtext\u00bb field_id=\u00bbMensaje\u00bb required_mark=\u00bbon\u00bb fullwidth_field=\u00bbon\u00bb _builder_version=\u00bb3.0.105&#8243; \/][\/et_pb_contact_form][\/et_pb_column][\/et_pb_row][\/et_pb_section][et_pb_section bb_built=\u00bb1&#8243; fullwidth=\u00bboff\u00bb specialty=\u00bboff\u00bb _builder_version=\u00bb3.0.93&#8243; prev_background_color=\u00bb#eeece5&#8243; next_background_color=\u00bb#eeece5&#8243;][et_pb_row _builder_version=\u00bb3.0.93&#8243;][et_pb_column type=\u00bb2_3&#8243;][et_pb_text _builder_version=\u00bb3.0.93&#8243; background_layout=\u00bblight\u00bb text_text_color=\u00bb#176535&#8243;]<\/p>\n<h3 style=\"text-align: center;\">Conozca m\u00e1s sobre la Experiencia en FFD de Kristin Alley<\/h3>\n<p>[\/et_pb_text][et_pb_text _builder_version=\u00bb3.0.93&#8243; background_layout=\u00bblight\u00bb]<\/p>\n<p><iframe width=\"1080\" height=\"608\" data-src=\"https:\/\/www.youtube.com\/embed\/gyyL3RpZvg8?feature=oembed\" frameborder=\"0\" allow=\"autoplay; encrypted-media\" allowfullscreen src=\"data:image\/svg+xml;base64,PHN2ZyB3aWR0aD0iMSIgaGVpZ2h0PSIxIiB4bWxucz0iaHR0cDovL3d3dy53My5vcmcvMjAwMC9zdmciPjwvc3ZnPg==\" class=\"lazyload\" data-load-mode=\"1\"><\/iframe><\/p>\n<p>[\/et_pb_text][\/et_pb_column][et_pb_column type=\u00bb1_3&#8243;][et_pb_testimonial _builder_version=\u00bb3.0.105&#8243; author=\u00bbKristin Alley\u00bb url_new_window=\u00bboff\u00bb quote_icon=\u00bbon\u00bb use_background_color=\u00bbon\u00bb quote_icon_background_color=\u00bb#f5f5f5&#8243; background_layout=\u00bblight\u00bb portrait_url=\u00bbhttp:\/\/sunrisecounty.org\/wp-content\/uploads\/2018\/01\/Kristin-Alley.png\u00bb background_color=\u00bb#eeece5&#8243; job_title=\u00bbCohort 1&#8243; company_name=\u00bbFamily Futures Downeast\u00bb quote_icon_color=\u00bb#176535&#8243;]<\/p>\n<p>\u00abFamily Futures Downeast fue un gran sistema de apoyo. Los entrenadores y las otras chicas me ayudaron a retomar el ritmo de las cosas y me mantuvieron activo cuando las cosas se pusieron dif\u00edciles. Sab\u00eda que quer\u00eda volver a la escuela y Family Futures Downeast me ayud\u00f3 a lograr esa meta\u00bb<\/p>\n<p>[\/et_pb_testimonial][\/et_pb_column][\/et_pb_row][\/et_pb_section][et_pb_section bb_built=\u00bb1&#8243; fullwidth=\u00bboff\u00bb specialty=\u00bboff\u00bb prev_background_color=\u00bb#ffffff\u00bb _builder_version=\u00bb3.0.105&#8243; background_color=\u00bb#eeece5&#8243;][et_pb_row][et_pb_column type=\u00bb4_4&#8243;][et_pb_text _builder_version=\u00bb3.0.93&#8243; background_layout=\u00bblight\u00bb]<\/p>\n<h4 style=\"text-align: center;\">Visite la P\u00e1gina Web de Family Futures Downeast<\/h4>\n<p>[\/et_pb_text][et_pb_button _builder_version=\u00bb3.0.93&#8243; button_text=\u00bbVisite la P\u00e1gina\u00bb button_url=\u00bbhttps:\/\/www.familyfuturesdowneast.org\/\u00bb url_new_window=\u00bboff\u00bb button_alignment=\u00bbcenter\u00bb background_layout=\u00bbdark\u00bb custom_button=\u00bboff\u00bb button_icon_placement=\u00bbright\u00bb \/][\/et_pb_column][\/et_pb_row][\/et_pb_section]<\/p>\n","protected":false},"excerpt":{"rendered":"<p><div class=\"et_pb_row et_pb_row_0 et_pb_row_empty\">\n\t\t\t\t\n\t\t\t\t\n\t\t\t\t\n\t\t\t\t\n\t\t\t\t\n\t\t\t<\/div> Proporcionando una Educaci\u00f3n de Calidad Las familias que se vuelven parte de Family Futures Downeast tienen las oportunidad de participar en un entorno de aprendizaje generacional positivo y de [&hellip;]<\/p>\n","protected":false},"author":5,"featured_media":0,"parent":5336,"menu_order":1,"comment_status":"closed","ping_status":"closed","template":"","meta":{"_et_pb_use_builder":"on","_et_pb_old_content":"<p>Family Futures Downeast (FFD) is a one-year program that creates access to post-secondary and employment opportunities for parents with young children in Washington County, Maine.\u00a0 FFD was designed using a two-generational approach that combines post-secondary education and workforce development with high-quality early education for FFD children. The program utilizes services and supports required for the participants to succeed, including transportation and technology resources, a personally relevant and stimulating curriculum with access to appropriate educational remediation, and strong emotional, social, and career pathway supports. These strategies significantly increase the number of low-income parents who can enroll in college in Washington County and who leverage education as a pathway to self-sufficiency.<\/p><p>FFD intentionally removes the economic, cultural, and logistical barriers that make going to college difficult for many parents so they can thrive as students. Within the program, they will gain the confidence and the ability to pursue educational and career goals, just as their children will benefit from outstanding, high-quality early education at campus-based centers. Students apply and enroll at the University of Maine at Machias or Washington County Community College.<\/p><p>The program changes outcomes for parents, their children, and the institutions and organizations that partner to make it a success. Using local and national expertise and best practices, FFD combines rigorous post-secondary and early learning programs with comprehensive social, emotional, and financial supports in a whole family approach.<\/p><p>FFD was designed collaboratively by Washington County academic and social service professionals with substantial input from potential participants. The collaboration began by acknowledging the profound challenges participants need to overcome in order to succeed in college. FFD parents come with a legacy of generations of poverty, trauma, exposure to violence, substance abuse, and addiction, and often a profound loss of hope generated by those experiences. FFD\u2019s 360-degree supports help to ensure students\u2019 basic needs are met and combine with intensive, structured coaching that builds skills and gives parents the opportunity to imagine and pursue the future they want for themselves and their children.<\/p><p>FFD relies on a combination of public and private resources in order to sustain this exciting opportunity for Washington County families. Designated as one of ten Rural IMPACT sites through the White House Rural Council, FFD offers nationally recognized strategies and practices for helping families succeed.<\/p><p><img class=\"wp-image-2742 aligncenter\" src=\"http:\/\/sunrisecounty.org\/wp-content\/uploads\/2017\/06\/FFD-Sponsors-350x210.jpg\" alt=\"\" width=\"418\" height=\"251\" \/><\/p>","_et_gb_content_width":"","footnotes":""},"class_list":["post-4720","page","type-page","status-publish","hentry"],"_links":{"self":[{"href":"https:\/\/sunrisecounty.org\/es\/wp-json\/wp\/v2\/pages\/4720","targetHints":{"allow":["GET"]}}],"collection":[{"href":"https:\/\/sunrisecounty.org\/es\/wp-json\/wp\/v2\/pages"}],"about":[{"href":"https:\/\/sunrisecounty.org\/es\/wp-json\/wp\/v2\/types\/page"}],"author":[{"embeddable":true,"href":"https:\/\/sunrisecounty.org\/es\/wp-json\/wp\/v2\/users\/5"}],"replies":[{"embeddable":true,"href":"https:\/\/sunrisecounty.org\/es\/wp-json\/wp\/v2\/comments?post=4720"}],"version-history":[{"count":0,"href":"https:\/\/sunrisecounty.org\/es\/wp-json\/wp\/v2\/pages\/4720\/revisions"}],"up":[{"embeddable":true,"href":"https:\/\/sunrisecounty.org\/es\/wp-json\/"}],"wp:attachment":[{"href":"https:\/\/sunrisecounty.org\/es\/wp-json\/wp\/v2\/media?parent=4720"}],"curies":[{"name":"wp","href":"https:\/\/api.w.org\/{rel}","templated":true}]}}