{"id":4686,"date":"2018-05-02T20:25:43","date_gmt":"2018-05-03T00:25:43","guid":{"rendered":"http:\/\/sunrisecounty.org\/centro-de-obtencion-de-asistencia-tecnica-de-downeast\/"},"modified":"2025-10-03T13:54:23","modified_gmt":"2025-10-03T17:54:23","slug":"centro-de-obtencion-de-asistencia-tecnica-de-downeast","status":"publish","type":"page","link":"https:\/\/sunrisecounty.org\/es\/centro-de-obtencion-de-asistencia-tecnica-de-downeast\/","title":{"rendered":"Acelerador APEX de Maine"},"content":{"rendered":"<p>[et_pb_section fb_built=\u00bb1&#8243; fullwidth=\u00bbon\u00bb _builder_version=\u00bb4.16&#8243; global_colors_info=\u00bb{}\u00bb][et_pb_fullwidth_image admin_label=\u00bbFullwidth Banner Image\u00bb _builder_version=\u00bb4.16&#8243; background_image=\u00bbhttps:\/\/sunrisecounty.org\/wp-content\/uploads\/2018\/02\/Website-HP-Banners-11.png\u00bb background_position=\u00bbbottom_center\u00bb custom_css_main_element=\u00bbheight: 300px;\u00bb global_colors_info=\u00bb{}\u00bb][\/et_pb_fullwidth_image][\/et_pb_section][et_pb_section fb_built=\u00bb1&#8243; custom_padding_last_edited=\u00bbon|phone\u00bb admin_label=\u00bbPage Title\u00bb _builder_version=\u00bb4.25.0&#8243; background_color=\u00bb#176535&#8243; background_image=\u00bbhttps:\/\/sunrisecounty.org\/wp-content\/uploads\/2018\/01\/yellow-bg.jpg\u00bb background_enable_image=\u00bboff\u00bb background_size=\u00bbinitial\u00bb background_position=\u00bbbottom_center\u00bb background_repeat=\u00bbrepeat\u00bb custom_margin=\u00bb0px|0px|0px|0px\u00bb custom_padding=\u00bb0px|0px|0px|0px\u00bb custom_padding_tablet=\u00bb0px|0px|0px|0px\u00bb custom_padding_phone=\u00bb0px|0px|115px|0px|false|false\u00bb custom_css_main_element=\u00bbheight: 80px;\u00bb global_module=\u00bb3329&#8243; collapsed=\u00bbon\u00bb global_colors_info=\u00bb{}\u00bb][et_pb_row custom_padding_last_edited=\u00bbon|phone\u00bb _builder_version=\u00bb4.22.0&#8243; max_width=\u00bb1080px\u00bb custom_margin=\u00bb0px||||false|false\u00bb custom_padding=\u00bb20px||||false|false\u00bb custom_padding_tablet=\u00bb\u00bb custom_padding_phone=\u00bb\u00bb global_colors_info=\u00bb{}\u00bb][et_pb_column type=\u00bb4_4&#8243; _builder_version=\u00bb4.16&#8243; custom_padding=\u00bb|||\u00bb global_colors_info=\u00bb{}\u00bb custom_padding__hover=\u00bb|||\u00bb][et_pb_post_title meta=\u00bboff\u00bb featured_image=\u00bboff\u00bb admin_label=\u00bbPage Title\u00bb _builder_version=\u00bb4.23.1&#8243; _module_preset=\u00bbdefault\u00bb title_font=\u00bbAlegreya Sans||||||||\u00bb title_text_align=\u00bbcenter\u00bb title_text_color=\u00bb#FFFFFF\u00bb title_font_size=\u00bb40px\u00bb title_font_size_tablet=\u00bb\u00bb title_font_size_phone=\u00bb32px\u00bb title_font_size_last_edited=\u00bbon|phone\u00bb global_colors_info=\u00bb{}\u00bb][\/et_pb_post_title][\/et_pb_column][\/et_pb_row][\/et_pb_section][et_pb_section fb_built=\u00bb1&#8243; _builder_version=\u00bb4.16&#8243; global_colors_info=\u00bb{}\u00bb][et_pb_row column_structure=\u00bb2_3,1_3&#8243; _builder_version=\u00bb4.16&#8243; background_size=\u00bbinitial\u00bb background_position=\u00bbtop_left\u00bb background_repeat=\u00bbrepeat\u00bb global_colors_info=\u00bb{}\u00bb][et_pb_column type=\u00bb2_3&#8243; _builder_version=\u00bb4.16&#8243; custom_padding=\u00bb|||\u00bb global_colors_info=\u00bb{}\u00bb custom_padding__hover=\u00bb|||\u00bb][et_pb_text _builder_version=\u00bb4.22.0&#8243; global_colors_info=\u00bb{}\u00bb]<\/p>\n<h1>\u00bfTe interesa vender tus bienes y servicios a la Administraci\u00f3n?<\/h1>\n<p>[\/et_pb_text][et_pb_text _builder_version=\u00bb4.22.0&#8243; global_colors_info=\u00bb{}\u00bb]<\/p>\n<p>Este programa estatal est\u00e1 organizado por la Corporaci\u00f3n para el Desarrollo del Este de Maine. Trabajamos con empresas de Maine interesadas en vender sus productos y\/o servicios a organismos p\u00fablicos locales, estatales o federales, ya sea como contratistas principales o subcontratistas. El experimentado asesor del Acelerador APEX de Maine ofrece una amplia gama de servicios de asesoramiento para ayudar a los clientes de APEX de Maine. Si quieres que la venta a la Administraci\u00f3n forme parte de tu plan general de marketing empresarial, te formaremos y te daremos las herramientas t\u00e9cnicas que necesitas para empezar.   <\/p>\n<p>[\/et_pb_text][et_pb_image src=\u00bbhttps:\/\/sunrisecounty.org\/wp-content\/uploads\/2023\/10\/apex-logo-horiz-with-line-1-copy-2.jpg\u00bb alt=\u00bbLogotipo del Acelerador APEX\u00bb title_text=\u00bbapex-logo-horiz-con-l\u00ednea-1-copia-2&#8243; _builder_version=\u00bb4.22.0&#8243; _module_preset=\u00bbdefault\u00bb width=\u00bb41%\u00bb max_width=\u00bb80%\u00bb custom_margin=\u00bb|31px||||\u00bb global_colors_info=\u00bb{}\u00bb][\/et_pb_image][\/et_pb_column][et_pb_column type=\u00bb1_3&#8243; _builder_version=\u00bb4.16&#8243; custom_padding=\u00bb|||\u00bb global_colors_info=\u00bb{}\u00bb custom_padding__hover=\u00bb|||\u00bb][et_pb_team_member name=\u00bbJessica Greeley\u00bb position=\u00bbConsejero APEX de Downeast\u00bb image_url=\u00bbhttps:\/\/sunrisecounty.org\/wp-content\/uploads\/2023\/10\/Jessica-Greeley-Picture.png\u00bb _builder_version=\u00bb4.22.0&#8243; header_text_align=\u00bbcenter\u00bb body_text_align=\u00bbcenter\u00bb text_orientation=\u00bbcenter\u00bb max_width=\u00bb60%\u00bb module_alignment=\u00bbcenter\u00bb z_index_tablet=\u00bb500&#8243; db_email_addr=\u00bbjgreeley@sunrisecounty.org\u00bb global_colors_info=\u00bb{}\u00bb]<\/p>\n<p style=\"text-align: center;\">\u00a1Ponte en contacto conmigo para todas tus preguntas sobre APEX!<br \/>207-620-2273<\/p>\n<p>[\/et_pb_team_member][\/et_pb_column][\/et_pb_row][\/et_pb_section][et_pb_section fb_built=\u00bb1&#8243; _builder_version=\u00bb4.16&#8243; background_color=\u00bb#eeece5&#8243; global_colors_info=\u00bb{}\u00bb][et_pb_row _builder_version=\u00bb4.16&#8243; background_size=\u00bbinitial\u00bb background_position=\u00bbtop_left\u00bb background_repeat=\u00bbrepeat\u00bb global_colors_info=\u00bb{}\u00bb][et_pb_column type=\u00bb4_4&#8243; _builder_version=\u00bb4.16&#8243; custom_padding=\u00bb|||\u00bb global_colors_info=\u00bb{}\u00bb custom_padding__hover=\u00bb|||\u00bb][et_pb_text _builder_version=\u00bb4.22.0&#8243; global_colors_info=\u00bb{}\u00bb]<\/p>\n<h1 style=\"text-align: center;\">Servicios APEX<\/h1>\n<p>[\/et_pb_text][et_pb_accordion icon_color=\u00bb#176535&#8243; _builder_version=\u00bb4.16&#8243; text_orientation=\u00bbleft\u00bb global_colors_info=\u00bb{}\u00bb][et_pb_accordion_item title=\u00bbAsesoramiento individual\u00bb open=\u00bbon\u00bb _builder_version=\u00bb4.16&#8243; global_colors_info=\u00bb{}\u00bb]El personal trabajar\u00e1 contigo para identificar las agencias y oportunidades federales, estatales y locales adecuadas, y desarrollar estrategias de marketing. Te guiaremos a trav\u00e9s del complejo proceso de registros gubernamentales y te ayudaremos a convertirte en un contratista gubernamental cualificado.<br \/>\n[\/et_pb_accordion_item][et_pb_accordion_item title=\u00bbAyuda con las inscripciones\u00bb _builder_version=\u00bb4.16&#8243; global_colors_info=\u00bb{}\u00bb open=\u00bboff\u00bb]\u00bfNecesitas ayuda para atravesar el complejo laberinto de registros que son esenciales para hacer negocios con el gobierno? Tambi\u00e9n podemos ayudarte en el proceso de certificaci\u00f3n de programas para peque\u00f1as empresas.<br \/>\n[\/et_pb_accordion_item][et_pb_accordion_item title=\u00bbServicios de comparaci\u00f3n de ofertas\u00bb _builder_version=\u00bb4.16&#8243; global_colors_info=\u00bb{}\u00bb open=\u00bboff\u00bb]El personal puede emparejar el producto o servicio de tu empresa con los anuncios de licitaci\u00f3n diarios que te muestran exactamente lo que el gobierno est\u00e1 comprando o planea comprar, y tambi\u00e9n puede proporcionar pistas de subcontrataci\u00f3n para tu empresa.<br \/>\n[\/et_pb_accordion_item][et_pb_accordion_item title=\u00bbListas GSA\u00bb _builder_version=\u00bb4.16&#8243; global_colors_info=\u00bb{}\u00bb open=\u00bboff\u00bb]En el a\u00f1o fiscal 2013 se compraron casi 54.000 millones de d\u00f3lares en bienes y servicios a trav\u00e9s de los Programas de la GSA. \u00bfEs tu empresa una buena opci\u00f3n para un Programa de la GSA? Trabajando contigo, el personal puede ayudarte a determinar si un Programa es una opci\u00f3n viable para tu empresa.<br \/>\n[\/et_pb_accordion_item][et_pb_accordion_item title=\u00bbHistorias de productos y adquisiciones\u00bb _builder_version=\u00bb4.16&#8243; global_colors_info=\u00bb{}\u00bb open=\u00bboff\u00bb]El personal puede proporcionarte una descripci\u00f3n t\u00e9cnica e informaci\u00f3n importante sobre la historia de un producto concreto que tenga un n\u00famero de stock nacional (NSN).<br \/>\n[\/et_pb_accordion_item][et_pb_accordion_item title=\u00bbAsistencia con la normativa federal y las especificaciones militares\u00bb _builder_version=\u00bb4.16&#8243; global_colors_info=\u00bb{}\u00bb open=\u00bboff\u00bb]<\/p>\n<p>El personal puede facilitarte copias de la normativa gubernamental local, estatal y federal, incluidas las Especificaciones Militares (MIL-SPEC) y la Normativa Federal de Adquisiciones (FAR).<\/p>\n<p>[\/et_pb_accordion_item][et_pb_accordion_item title=\u00bb  Preparaci\u00f3n de propuestas\u00bb _builder_version=\u00bb4.16&#8243; global_colors_info=\u00bb{}\u00bb open=\u00bboff\u00bb]Te ayudaremos a empezar con tu propuesta, la revisaremos a medida que evolucione y te recomendaremos formas de hacerla m\u00e1s s\u00f3lida y precisa una vez redactada.<br \/>\n[\/et_pb_accordion_item][et_pb_accordion_item title=\u00bbAsistencia posterior a la adjudicaci\u00f3n\u00bb _builder_version=\u00bb4.16&#8243; global_colors_info=\u00bb{}\u00bb open=\u00bboff\u00bb]El personal puede proporcionar asesoramiento y asistencia con respecto a las funciones posteriores a la adjudicaci\u00f3n. Comprender los requisitos del contrato, como los requisitos de entrega de servicios\/productos, facturaci\u00f3n e informes, son componentes clave para convertirse en un contratista gubernamental de \u00e9xito.<br \/>\n[\/et_pb_accordion_item][et_pb_accordion_item title=\u00bbAyuda a la subcontrataci\u00f3n\u00bb _builder_version=\u00bb4.16&#8243; global_colors_info=\u00bb{}\u00bb open=\u00bboff\u00bb]El personal puede ayudar a identificar posibles oportunidades de subcontrataci\u00f3n con los principales contratistas principales. Empresas como General Dynamics, Raytheon y otros grandes contratistas buscan a menudo proveedores de peque\u00f1as empresas. Podemos ayudarte a establecer esa conexi\u00f3n.<br \/>\n[\/et_pb_accordion_item][et_pb_accordion_item title=\u00bbInvestigaci\u00f3n y desarrollo\u00bb _builder_version=\u00bb4.16&#8243; global_colors_info=\u00bb{}\u00bb open=\u00bboff\u00bb]El personal puede ayudar a las peque\u00f1as empresas a explorar las oportunidades de financiaci\u00f3n de I+D, incluido el programa de Investigaci\u00f3n para la Innovaci\u00f3n de la Peque\u00f1a Empresa (SBIR) y las oportunidades de I+D del Departamento de Defensa (DoD).<br \/>\n[\/et_pb_accordion_item][\/et_pb_accordion][\/et_pb_column][\/et_pb_row][\/et_pb_section][et_pb_section fb_built=\u00bb1&#8243; _builder_version=\u00bb4.16&#8243; global_colors_info=\u00bb{}\u00bb][et_pb_row _builder_version=\u00bb4.16&#8243; background_size=\u00bbinitial\u00bb background_position=\u00bbtop_left\u00bb background_repeat=\u00bbrepeat\u00bb global_colors_info=\u00bb{}\u00bb][et_pb_column type=\u00bb4_4&#8243; _builder_version=\u00bb4.16&#8243; custom_padding=\u00bb|||\u00bb global_colors_info=\u00bb{}\u00bb custom_padding__hover=\u00bb|||\u00bb][et_pb_text _builder_version=\u00bb4.22.0&#8243; global_colors_info=\u00bb{}\u00bb]<\/p>\n<h1 style=\"text-align: center;\">Visita el sitio web del Acelerador APEX de Maine para obtener m\u00e1s informaci\u00f3n<\/h1>\n<p>[\/et_pb_text][et_pb_button button_url=\u00bbhttps:\/\/www.maineapex.com\/\u00bb url_new_window=\u00bbon\u00bb button_text=\u00bbMaine APEX\u00bb button_alignment=\u00bbcenter\u00bb _builder_version=\u00bb4.27.4&#8243; background_layout=\u00bbdark\u00bb hover_enabled=\u00bb0&#8243; global_colors_info=\u00bb{}\u00bb button_text_size__hover_enabled=\u00bboff\u00bb button_text_size__hover=\u00bbnull\u00bb button_one_text_size__hover_enabled=\u00bboff\u00bb button_one_text_size__hover=\u00bbnull\u00bb button_two_text_size__hover_enabled=\u00bboff\u00bb button_two_text_size__hover=\u00bbnull\u00bb button_text_color__hover_enabled=\u00bboff\u00bb button_text_color__hover=\u00bbnull\u00bb button_one_text_color__hover_enabled=\u00bboff\u00bb button_one_text_color__hover=\u00bbnull\u00bb button_two_text_color__hover_enabled=\u00bboff\u00bb button_two_text_color__hover=\u00bbnull\u00bb button_border_width__hover_enabled=\u00bboff\u00bb button_border_width__hover=\u00bbnull\u00bb button_one_border_width__hover_enabled=\u00bboff\u00bb button_one_border_width__hover=\u00bbnull\u00bb button_two_border_width__hover_enabled=\u00bboff\u00bb button_two_border_width__hover=\u00bbnull\u00bb button_border_color__hover_enabled=\u00bboff\u00bb button_border_color__hover=\u00bbnull\u00bb button_one_border_color__hover_enabled=\u00bboff\u00bb button_one_border_color__hover=\u00bbnull\u00bb button_two_border_color__hover_enabled=\u00bboff\u00bb button_two_border_color__hover=\u00bbnull\u00bb button_border_radius__hover_enabled=\u00bboff\u00bb button_border_radius__hover=\u00bbnull\u00bb button_one_border_radius__hover_enabled=\u00bboff\u00bb button_one_border_radius__hover=\u00bbnull\u00bb button_two_border_radius__hover_enabled=\u00bboff\u00bb button_two_border_radius__hover=\u00bbnull\u00bb button_letter_spacing__hover_enabled=\u00bboff\u00bb button_letter_spacing__hover=\u00bbnull\u00bb button_one_letter_spacing__hover_enabled=\u00bboff\u00bb button_one_letter_spacing__hover=\u00bbnull\u00bb button_two_letter_spacing__hover_enabled=\u00bboff\u00bb button_two_letter_spacing__hover=\u00bbnull\u00bb button_bg_color__hover_enabled=\u00bboff\u00bb button_bg_color__hover=\u00bbnull\u00bb button_one_bg_color__hover_enabled=\u00bboff\u00bb button_one_bg_color__hover=\u00bbnull\u00bb button_two_bg_color__hover_enabled=\u00bboff\u00bb button_two_bg_color__hover=\u00bbnull\u00bb custom_button=\u00bbon\u00bb button_text_color=\u00bb#2F2F2F\u00bb button_bg_color=\u00bb#FFC20F\u00bb button_bg_enable_color=\u00bbon\u00bb button_border_color=\u00bbRGBA(255,255,255,0)\u00bb button_border_radius=\u00bb30px\u00bb custom_padding=\u00bb|45px||45px|false|false\u00bb sticky_enabled=\u00bb0&#8243;][\/et_pb_button][\/et_pb_column][\/et_pb_row][\/et_pb_section]<\/p>\n","protected":false},"excerpt":{"rendered":"<p>\u00bfTe interesa vender tus bienes y servicios a la Administraci\u00f3n?Este programa estatal est\u00e1 organizado por la Corporaci\u00f3n para el Desarrollo del Este de Maine. Trabajamos con empresas de Maine interesadas [&hellip;]<\/p>\n","protected":false},"author":8,"featured_media":0,"parent":5336,"menu_order":0,"comment_status":"closed","ping_status":"closed","template":"","meta":{"_et_pb_use_builder":"on","_et_pb_old_content":"","_et_gb_content_width":"","footnotes":""},"class_list":["post-4686","page","type-page","status-publish","hentry"],"_links":{"self":[{"href":"https:\/\/sunrisecounty.org\/es\/wp-json\/wp\/v2\/pages\/4686","targetHints":{"allow":["GET"]}}],"collection":[{"href":"https:\/\/sunrisecounty.org\/es\/wp-json\/wp\/v2\/pages"}],"about":[{"href":"https:\/\/sunrisecounty.org\/es\/wp-json\/wp\/v2\/types\/page"}],"author":[{"embeddable":true,"href":"https:\/\/sunrisecounty.org\/es\/wp-json\/wp\/v2\/users\/8"}],"replies":[{"embeddable":true,"href":"https:\/\/sunrisecounty.org\/es\/wp-json\/wp\/v2\/comments?post=4686"}],"version-history":[{"count":3,"href":"https:\/\/sunrisecounty.org\/es\/wp-json\/wp\/v2\/pages\/4686\/revisions"}],"predecessor-version":[{"id":16916,"href":"https:\/\/sunrisecounty.org\/es\/wp-json\/wp\/v2\/pages\/4686\/revisions\/16916"}],"up":[{"embeddable":true,"href":"https:\/\/sunrisecounty.org\/es\/wp-json\/"}],"wp:attachment":[{"href":"https:\/\/sunrisecounty.org\/es\/wp-json\/wp\/v2\/media?parent=4686"}],"curies":[{"name":"wp","href":"https:\/\/api.w.org\/{rel}","templated":true}]}}