{"id":4623,"date":"2018-04-29T16:19:36","date_gmt":"2018-04-29T20:19:36","guid":{"rendered":"http:\/\/sunrisecounty.org\/acerca-de-scec\/quienes-somos\/"},"modified":"2021-02-25T16:27:46","modified_gmt":"2021-02-25T21:27:46","slug":"quienes-somos","status":"publish","type":"page","link":"https:\/\/sunrisecounty.org\/es\/acerca-de-scec\/quienes-somos\/","title":{"rendered":"Qui\u00e9nes somos"},"content":{"rendered":"<p>[et_pb_section fb_built=\u00bb1&#8243; fullwidth=\u00bbon\u00bb _builder_version=\u00bb3.7&#8243; background_color=\u00bb#2f2f2f\u00bb global_module=\u00bb2960&#8243;][et_pb_fullwidth_menu menu_id=\u00bb10&#8243; submenu_direction=\u00bbdownwards\u00bb fullwidth_menu=\u00bboff\u00bb dropdown_menu_text_color=\u00bb#ffffff\u00bb _builder_version=\u00bb3.3.1&#8243; menu_font=\u00bb|700||on|||||\u00bb background_color=\u00bb#2f2f2f\u00bb text_orientation=\u00bbcenter\u00bb background_layout=\u00bbdark\u00bb][\/et_pb_fullwidth_menu][\/et_pb_section][et_pb_section fb_built=\u00bb1&#8243; fullwidth=\u00bbon\u00bb _builder_version=\u00bb3.22&#8243;][et_pb_fullwidth_image admin_label=\u00bbFullwidth Banner Image\u00bb _builder_version=\u00bb3.0.105&#8243; background_image=\u00bbhttps:\/\/sunrisecounty.org\/wp-content\/uploads\/2018\/02\/Website-HP-Banners-4.png\u00bb background_position=\u00bbtop_center\u00bb custom_css_main_element=\u00bbheight: 300px;\u00bb][\/et_pb_fullwidth_image][\/et_pb_section][et_pb_section fb_built=\u00bb1&#8243; admin_label=\u00bbAbout SCEC Title\u00bb _builder_version=\u00bb3.22&#8243; background_color=\u00bb#ffc20f\u00bb background_image=\u00bbhttps:\/\/sunrisecounty.org\/wp-content\/uploads\/2018\/01\/yellow-bg.jpg\u00bb background_size=\u00bbinitial\u00bb background_position=\u00bbbottom_center\u00bb background_repeat=\u00bbrepeat\u00bb custom_margin=\u00bb0px|0px|0px|0px\u00bb custom_padding=\u00bb0px|0px|0px|0px\u00bb custom_css_main_element=\u00bbheight: 80px;\u00bb][et_pb_row _builder_version=\u00bb3.25&#8243;][et_pb_column type=\u00bb4_4&#8243; _builder_version=\u00bb3.25&#8243; custom_padding=\u00bb|||\u00bb custom_padding__hover=\u00bb|||\u00bb][et_pb_post_title meta=\u00bboff\u00bb featured_image=\u00bboff\u00bb text_color=\u00bblight\u00bb _builder_version=\u00bb3.0.105&#8243; text_orientation=\u00bbcenter\u00bb][\/et_pb_post_title][\/et_pb_column][\/et_pb_row][\/et_pb_section][et_pb_section fb_built=\u00bb1&#8243; _builder_version=\u00bb3.22&#8243;][et_pb_row _builder_version=\u00bb3.25&#8243; background_size=\u00bbinitial\u00bb background_position=\u00bbtop_left\u00bb background_repeat=\u00bbrepeat\u00bb][et_pb_column type=\u00bb4_4&#8243; _builder_version=\u00bb3.25&#8243; custom_padding=\u00bb|||\u00bb custom_padding__hover=\u00bb|||\u00bb][et_pb_text _builder_version=\u00bb3.27.4&#8243;]<\/p>\n<h4>Misi\u00f3n<\/h4>\n<p>El Sunrise County Economic Council (SCEC) inicia y facilita la creaci\u00f3n de empleos y la prosperidad en Washington County, Maine, trabajando con un consorcio de empresas con mentalidad comunitaria, organizaciones no lucrativas, municipalidades y ciudadanos.<\/p>\n<h4>Historia<\/h4>\n<p>SCEC fue fundada en 1993 por un grupo de l\u00edderes empresariales y comunitarios, promueve activamente un enfoque de base para el desarrollo econ\u00f3mico y comunitario. Al buscar un terreno com\u00fan, trabajando a trav\u00e9s de los l\u00edmites pol\u00edticos, municipales y econ\u00f3micos tradicionales, el Consejo est\u00e1 trabajando con los residentes de WashingtonCounty para construir un futuro m\u00e1s brillante.<\/p>\n<h4>Gu\u00edas Principales Para Apoyar el Desarrollo<\/h4>\n<p>&nbsp;<\/p>\n<p><span style=\"font-weight: 400;\">La diversificaci\u00f3n de la base comercial e industrial sostiene la econom\u00eda de nuestra regi\u00f3n. Por lo tanto, SCEC promueve el desarrollo de proyectos en la regi\u00f3n. esto puede ser en forma de asesoramiento sobre paquetes de financiamiento, asistencia t\u00e9cnica, recursos de soporte comercial, ubicaci\u00f3n, pruebas de la disponibilidad de mano de obra, administraci\u00f3n de proyectos u otra asistencia seg\u00fan sea necesario para respaldar un proyecto en particular.<\/span><\/p>\n<p><span style=\"font-weight: 400;\">Cuando se solicita a SCEC que asuma un rol activo en un proyecto como apoyo, representante, patrocinador o asistencia de gesti\u00f3n de proyectos, los siguientes sirven como pautas para ayudar a la junta directiva a avanzar en nuestra misi\u00f3n al involucrarse en un proyecto:<\/span><\/p>\n<p><span style=\"font-weight: 400;\">1.<\/span><b>impacto Econ\u00f3mico: <\/b><span style=\"font-weight: 400;\">la cantidad y calidad de los trabajos creados debe ser consistente con la escala del desarrollo. La planificaci\u00f3n comercial debe demostrar que hay una mano de obra disponible, o puede estar disponible con la capacitaci\u00f3n necesaria, y que los trabajos son sostenibles a lo largo de la vida proyectada del proyecto.<\/span><\/p>\n<ol start=\"2\">\n<li><b>Impacto a la Comunidad: <\/b><span style=\"font-weight: 400;\">El impacto neto del proyecto en los recursos naturales de la regi\u00f3n, la infraestructura p\u00fablica y las instituciones comunitarias ser\u00e1 positivo o neutral. Esto se puede lograr mediante la planificaci\u00f3n del proyecto, la mitigaci\u00f3n, las ganancias netas en los ingresos fiscales y otros medios.<\/span><\/li>\n<li><b>Viabilidad T\u00e9cnica:<\/b><span style=\"font-weight: 400;\">El proyecto deber\u00eda tener una alta probabilidad de \u00e9xito, evidenciado por la experiencia t\u00e9cnica, las capacidades de gesti\u00f3n y la capacidad financiera para el desarrollo y la operaci\u00f3n.<\/span><\/li>\n<li><b>Participaci\u00f3n de las Partes Interesadas: <\/b><span style=\"font-weight: 400;\">Los directores del proyecto deben demostrar su compromiso con el Condado de Washington trabajando con grupos de base comunitarios para maximizar el impacto positivo del proyecto en la regi\u00f3n.<\/span><\/li>\n<\/ol>\n<p>&nbsp;<br \/>\n[\/et_pb_text][\/et_pb_column][\/et_pb_row][\/et_pb_section]<\/p>\n","protected":false},"excerpt":{"rendered":"<p>Misi\u00f3n El Sunrise County Economic Council (SCEC) inicia y facilita la creaci\u00f3n de empleos y la prosperidad en Washington County, Maine, trabajando con un consorcio de empresas con mentalidad comunitaria, [&hellip;]<\/p>\n","protected":false},"author":8,"featured_media":0,"parent":4562,"menu_order":0,"comment_status":"closed","ping_status":"closed","template":"","meta":{"_et_pb_use_builder":"on","_et_pb_old_content":"","_et_gb_content_width":"","footnotes":""},"class_list":["post-4623","page","type-page","status-publish","hentry"],"_links":{"self":[{"href":"https:\/\/sunrisecounty.org\/es\/wp-json\/wp\/v2\/pages\/4623","targetHints":{"allow":["GET"]}}],"collection":[{"href":"https:\/\/sunrisecounty.org\/es\/wp-json\/wp\/v2\/pages"}],"about":[{"href":"https:\/\/sunrisecounty.org\/es\/wp-json\/wp\/v2\/types\/page"}],"author":[{"embeddable":true,"href":"https:\/\/sunrisecounty.org\/es\/wp-json\/wp\/v2\/users\/8"}],"replies":[{"embeddable":true,"href":"https:\/\/sunrisecounty.org\/es\/wp-json\/wp\/v2\/comments?post=4623"}],"version-history":[{"count":0,"href":"https:\/\/sunrisecounty.org\/es\/wp-json\/wp\/v2\/pages\/4623\/revisions"}],"up":[{"embeddable":true,"href":"https:\/\/sunrisecounty.org\/es\/wp-json\/wp\/v2\/pages\/4562"}],"wp:attachment":[{"href":"https:\/\/sunrisecounty.org\/es\/wp-json\/wp\/v2\/media?parent=4623"}],"curies":[{"name":"wp","href":"https:\/\/api.w.org\/{rel}","templated":true}]}}