{"id":4562,"date":"2018-04-29T15:10:22","date_gmt":"2018-04-29T19:10:22","guid":{"rendered":"http:\/\/sunrisecounty.org\/acerca-de-scec\/"},"modified":"2021-01-28T14:54:59","modified_gmt":"2021-01-28T19:54:59","slug":"acerca-de-scec","status":"publish","type":"page","link":"https:\/\/sunrisecounty.org\/es\/acerca-de-scec\/","title":{"rendered":"Acerca de SCEC"},"content":{"rendered":"<p>[et_pb_section fb_built=\u00bb1&#8243; fullwidth=\u00bbon\u00bb _builder_version=\u00bb3.7&#8243; background_color=\u00bb#2f2f2f\u00bb global_module=\u00bb2960&#8243;][et_pb_fullwidth_menu menu_id=\u00bb10&#8243; submenu_direction=\u00bbdownwards\u00bb fullwidth_menu=\u00bboff\u00bb dropdown_menu_text_color=\u00bb#ffffff\u00bb _builder_version=\u00bb3.3.1&#8243; menu_font=\u00bb|700||on|||||\u00bb background_color=\u00bb#2f2f2f\u00bb text_orientation=\u00bbcenter\u00bb background_layout=\u00bbdark\u00bb][\/et_pb_fullwidth_menu][\/et_pb_section][et_pb_section fb_built=\u00bb1&#8243; fullwidth=\u00bbon\u00bb _builder_version=\u00bb3.22&#8243;][et_pb_fullwidth_image admin_label=\u00bbFullwidth Banner Image\u00bb _builder_version=\u00bb3.0.92&#8243; background_image=\u00bbhttps:\/\/sunrisecounty.org\/wp-content\/uploads\/2018\/01\/banner-sunset.jpg\u00bb background_position=\u00bbbottom_center\u00bb custom_css_main_element=\u00bbheight: 300px;\u00bb][\/et_pb_fullwidth_image][\/et_pb_section][et_pb_section fb_built=\u00bb1&#8243; admin_label=\u00bbAbout SCEC Title\u00bb _builder_version=\u00bb3.22&#8243; background_color=\u00bb#ffc20f\u00bb background_image=\u00bbhttps:\/\/sunrisecounty.org\/wp-content\/uploads\/2018\/01\/yellow-bg.jpg\u00bb background_size=\u00bbinitial\u00bb background_position=\u00bbbottom_center\u00bb background_repeat=\u00bbrepeat\u00bb custom_margin=\u00bb0px|0px|0px|0px\u00bb custom_padding=\u00bb0px|0px|0px|0px\u00bb custom_css_main_element=\u00bbheight: 80px;\u00bb][et_pb_row _builder_version=\u00bb3.25&#8243;][et_pb_column type=\u00bb4_4&#8243; _builder_version=\u00bb3.25&#8243; custom_padding=\u00bb|||\u00bb custom_padding__hover=\u00bb|||\u00bb][et_pb_text admin_label=\u00bbAbout SCEC Title\u00bb _builder_version=\u00bb3.27.4&#8243; background_layout=\u00bbdark\u00bb]<\/p>\n<h1 style=\"text-align: center;\">Acerca SCEC<\/h1>\n<p>[\/et_pb_text][\/et_pb_column][\/et_pb_row][\/et_pb_section][et_pb_section fb_built=\u00bb1&#8243; _builder_version=\u00bb3.22&#8243;][et_pb_row _builder_version=\u00bb3.25&#8243; background_size=\u00bbinitial\u00bb background_position=\u00bbtop_left\u00bb background_repeat=\u00bbrepeat\u00bb][et_pb_column type=\u00bb4_4&#8243; _builder_version=\u00bb3.25&#8243; custom_padding=\u00bb|||\u00bb custom_padding__hover=\u00bb|||\u00bb][et_pb_text _builder_version=\u00bb3.27.4&#8243;]<\/p>\n<h4>Construyendo un Futuro m\u00e1s Brillante para el Condado de Washington<\/h4>\n<p>El consejo Econ\u00f3mico del Condado (SCEC) inicia y facilita la creaci\u00f3n de empleos y prosperidad en el Condado de Washington, Maine, al trabajar con un consorcio de negocios con mentalidad comunitaria, organizaciones sin fines de lucro, municipios y ciudadanos.<\/p>\n<p>SCEC fue fundado en 1993 por un grupo de l\u00edderes empresariales y comunitarios y promueve activamente un enfoque de base para el desarrollo econ\u00f3mico y comunitario. Al buscar puntos en com\u00fan, \u00a0trabajando a trav\u00e9s de las fronteras pol\u00edticas, municipal \u00a0y econ\u00f3micas tradicionales, el Consejo est\u00e1 trabajando con los residentes del Condado de Washington para construir un futuro m\u00e1s brillante.<\/p>\n<h4>Gu\u00edas Principales Para Apoyar el Desarrollo<\/h4>\n<p>La diversificaci\u00f3n de la base comercial e industrial sostiene la econom\u00eda de nuestra regi\u00f3n. Por lo tanto, SCEC promueve el desarrollo de proyectos en la regi\u00f3n. esto puede ser en forma de asesoramiento sobre paquetes de financiamiento, asistencia t\u00e9cnica, recursos de soporte comercial, ubicaci\u00f3n, pruebas de la disponibilidad de mano de obra, administraci\u00f3n de proyectos u otra asistencia seg\u00fan sea necesario para respaldar un proyecto en particular.<\/p>\n<p>Cuando se solicita a SCEC que asuma un rol activo en un proyecto como apoyo, representante, patrocinador o asistencia de gesti\u00f3n de proyectos, los siguientes sirven como pautas para ayudar a la junta directiva a avanzar en nuestra misi\u00f3n al involucrarse en un proyecto:<\/p>\n<p>1.<strong>impacto Econ\u00f3mico:\u00a0<\/strong>la cantidad y calidad de los trabajos creados debe ser consistente con la escala del desarrollo. La planificaci\u00f3n comercial debe demostrar que hay una mano de obra disponible, o puede estar disponible con la capacitaci\u00f3n necesaria, y que los trabajos son sostenibles a lo largo de la vida proyectada del proyecto.<\/p>\n<p>2.\u00a0<strong>Impacto a la Comunidad:\u00a0<\/strong>El impacto neto del proyecto en los recursos naturales de la regi\u00f3n, la infraestructura p\u00fablica y las instituciones comunitarias ser\u00e1 positivo o neutral. Esto se puede lograr mediante la planificaci\u00f3n del proyecto, la mitigaci\u00f3n, las ganancias netas en los ingresos fiscales y otros medios.<\/p>\n<p>3.\u00a0<strong>Viabilidad T\u00e9cnica:<\/strong> El proyecto deber\u00eda tener una alta probabilidad de \u00e9xito, evidenciado por la experiencia t\u00e9cnica, las capacidades de gesti\u00f3n y la capacidad financiera para el desarrollo y la operaci\u00f3n.<\/p>\n<p>4.\u00a0<strong>Participaci\u00f3n de las Partes Interesadas:\u00a0<\/strong>Los directores del proyecto deben demostrar su compromiso con el Condado de Washington trabajando con grupos de base comunitarios para maximizar el impacto positivo del proyecto en la regi\u00f3n.<\/p>\n<p>&nbsp;<br \/>\n[\/et_pb_text][\/et_pb_column][\/et_pb_row][\/et_pb_section]<\/p>\n","protected":false},"excerpt":{"rendered":"<p>Acerca SCEC Construyendo un Futuro m\u00e1s Brillante para el Condado de Washington El consejo Econ\u00f3mico del Condado (SCEC) inicia y facilita la creaci\u00f3n de empleos y prosperidad en el Condado [&hellip;]<\/p>\n","protected":false},"author":10,"featured_media":0,"parent":0,"menu_order":2,"comment_status":"closed","ping_status":"closed","template":"","meta":{"_et_pb_use_builder":"on","_et_pb_old_content":"<p><span style=\"color: #000000;\"><strong><em>Building a Brighter Future for Washington County<\/em><\/strong><\/span><\/p>[caption id=\"attachment_61\" align=\"alignright\" width=\"350\"]<img class=\"size-medium wp-image-61\" title=\"sunrise by Don Dunbar\" src=\"http:\/\/sunrisecounty.org\/wp-content\/uploads\/2012\/08\/sunrise-350x280.jpg\" alt=\"Photo by Don Dunbar\" width=\"350\" height=\"280\" \/> Photo by Don Dunbar[\/caption]<p>The Sunrise County Economic Council (SCEC) initiates and facilitates the creation of jobs and prosperity in Washington County, Maine, by working with a consortium of community-minded businesses, not-for-profit organizations, municipalities and citizens.<\/p><p>SCEC was founded in 1993 by a group of business and community leaders and actively promotes a grassroots approach to economic and community development. By seeking common ground, working across traditional political, municipal and economic boundaries, the Council is working with Washington County residents to build a brighter future.<\/p><p><span style=\"color: #000000;\"><em><strong>Guiding Principles for Supporting Development<\/strong><\/em><\/span><\/p><p>Diversifying the commercial and industrial base\u00a0 sustain our region\u2019s economy. Thus, SCEC promotes development of projects in the region. This may be in the form of advising on financing packages, technical assistance, business support resources, site location, testing workforce availability, providing project management or other assistance as necessary to support a particular project.<\/p><p>When SCEC is called on to take an active role on a project such as support, advocacy, endorsement, or project management assistance, the following serve as guidelines to assist the Board in advancing our mission by becoming involved in a project:<\/p><ol><li><strong> Economic Impact:<\/strong> The number and quality of jobs created should be consistent with the scale of the development. Business planning should demonstrate a workforce is on hand, or can be made available with necessary training, and that the jobs are sustainable over the projected life of the project.<\/li><\/ol><ol start=\"2\"><li><strong> Community Impact:<\/strong> The project\u2019s net impact on the region\u2019s natural resources, public infrastructure and community institutions will be positive or neutral. This can be achieved through project planning, mitigation, net gains in tax revenue, and other means.<\/li><\/ol><ol start=\"3\"><li><strong> Technical Feasibility<\/strong>: The project should have a high likelihood of success, evidenced by technical expertise, management capabilities, and financial capacity for development and operation.<\/li><\/ol><ol start=\"4\"><li><strong> Stakeholder Involvement:<\/strong> The project\u2019s principals must demonstrate their commitment to Washington County by working with community-based constituencies to maximize the positive impact of the project on the region<\/li><\/ol>","_et_gb_content_width":"","footnotes":""},"class_list":["post-4562","page","type-page","status-publish","hentry"],"_links":{"self":[{"href":"https:\/\/sunrisecounty.org\/es\/wp-json\/wp\/v2\/pages\/4562","targetHints":{"allow":["GET"]}}],"collection":[{"href":"https:\/\/sunrisecounty.org\/es\/wp-json\/wp\/v2\/pages"}],"about":[{"href":"https:\/\/sunrisecounty.org\/es\/wp-json\/wp\/v2\/types\/page"}],"author":[{"embeddable":true,"href":"https:\/\/sunrisecounty.org\/es\/wp-json\/wp\/v2\/users\/10"}],"replies":[{"embeddable":true,"href":"https:\/\/sunrisecounty.org\/es\/wp-json\/wp\/v2\/comments?post=4562"}],"version-history":[{"count":0,"href":"https:\/\/sunrisecounty.org\/es\/wp-json\/wp\/v2\/pages\/4562\/revisions"}],"wp:attachment":[{"href":"https:\/\/sunrisecounty.org\/es\/wp-json\/wp\/v2\/media?parent=4562"}],"curies":[{"name":"wp","href":"https:\/\/api.w.org\/{rel}","templated":true}]}}