{"id":4527,"date":"2018-04-29T14:58:36","date_gmt":"2018-04-29T18:58:36","guid":{"rendered":"http:\/\/sunrisecounty.org\/desarrollo-del-trabajo\/gracie-fund\/"},"modified":"2018-06-27T16:55:26","modified_gmt":"2018-06-27T20:55:26","slug":"gracie-fund","status":"publish","type":"page","link":"https:\/\/sunrisecounty.org\/es\/desarrollo-del-trabajo\/gracie-fund\/","title":{"rendered":"Fondo Gracie"},"content":{"rendered":"<p>[et_pb_section bb_built=\u00bb1&#8243; fullwidth=\u00bbon\u00bb specialty=\u00bboff\u00bb _builder_version=\u00bb3.0.92&#8243; background_color=\u00bb#2f2f2f\u00bb next_background_color=\u00bb#ffffff\u00bb global_module=\u00bb2960&#8243;][et_pb_fullwidth_menu global_parent=\u00bb2960&#8243; _builder_version=\u00bb3.0.93&#8243; menu_id=\u00bb10&#8243; submenu_direction=\u00bbdownwards\u00bb fullwidth_menu=\u00bboff\u00bb background_layout=\u00bbdark\u00bb menu_font=\u00bb|700||on|||||\u00bb text_orientation=\u00bbcenter\u00bb dropdown_menu_text_color=\u00bb#2f2f2f\u00bb \/][\/et_pb_section][et_pb_section bb_built=\u00bb1&#8243; fullwidth=\u00bbon\u00bb specialty=\u00bboff\u00bb _builder_version=\u00bb3.0.92&#8243; prev_background_color=\u00bb#2f2f2f\u00bb next_background_color=\u00bb#ffc20f\u00bb][et_pb_fullwidth_image admin_label=\u00bbFullwidth Banner Image\u00bb _builder_version=\u00bb3.0.105&#8243; show_in_lightbox=\u00bboff\u00bb url_new_window=\u00bboff\u00bb background_image=\u00bbhttp:\/\/sunrisecounty.org\/wp-content\/uploads\/2018\/02\/14.jpg\u00bb background_position=\u00bbtop_center\u00bb use_overlay=\u00bboff\u00bb custom_css_main_element=\u00bbheight: 300px;\u00bb \/][\/et_pb_section][et_pb_section bb_built=\u00bb1&#8243; admin_label=\u00bbAbout SCEC Title\u00bb fullwidth=\u00bboff\u00bb specialty=\u00bboff\u00bb _builder_version=\u00bb3.0.92&#8243; background_color=\u00bb#ffc20f\u00bb background_image=\u00bbhttp:\/\/sunrisecounty.org\/wp-content\/uploads\/2018\/01\/yellow-bg.jpg\u00bb background_position=\u00bbbottom_center\u00bb custom_css_main_element=\u00bbheight: 80px;\u00bb custom_margin=\u00bb0px|0px|0px|0px\u00bb custom_padding=\u00bb0px|0px|0px|0px\u00bb background_size=\u00bbinitial\u00bb background_repeat=\u00bbrepeat\u00bb prev_background_color=\u00bb#ffffff\u00bb next_background_color=\u00bb#ffffff\u00bb global_module=\u00bb3329&#8243;][et_pb_row global_parent=\u00bb3329&#8243; _builder_version=\u00bb3.0.92&#8243;][et_pb_column type=\u00bb4_4&#8243;][et_pb_post_title global_parent=\u00bb3329&#8243; _builder_version=\u00bb3.0.105&#8243; title=\u00bbon\u00bb meta=\u00bboff\u00bb author=\u00bbon\u00bb date=\u00bbon\u00bb categories=\u00bbon\u00bb comments=\u00bbon\u00bb featured_image=\u00bboff\u00bb featured_placement=\u00bbbelow\u00bb text_color=\u00bblight\u00bb text_background=\u00bboff\u00bb text_orientation=\u00bbcenter\u00bb \/][\/et_pb_column][\/et_pb_row][\/et_pb_section][et_pb_section bb_built=\u00bb1&#8243; prev_background_color=\u00bb#ffc20f\u00bb next_background_color=\u00bb#eeece5&#8243;][et_pb_row][et_pb_column type=\u00bb2_3&#8243;][et_pb_text _builder_version=\u00bb3.0.93&#8243; background_layout=\u00bblight\u00bb]<\/p>\n<h1>Programa de Pago de Pr\u00e9stamos Estudiantiles para Residentes del Condado de Washington<\/h1>\n<p>[\/et_pb_text][et_pb_text _builder_version=\u00bb3.0.93&#8243; background_layout=\u00bblight\u00bb]<\/p>\n<p>Si considera que el Condado Washington \u00a0es su hogar y planea \u00a0quedarse aqu\u00ed, Gracie Fund puede ayudarlo a pagar sus pr\u00e9stamos estudiantiles.<\/p>\n<p>Gracie Fund fomenta el desarrollo de la comunidad al ayudar a los destinatarios a conectarse con el Condado de Washington \u00a0a trav\u00e9s de su compromiso con un servicio profesional y comunitario. Se otorgar\u00e1n premios de reembolso de pr\u00e9stamos de ,000 a hasta tres personas cada a\u00f1o.<\/p>\n<p>[\/et_pb_text][\/et_pb_column][et_pb_column type=\u00bb1_3&#8243;][et_pb_testimonial _builder_version=\u00bb3.0.93&#8243; author=\u00bbDonante de Gracie Fund\u00bb url_new_window=\u00bboff\u00bb quote_icon=\u00bbon\u00bb use_background_color=\u00bbon\u00bb quote_icon_background_color=\u00bb#f5f5f5&#8243; background_layout=\u00bblight\u00bb quote_icon_color=\u00bb#176535&#8243; text_orientation=\u00bbcenter\u00bb body_text_align=\u00bbcenter\u00bb body_font_size=\u00bb16&#8243;]<\/p>\n<p>\u00abCuando vine a Maine, dese\u00e9 haber nacido aqu\u00ed. Hay una integridad en las comunidades de Maine que vale la pena preservar. Es una forma de vida din\u00e1mica con generaciones de valor.\u00bb<\/p>\n<p>[\/et_pb_testimonial][\/et_pb_column][\/et_pb_row][\/et_pb_section][et_pb_section bb_built=\u00bb1&#8243; fullwidth=\u00bboff\u00bb specialty=\u00bboff\u00bb _builder_version=\u00bb3.0.93&#8243; background_color=\u00bb#eeece5&#8243; prev_background_color=\u00bb#ffffff\u00bb next_background_color=\u00bb#ffffff\u00bb][et_pb_row][et_pb_column type=\u00bb4_4&#8243;][et_pb_text _builder_version=\u00bb3.0.93&#8243; background_layout=\u00bblight\u00bb]<\/p>\n<h1 style=\"text-align: center;\">Servicio Comunitario<\/h1>\n<p>[\/et_pb_text][et_pb_text _builder_version=\u00bb3.0.93&#8243; background_layout=\u00bblight\u00bb]<\/p>\n<p style=\"text-align: center;\">El componente clave del Programa Gracie es el servicio a la comunidad. Con la ayuda de los administradores del fondo, los participantes desarrollar\u00e1n un plan de acci\u00f3n voluntario que describir\u00e1 los objetivos a corto y largo plazo en funci\u00f3n de sus interese y habilidades. El Condado de Washington ofrece una multitud de oportunidades de voluntariado. los planes de acci\u00f3n podr\u00edan implicar trabajar con un grupo de desarrollo local para atraer negocios al \u00e1rea, ayudar a dise\u00f1ar un plan integral para su ciudad, ofrecerse como voluntario en una agencia local de arte o servicios humanos o servir en una junta municipal. Los participantes estar\u00e1n conectados con los l\u00edderes y organizaciones del \u00e1rea por personal del Consejo Econ\u00f3mico Sunrise que ha desarrollado redes y asociaciones de residentes trabajando juntos para el beneficio del Condado Washington, muchos de los cuales son graduados de Washington County Leadership Institute.<\/p>\n<p>[\/et_pb_text][et_pb_text _builder_version=\u00bb3.0.105&#8243; background_layout=\u00bblight\u00bb]<\/p>\n<h1 style=\"text-align: center;\">Historia y Prop\u00f3sito<\/h1>\n<p>[\/et_pb_text][et_pb_text _builder_version=\u00bb3.0.93&#8243; background_layout=\u00bblight\u00bb]<\/p>\n<p style=\"text-align: center;\">Gracie Fund ofrece incentivos de reembolso de matr\u00edcula para alentar a los nativos del Condado de Washington , o aquellos que consideran al Condado de Washington su \u00abhogar\u00bb, para establecer nuevas y m\u00e1s profundas ra\u00edces en sus comunidades luego de completar su educaci\u00f3n post secundaria. Gracie Fund fomenta el desarrollo de la comunidad al ayudar a los destinatarios a conectarse con el Condado de Washington a trav\u00e9s de su compromiso con un servicio profesional y comunitario. Se otorgar\u00e1n premios de reembolso de pr\u00e9stamos escolares de hasta ,000 a tres personas cada a\u00f1o. Los premios pueden renovarse por hasta tres a\u00f1os. El IRS considera que estos premios son ingresos sujetos a impuestos.<\/p>\n<p>[\/et_pb_text][\/et_pb_column][\/et_pb_row][\/et_pb_section][et_pb_section bb_built=\u00bb1&#8243; fullwidth=\u00bboff\u00bb specialty=\u00bboff\u00bb prev_background_color=\u00bb#eeece5&#8243; next_background_color=\u00bb#eeece5&#8243;][et_pb_row][et_pb_column type=\u00bb4_4&#8243;][et_pb_text _builder_version=\u00bb3.0.93&#8243; background_layout=\u00bblight\u00bb]<\/p>\n<h1 style=\"text-align: center;\">Elegibilidad<\/h1>\n<p>[\/et_pb_text][et_pb_text _builder_version=\u00bb3.0.93&#8243; background_layout=\u00bblight\u00bb]<\/p>\n<p style=\"text-align: center;\">Gracie Fund invita a solicitantes nativos del Condado de Washington, o aquellos que consideran al Condado de Washington su \u00abhogar\u00bb, que se han graduado de la universidad dentro de los cinco a\u00f1os posteriores a la fecha de solicitud y est\u00e1n construyendo un a vida profesional y personal en el Condado de Washington. Se da preferencia a los solicitantes que regresan al Condado de Washington. La preferencia es para los solicitantes que tengan la intenci\u00f3n de trabajar y vivir en el Condado de Washington por un m\u00ednimo de dos a\u00f1os. Los solicitantes deben cumplir con su obligaci\u00f3n de servicio comunitario al ofrecerse como voluntarios en una organizaci\u00f3n del Condado de Washington (es decir, agencia de servicios sociales, biblioteca, escuela, iglesia, equipo deportivo, etc.). Los solicitantes deben de comprometerse a participar activamente en el programa Gracie ( es decir, plan de acci\u00f3n, asistir a reuniones semestrales de los participantes de Gracie). Los solicitantes no pueden estar en incumplimiento de un pr\u00e9stamo o tener pr\u00e9stamos diferidos.<\/p>\n<p>[\/et_pb_text][\/et_pb_column][\/et_pb_row][\/et_pb_section][et_pb_section bb_built=\u00bb1&#8243; fullwidth=\u00bboff\u00bb specialty=\u00bboff\u00bb _builder_version=\u00bb3.0.93&#8243; background_color=\u00bb#eeece5&#8243; prev_background_color=\u00bb#ffffff\u00bb next_background_color=\u00bb#ffffff\u00bb][et_pb_row][et_pb_column type=\u00bb4_4&#8243;][et_pb_text _builder_version=\u00bb3.0.93&#8243; background_layout=\u00bblight\u00bb]<\/p>\n<h1 style=\"text-align: center;\">Criterio de Selecci\u00f3n<\/h1>\n<p>[\/et_pb_text][et_pb_text _builder_version=\u00bb3.0.93&#8243; background_layout=\u00bblight\u00bb]<\/p>\n<p style=\"text-align: center;\">La consideraci\u00f3n del premio se basar\u00e1 en:<\/p>\n<ol>\n<li style=\"text-align: center;\">Evidencia de un fuerte compromiso para establecer nuevas y m\u00e1s profundas ra\u00edces en el Condado de Washington .<\/li>\n<\/ol>\n<p style=\"text-align: center;\">2. Evidencia de servicio comunitario previo.<\/p>\n<p style=\"text-align: center;\">3. Evidencia de necesidad financiera.<\/p>\n<p>&nbsp;<br \/>\n[\/et_pb_text][\/et_pb_column][\/et_pb_row][\/et_pb_section][et_pb_section bb_built=\u00bb1&#8243; fullwidth=\u00bboff\u00bb specialty=\u00bboff\u00bb _builder_version=\u00bb3.0.93&#8243; prev_background_color=\u00bb#eeece5&#8243; next_background_color=\u00bb#eeece5&#8243;][et_pb_row _builder_version=\u00bb3.0.93&#8243;][et_pb_column type=\u00bb4_4&#8243;][et_pb_button _builder_version=\u00bb3.0.93&#8243; button_text=\u00bbAplicar Ahora\u00bb button_url=\u00bbhttp:\/\/www.mainecf.org\/portals\/0\/pdfs\/7\/Gracie.pdf\u00bb url_new_window=\u00bbon\u00bb background_layout=\u00bbdark\u00bb custom_button=\u00bboff\u00bb button_icon_placement=\u00bbright\u00bb button_alignment=\u00bbcenter\u00bb \/][et_pb_text _builder_version=\u00bb3.0.93&#8243; background_layout=\u00bblight\u00bb]<\/p>\n<p style=\"text-align: center;\">Las solicitudes deben de tener el sello postal antes del 15 de julio y deben de enviarse<\/p>\n<p style=\"text-align: center;\">a:<br \/>\nGracie Fund<br \/>\nMaine Community Foundation<br \/>\n245 Main Street<br \/>\nEllsworth, ME 04605<\/p>\n<p>[\/et_pb_text][\/et_pb_column][\/et_pb_row][\/et_pb_section][et_pb_section bb_built=\u00bb1&#8243; fullwidth=\u00bboff\u00bb specialty=\u00bboff\u00bb _builder_version=\u00bb3.0.93&#8243; background_color=\u00bb#eeece5&#8243; prev_background_color=\u00bb#ffffff\u00bb][et_pb_row][et_pb_column type=\u00bb1_3&#8243;][\/et_pb_column][et_pb_column type=\u00bb1_3&#8243;][et_pb_team_member _builder_version=\u00bb3.0.93&#8243; name=\u00bbJennifer Peters\u00bb position=\u00bbDirector Asistente\u00bb image_url=\u00bbhttp:\/\/sunrisecounty.org\/wp-content\/uploads\/2018\/01\/JP.png\u00bb background_layout=\u00bblight\u00bb text_orientation=\u00bbcenter\u00bb header_text_align=\u00bbcenter\u00bb body_text_align=\u00bbcenter\u00bb]<\/p>\n<p>\u00a1Cont\u00e1ctese conmigo para cualquier pregunta de Gracie Fund!<br \/>\n<strong><a href=\"mailto:scec@sunrisecounty.org\">scec@sunrisecounty.org<\/a><\/strong><br \/>\n207-255-0983<\/p>\n<p>[\/et_pb_team_member][\/et_pb_column][et_pb_column type=\u00bb1_3&#8243;][\/et_pb_column][\/et_pb_row][\/et_pb_section]<\/p>\n","protected":false},"excerpt":{"rendered":"<p><div class=\"et_pb_row et_pb_row_0 et_pb_row_empty\">\n\t\t\t\t\n\t\t\t\t\n\t\t\t\t\n\t\t\t\t\n\t\t\t\t\n\t\t\t<\/div> Programa de Pago de Pr\u00e9stamos Estudiantiles para Residentes del Condado de Washington Si considera que el Condado Washington \u00a0es su hogar y planea \u00a0quedarse aqu\u00ed, Gracie Fund puede ayudarlo [&hellip;]<\/p>\n","protected":false},"author":10,"featured_media":0,"parent":4495,"menu_order":2,"comment_status":"closed","ping_status":"closed","template":"","meta":{"_et_pb_use_builder":"on","_et_pb_old_content":"[caption id=\"attachment_1931\" align=\"alignright\" width=\"350\"]<a href=\"http:\/\/sunrisecounty.org\/wp-content\/uploads\/2012\/08\/Rebeca-Ortiz-Kathleen-Esposito-Teresa-Stepan-Maeve-Perry-Jodi-Hedberg.jpg\"><img class=\"wp-image-1931 size-medium\" src=\"http:\/\/sunrisecounty.org\/wp-content\/uploads\/2012\/08\/Rebeca-Ortiz-Kathleen-Esposito-Teresa-Stepan-Maeve-Perry-Jodi-Hedberg-350x197.jpg\" alt=\"Rebeca Ortiz, Kathleen Esposito, Teresa Stepan, Maeve Perry, Jodi Hedberg\" width=\"350\" height=\"197\" \/><\/a> 2014 Gracie Fund Recipients: Rebeca Ortiz, Kathleen Esposito, Teresa Stepan, Maeve Perry, Jodi Hedberg[\/caption]<p>The Gracie Fund is a student loan repayment program which encourages residents of Washington County, or those who consider Washington County their \u201chome\u201d, to establish roots in the community following completion of their post-secondary education. Students who have earned a degree and are building a professional and personal life in Washington County are encouraged to apply (deadline July 15).<\/p><p>The Gracie Fund fosters community development by helping recipients connect to Washington County through their commitment to a career and community service. Loan repayment awards of $5,000 will be awarded to up to three individuals each year. These awards may be renewed for up to three years. The IRS considers these awards taxable income.<\/p><p>Complete <a href=\"http:\/\/www.mainecf.org\/portals\/0\/pdfs\/7\/Gracie.pdf\" target=\"_blank\" rel=\"noopener\">guidelines and application form<\/a> (PDF) are available through the Maine Community Foundation and SCEC, who jointly administer the Gracie Fund.<\/p><p>Contact SCEC Assistant Director Jennifer Peters at 207-255-0983 or email <a href=\"mailto:scec@www.scecme.org\">scec@www.scecme.org<\/a> for more information.<\/p>","_et_gb_content_width":"","footnotes":""},"class_list":["post-4527","page","type-page","status-publish","hentry"],"_links":{"self":[{"href":"https:\/\/sunrisecounty.org\/es\/wp-json\/wp\/v2\/pages\/4527","targetHints":{"allow":["GET"]}}],"collection":[{"href":"https:\/\/sunrisecounty.org\/es\/wp-json\/wp\/v2\/pages"}],"about":[{"href":"https:\/\/sunrisecounty.org\/es\/wp-json\/wp\/v2\/types\/page"}],"author":[{"embeddable":true,"href":"https:\/\/sunrisecounty.org\/es\/wp-json\/wp\/v2\/users\/10"}],"replies":[{"embeddable":true,"href":"https:\/\/sunrisecounty.org\/es\/wp-json\/wp\/v2\/comments?post=4527"}],"version-history":[{"count":0,"href":"https:\/\/sunrisecounty.org\/es\/wp-json\/wp\/v2\/pages\/4527\/revisions"}],"up":[{"embeddable":true,"href":"https:\/\/sunrisecounty.org\/es\/wp-json\/wp\/v2\/pages\/4495"}],"wp:attachment":[{"href":"https:\/\/sunrisecounty.org\/es\/wp-json\/wp\/v2\/media?parent=4527"}],"curies":[{"name":"wp","href":"https:\/\/api.w.org\/{rel}","templated":true}]}}