{"id":4500,"date":"2018-04-29T14:12:33","date_gmt":"2018-04-29T18:12:33","guid":{"rendered":"http:\/\/sunrisecounty.org\/desarrollo-del-trabajo\/fondo-de-beca-sunrise\/"},"modified":"2018-05-13T17:55:38","modified_gmt":"2018-05-13T21:55:38","slug":"fondo-de-beca-sunrise","status":"publish","type":"page","link":"https:\/\/sunrisecounty.org\/es\/desarrollo-del-trabajo\/fondo-de-beca-sunrise\/","title":{"rendered":"Fondo de Beca Sunrise"},"content":{"rendered":"<p>[et_pb_section bb_built=\u00bb1&#8243; fullwidth=\u00bbon\u00bb specialty=\u00bboff\u00bb _builder_version=\u00bb3.0.92&#8243; background_color=\u00bb#2f2f2f\u00bb next_background_color=\u00bb#ffffff\u00bb global_module=\u00bb2960&#8243;][et_pb_fullwidth_menu global_parent=\u00bb2960&#8243; _builder_version=\u00bb3.0.93&#8243; menu_id=\u00bb10&#8243; submenu_direction=\u00bbdownwards\u00bb fullwidth_menu=\u00bboff\u00bb background_layout=\u00bbdark\u00bb menu_font=\u00bb|700||on|||||\u00bb text_orientation=\u00bbcenter\u00bb dropdown_menu_text_color=\u00bb#2f2f2f\u00bb \/][\/et_pb_section][et_pb_section bb_built=\u00bb1&#8243; fullwidth=\u00bbon\u00bb specialty=\u00bboff\u00bb _builder_version=\u00bb3.0.92&#8243; prev_background_color=\u00bb#2f2f2f\u00bb next_background_color=\u00bb#ffc20f\u00bb][et_pb_fullwidth_image admin_label=\u00bbFullwidth Banner Image\u00bb _builder_version=\u00bb3.0.105&#8243; show_in_lightbox=\u00bboff\u00bb url_new_window=\u00bboff\u00bb background_image=\u00bbhttp:\/\/sunrisecounty.org\/wp-content\/uploads\/2018\/02\/17.jpg\u00bb background_position=\u00bbtop_center\u00bb use_overlay=\u00bboff\u00bb custom_css_main_element=\u00bbheight: 300px;\u00bb \/][\/et_pb_section][et_pb_section bb_built=\u00bb1&#8243; admin_label=\u00bbAbout SCEC Title\u00bb fullwidth=\u00bboff\u00bb specialty=\u00bboff\u00bb _builder_version=\u00bb3.0.92&#8243; background_color=\u00bb#ffc20f\u00bb background_image=\u00bbhttp:\/\/sunrisecounty.org\/wp-content\/uploads\/2018\/01\/yellow-bg.jpg\u00bb background_position=\u00bbbottom_center\u00bb custom_css_main_element=\u00bbheight: 80px;\u00bb custom_margin=\u00bb0px|0px|0px|0px\u00bb custom_padding=\u00bb0px|0px|0px|0px\u00bb background_size=\u00bbinitial\u00bb background_repeat=\u00bbrepeat\u00bb prev_background_color=\u00bb#ffffff\u00bb next_background_color=\u00bb#ffffff\u00bb global_module=\u00bb3329&#8243;][et_pb_row global_parent=\u00bb3329&#8243; _builder_version=\u00bb3.0.92&#8243;][et_pb_column type=\u00bb4_4&#8243;][et_pb_post_title global_parent=\u00bb3329&#8243; _builder_version=\u00bb3.0.105&#8243; title=\u00bbon\u00bb meta=\u00bboff\u00bb author=\u00bbon\u00bb date=\u00bbon\u00bb categories=\u00bbon\u00bb comments=\u00bbon\u00bb featured_image=\u00bboff\u00bb featured_placement=\u00bbbelow\u00bb text_color=\u00bblight\u00bb text_background=\u00bboff\u00bb text_orientation=\u00bbcenter\u00bb \/][\/et_pb_column][\/et_pb_row][\/et_pb_section][et_pb_section bb_built=\u00bb1&#8243; fullwidth=\u00bboff\u00bb specialty=\u00bboff\u00bb prev_background_color=\u00bb#ffc20f\u00bb next_background_color=\u00bb#eeece5&#8243;][et_pb_row][et_pb_column type=\u00bb3_4&#8243;][et_pb_text _builder_version=\u00bb3.0.93&#8243; background_layout=\u00bblight\u00bb]<\/p>\n<h1>\u00bfNecesita capacitaci\u00f3n para el empleo o ascenso laboral?<\/h1>\n<p>[\/et_pb_text][et_pb_text _builder_version=\u00bb3.0.93&#8243; background_layout=\u00bblight\u00bb]<\/p>\n<p>Este programa proporcionar\u00e1 becas de hasta 0 para residentes del Condado de Washington, de ingresos bajos a moderados, que asistir\u00e1n a un programa de capacitaci\u00f3n y\/o certificaci\u00f3n que aumentar\u00e1 sus oportunidades de empleo INMEDIATO o promoci\u00f3n laboral.<\/p>\n<p>[\/et_pb_text][\/et_pb_column][et_pb_column type=\u00bb1_4&#8243;][et_pb_button _builder_version=\u00bb3.0.93&#8243; button_text=\u00bbAplicar Ahora\u00bb button_url=\u00bbhttp:\/\/sunrisecounty.org\/wp-content\/uploads\/2015\/10\/New-Application-for-Sunrise-Scholarship-Fund.pdf\u00bb url_new_window=\u00bbon\u00bb button_alignment=\u00bbcenter\u00bb background_layout=\u00bbdark\u00bb custom_button=\u00bboff\u00bb button_icon_placement=\u00bbright\u00bb \/][et_pb_text _builder_version=\u00bb3.0.93&#8243; background_layout=\u00bblight\u00bb]<\/p>\n<p style=\"text-align: center;\"><b>enviar aplicaci\u00f3n a:\u00a0<\/b><br \/>\n<a href=\"mailto:scec@sunrisecounty.org\">scec@sunrisecounty.org<\/a><\/p>\n<p style=\"text-align: center;\"><strong>Enviar\u00a0aplicaci\u00f3n a :\u00a0<\/strong><br \/>\nJennifer Peters<br \/>\n7 Ames Way<br \/>\nMachias, ME 04654<\/p>\n<p>[\/et_pb_text][\/et_pb_column][\/et_pb_row][\/et_pb_section][et_pb_section bb_built=\u00bb1&#8243; fullwidth=\u00bboff\u00bb specialty=\u00bboff\u00bb _builder_version=\u00bb3.0.93&#8243; background_color=\u00bb#eeece5&#8243; prev_background_color=\u00bb#ffffff\u00bb next_background_color=\u00bb#ffffff\u00bb][et_pb_row][et_pb_column type=\u00bb4_4&#8243;][et_pb_text _builder_version=\u00bb3.0.93&#8243; background_layout=\u00bblight\u00bb]<\/p>\n<h1 style=\"text-align: center;\">Requisitos de Beca<\/h1>\n<p>[\/et_pb_text][et_pb_text _builder_version=\u00bb3.0.93&#8243; background_layout=\u00bblight\u00bb]<\/p>\n<p style=\"text-align: center;\">El solicitante debe ser capaz de demostrar que tomar este recurso\/programa les permitir\u00e1 acceder a un empleo inmediato o a un ascenso laboral. Las becas no ser\u00e1n consideradas para las clases tomadas solo para el enriquecimiento personal. Los fondos pueden usarse s\u00f3lo para la matr\u00edcula y deben usarse dentro de los seis meses posteriores a la aprobaci\u00f3n. De lo contrario, el solicitante debe volver a presentar una solicitud.<\/p>\n<p style=\"text-align: center;\">Si un solicitante ya recibi\u00f3 \u00a0una beca del Fondo, debe proporcionar la documentaci\u00f3n de la finalizaci\u00f3n exitosa de la oportunidad de capacitaci\u00f3n inicial para ser elegible para solicitar fondos adicionales.<\/p>\n<p>Las solicitudes se revisan y se presentan al Comit\u00e9 de Becas de SCEC para su consideraci\u00f3n. Para asegurar un amplio tiempo para la revisi\u00f3n, las solicitudes deben enviarse a SCEC antes del primer viernes del mes, o pueden no procesarse hasta la reuni\u00f3n del Comit\u00e9 del mes siguiente.<\/p>\n<p>&nbsp;<br \/>\n[\/et_pb_text][\/et_pb_column][\/et_pb_row][\/et_pb_section][et_pb_section bb_built=\u00bb1&#8243; fullwidth=\u00bboff\u00bb specialty=\u00bboff\u00bb _builder_version=\u00bb3.0.93&#8243; prev_background_color=\u00bb#eeece5&#8243; next_background_color=\u00bb#eeece5&#8243;][et_pb_row][et_pb_column type=\u00bb4_4&#8243;][et_pb_text _builder_version=\u00bb3.0.93&#8243; background_layout=\u00bblight\u00bb]<\/p>\n<h1 style=\"text-align: center;\">Preguntas Frecuentes<\/h1>\n<p>[\/et_pb_text][et_pb_toggle _builder_version=\u00bb3.0.93&#8243; title=\u00bb\u00bfPuedo aplicar al Fondo de Becas Sunrise m\u00e1s de una vez? \u00bb open=\u00bboff\u00bb]<\/p>\n<p>S\u00ed. Es posible que solo tenga una beca a la vez, pero una vez que haya completado con \u00e9xito el programa, puede solicitar otra beca si la capacitaci\u00f3n aumenta sus oportunidades de empleo inmediato o ascenso laboral.<\/p>\n<p>[\/et_pb_toggle][et_pb_toggle _builder_version=\u00bb3.0.93&#8243; title=\u00bb\u00bfCu\u00e1l es la beca m\u00e1xima que puedo recibir? \u00bb open=\u00bboff\u00bb]<\/p>\n<p>Hasta 0.<\/p>\n<p>[\/et_pb_toggle][et_pb_toggle _builder_version=\u00bb3.0.93&#8243; title=\u00bb\u00bfPuedo obtener una beca para un curso universitario? \u00bb open=\u00bboff\u00bb]<\/p>\n<p>Solo si el recurso no puede ser cubierto con ayuda financiera. La beca de Sunrise cubre las capacitaciones que la asistencia financiera tradicional no cubre (Ejemplo: clase b\u00e1sica EMT en Washington County Community College.<\/p>\n<p>[\/et_pb_toggle][et_pb_toggle _builder_version=\u00bb3.0.93&#8243; title=\u00bb\u00bfLas becas de Sunrise cubren otros costos relacionados con la capacitaci\u00f3n, como el kilometraje  y los uniformes? \u00bb open=\u00bboff\u00bb]<\/p>\n<p>No. La beca solo cubrir\u00e1 los costos de capacitaci\u00f3n y prueba asociados con la licencia o certificaci\u00f3n.<\/p>\n<p>[\/et_pb_toggle][et_pb_toggle _builder_version=\u00bb3.0.93&#8243; title=\u00bb\u00bfCu\u00e1nto tiempo tengo para comenzar la capacitaci\u00f3n despu\u00e9s de que se aprueba mi beca?\u00bb open=\u00bboff\u00bb]<\/p>\n<p>Usted tiene seis meses para inscribirse y comenzar el curso desde el momento en que reciba la beca. Si no ha comenzado dentro del plazo de seis meses, debe volver a presentar la solicitud.<\/p>\n<p>[\/et_pb_toggle][et_pb_toggle _builder_version=\u00bb3.0.93&#8243; title=\u00bb\u00bfCu\u00e1nto tiempo tomar\u00e1 para saber si mi solicitud de beca fue aprobada? \u00bb open=\u00bboff\u00bb]<\/p>\n<p>Las solicitudes son revisadas mensualmente por el Coordinador de Becas y luego presentadas al Comit\u00e9 de Becas del Consejo Econ\u00f3mico de Sunrise County para el proceso de aprobaci\u00f3n. Dentro de una semana despu\u00e9s de la reuni\u00f3n, el solicitante recibir\u00e1 una carta y posiblemente una llamada telef\u00f3nica inform\u00e1ndoles del estado de la beca.<\/p>\n<p>[\/et_pb_toggle][et_pb_toggle _builder_version=\u00bb3.0.93&#8243; title=\u00bb\u00bfPuedo usar mi beca para capacitarme fuera del Condado de Washington?\u00bb open=\u00bboff\u00bb]<\/p>\n<p>S\u00ed. La beca tambi\u00e9n puede usarse para capacitaci\u00f3n en l\u00ednea.<\/p>\n<p>[\/et_pb_toggle][et_pb_toggle _builder_version=\u00bb3.0.93&#8243; title=\u00bb\u00bfC\u00f3mo s\u00e9 si soy elegible para la beca? \u00bb open=\u00bboff\u00bb]<\/p>\n<p>Debe ser un residente del Condado de Washington, \u00a0de ingresos bajos a moderados, que asistir\u00e1 a capacitaciones que aumentar\u00e1n sus oportunidades de INMEDIATO o ascenso laboral.<\/p>\n<p>[\/et_pb_toggle][\/et_pb_column][\/et_pb_row][\/et_pb_section][et_pb_section bb_built=\u00bb1&#8243; fullwidth=\u00bboff\u00bb specialty=\u00bboff\u00bb _builder_version=\u00bb3.0.93&#8243; background_color=\u00bb#eeece5&#8243; prev_background_color=\u00bb#ffffff\u00bb][et_pb_row][et_pb_column type=\u00bb1_3&#8243;][\/et_pb_column][et_pb_column type=\u00bb1_3&#8243;][et_pb_team_member _builder_version=\u00bb3.0.93&#8243; name=\u00bbJennifer Peters\u00bb position=\u00bbDirector Asistente\u00bb background_layout=\u00bblight\u00bb text_orientation=\u00bbcenter\u00bb header_text_align=\u00bbcenter\u00bb body_text_align=\u00bbcenter\u00bb image_url=\u00bbhttp:\/\/sunrisecounty.org\/wp-content\/uploads\/2018\/01\/JP.png\u00bb]<\/p>\n<p>\u00a1Cont\u00e1ctame con todas sus preguntas sobre becas!<br \/>\n<strong><a href=\"mailto:scec@sunrisecounty.org\">scec@sunrisecounty.org<\/a><\/strong><br \/>\n207-255-0983<\/p>\n<p>[\/et_pb_team_member][\/et_pb_column][et_pb_column type=\u00bb1_3&#8243;][\/et_pb_column][\/et_pb_row][\/et_pb_section]<\/p>\n","protected":false},"excerpt":{"rendered":"<p><div class=\"et_pb_row et_pb_row_0 et_pb_row_empty\">\n\t\t\t\t\n\t\t\t\t\n\t\t\t\t\n\t\t\t\t\n\t\t\t\t\n\t\t\t<\/div> \u00bfNecesita capacitaci\u00f3n para el empleo o ascenso laboral? Este programa proporcionar\u00e1 becas de hasta 0 para residentes del Condado de Washington, de ingresos bajos a moderados, que asistir\u00e1n a [&hellip;]<\/p>\n","protected":false},"author":10,"featured_media":0,"parent":4495,"menu_order":1,"comment_status":"closed","ping_status":"closed","template":"","meta":{"_et_pb_use_builder":"on","_et_pb_old_content":"<h3 style=\"text-align: center;\"><strong>NOTICE: The Sunrise Scholarship Fund is closed until Fall 2017<\/strong><\/h3><p>The Sunrise Scholarship Fund provides scholarships up to $500 for Washington County residents, of low-to-moderate income, who will be attending a training and\/or certification program that will increase their opportunities for immediate employment or job advancement.<\/p><p>These scholarships cannot be used to pay for training that has other sources of financial aid, such as college or university degree programs, though the classes can be through a college or university.\u00a0 This can be one class, such as a spreadsheet or word processing course, or a short certification program, such as Certified Residential Medications Aide.\u00a0 Scholarships will not be considered for classes taken for self-enrichment. Funds can be used only for tuition and must be used within six months of approval date.<\/p><p>Thanks to the generous support of the Eaton Foundation, this program (begun in 2007 with a focus on the healthcare sector), has been expanded to include all sectors which require specialized training or certification. Scholarships have helped to pay for everything from Certified Residential Medications Aide to advanced automotive repair.<\/p><p>Funding from the Boston Foundation and the Next Generation Foundation have allowed this program to expand even further.<\/p><p align=\"center\"><strong>Washington County Employers<\/strong><\/p><ul><li>Do you have an employee who could benefit from taking classes or other training?<\/li><li>Could this employee become eligible for promotion?<\/li><li>Would you be willing to give them the time off to attend training?<\/li><li>Do you not have a tuition reimbursement program already in place?<\/li><\/ul><p>The Sunrise Scholarship Fund can assist your employees (who meet the guidelines) in paying for training that will lead to increased job opportunities.<\/p><p>For more information about SCEC\u2019s Sunrise Scholarship Fund, contact Jennifer Peters at 207-255-0983 or email <a title=\"prensema@www.scecme.org\" href=\"mailto:scec@www.scecme.org\">scec@www.scecme.org<\/a>.<\/p>","_et_gb_content_width":"","footnotes":""},"class_list":["post-4500","page","type-page","status-publish","hentry"],"_links":{"self":[{"href":"https:\/\/sunrisecounty.org\/es\/wp-json\/wp\/v2\/pages\/4500","targetHints":{"allow":["GET"]}}],"collection":[{"href":"https:\/\/sunrisecounty.org\/es\/wp-json\/wp\/v2\/pages"}],"about":[{"href":"https:\/\/sunrisecounty.org\/es\/wp-json\/wp\/v2\/types\/page"}],"author":[{"embeddable":true,"href":"https:\/\/sunrisecounty.org\/es\/wp-json\/wp\/v2\/users\/10"}],"replies":[{"embeddable":true,"href":"https:\/\/sunrisecounty.org\/es\/wp-json\/wp\/v2\/comments?post=4500"}],"version-history":[{"count":0,"href":"https:\/\/sunrisecounty.org\/es\/wp-json\/wp\/v2\/pages\/4500\/revisions"}],"up":[{"embeddable":true,"href":"https:\/\/sunrisecounty.org\/es\/wp-json\/wp\/v2\/pages\/4495"}],"wp:attachment":[{"href":"https:\/\/sunrisecounty.org\/es\/wp-json\/wp\/v2\/media?parent=4500"}],"curies":[{"name":"wp","href":"https:\/\/api.w.org\/{rel}","templated":true}]}}