{"id":4495,"date":"2018-04-29T13:27:06","date_gmt":"2018-04-29T17:27:06","guid":{"rendered":"http:\/\/sunrisecounty.org\/desarrollo-del-trabajo\/"},"modified":"2018-06-27T16:43:13","modified_gmt":"2018-06-27T20:43:13","slug":"desarrollo-del-trabajo","status":"publish","type":"page","link":"https:\/\/sunrisecounty.org\/es\/desarrollo-del-trabajo\/","title":{"rendered":"Desarrollo de la Fuerza de Trabajo"},"content":{"rendered":"<p>[et_pb_section bb_built=\u00bb1&#8243; fullwidth=\u00bbon\u00bb specialty=\u00bboff\u00bb _builder_version=\u00bb3.0.92&#8243; background_color=\u00bb#2f2f2f\u00bb next_background_color=\u00bb#ffffff\u00bb global_module=\u00bb2960&#8243;][et_pb_fullwidth_menu global_parent=\u00bb2960&#8243; _builder_version=\u00bb3.0.93&#8243; menu_id=\u00bb10&#8243; submenu_direction=\u00bbdownwards\u00bb fullwidth_menu=\u00bboff\u00bb background_layout=\u00bbdark\u00bb menu_font=\u00bb|700||on|||||\u00bb text_orientation=\u00bbcenter\u00bb dropdown_menu_text_color=\u00bb#2f2f2f\u00bb \/][\/et_pb_section][et_pb_section bb_built=\u00bb1&#8243; fullwidth=\u00bbon\u00bb specialty=\u00bboff\u00bb _builder_version=\u00bb3.0.92&#8243; prev_background_color=\u00bb#2f2f2f\u00bb next_background_color=\u00bb#ffc20f\u00bb][et_pb_fullwidth_image admin_label=\u00bbFullwidth Banner Image\u00bb _builder_version=\u00bb3.0.92&#8243; show_in_lightbox=\u00bboff\u00bb url_new_window=\u00bboff\u00bb background_image=\u00bbhttp:\/\/sunrisecounty.org\/wp-content\/uploads\/2018\/01\/banner-river.jpg\u00bb background_position=\u00bbbottom_center\u00bb use_overlay=\u00bboff\u00bb custom_css_main_element=\u00bbheight: 300px;\u00bb \/][\/et_pb_section][et_pb_section bb_built=\u00bb1&#8243; admin_label=\u00bbAbout SCEC Title\u00bb fullwidth=\u00bboff\u00bb specialty=\u00bboff\u00bb _builder_version=\u00bb3.0.92&#8243; background_color=\u00bb#ffc20f\u00bb background_image=\u00bbhttp:\/\/sunrisecounty.org\/wp-content\/uploads\/2018\/01\/yellow-bg.jpg\u00bb background_position=\u00bbbottom_center\u00bb custom_css_main_element=\u00bbheight: 80px;\u00bb custom_margin=\u00bb0px|0px|0px|0px\u00bb custom_padding=\u00bb0px|0px|0px|0px\u00bb background_size=\u00bbinitial\u00bb background_repeat=\u00bbrepeat\u00bb prev_background_color=\u00bb#ffffff\u00bb next_background_color=\u00bb#ffffff\u00bb global_module=\u00bb3329&#8243;][et_pb_row global_parent=\u00bb3329&#8243; _builder_version=\u00bb3.0.92&#8243;][et_pb_column type=\u00bb4_4&#8243;][et_pb_post_title global_parent=\u00bb3329&#8243; _builder_version=\u00bb3.0.105&#8243; title=\u00bbon\u00bb meta=\u00bboff\u00bb author=\u00bbon\u00bb date=\u00bbon\u00bb categories=\u00bbon\u00bb comments=\u00bbon\u00bb featured_image=\u00bboff\u00bb featured_placement=\u00bbbelow\u00bb text_color=\u00bblight\u00bb text_background=\u00bboff\u00bb text_orientation=\u00bbcenter\u00bb \/][\/et_pb_column][\/et_pb_row][\/et_pb_section][et_pb_section bb_built=\u00bb1&#8243; prev_background_color=\u00bb#ffc20f\u00bb][et_pb_row][et_pb_column type=\u00bb4_4&#8243;][et_pb_text]<\/p>\n<p><strong><em>Invirtiendo en Personas<\/em><\/strong><\/p>\n<p><img decoding=\"async\" class=\"alignright size-medium wp-image-255 lazyload\" title=\"2012-Pi-class\" data-src=\"http:\/\/sunrisecounty.org\/wp-content\/uploads\/2012\/08\/2012-Pi-class-350x262.jpg\" alt=\"2012 Pi Class\" width=\"350\" height=\"262\" src=\"data:image\/svg+xml;base64,PHN2ZyB3aWR0aD0iMSIgaGVpZ2h0PSIxIiB4bWxucz0iaHR0cDovL3d3dy53My5vcmcvMjAwMC9zdmciPjwvc3ZnPg==\" style=\"--smush-placeholder-width: 350px; --smush-placeholder-aspect-ratio: 350\/262;\" \/>El desarrollo individual es un componente vital de la estrategia de SCEC para alinear y fortalecer la colaboraci\u00f3n entre la fuerza de trabajo, la educaci\u00f3n y el desarrollo econ\u00f3mico. \u00a0Nuestro liderazgo y capacitaci\u00f3n de desarrollo profesional, programas de becas y talleres est\u00e1n destinado a servir a los residentes de Washington County en todos los \u00e1mbitos de la vida. \u00a0El Consejo tambi\u00e9n administra un programa de liderazgo galardonado para los residentes de Washington County, siguiendo el modelo del muy exitoso programa Leadership Maine.<\/p>\n<p>Aqu\u00ed hay un cat\u00e1logo de organizaciones que pueden ayudarlo a continuar su educaci\u00f3n:<\/p>\n<p><a href=\"http:\/\/sunrisecounty.org\/wp-content\/uploads\/2017\/01\/Washington-County-Education-Services-Job-Training-Resource-Guide.pdf\" target=\"_blank\" rel=\"noopener\"><img decoding=\"async\" class=\"alignleft wp-image-2229 size-medium lazyload\" data-src=\"http:\/\/sunrisecounty.org\/wp-content\/uploads\/2012\/08\/Education-and-Training-Job-Services-495x640-271x350.jpg\" alt=\"Education and Training Job Services (495x640)\" width=\"271\" height=\"350\" src=\"data:image\/svg+xml;base64,PHN2ZyB3aWR0aD0iMSIgaGVpZ2h0PSIxIiB4bWxucz0iaHR0cDovL3d3dy53My5vcmcvMjAwMC9zdmciPjwvc3ZnPg==\" style=\"--smush-placeholder-width: 271px; --smush-placeholder-aspect-ratio: 271\/350;\" \/><\/a><\/p>\n<p>[\/et_pb_text][\/et_pb_column][\/et_pb_row][\/et_pb_section]<\/p>\n","protected":false},"excerpt":{"rendered":"<p><div class=\"et_pb_row et_pb_row_0 et_pb_row_empty\">\n\t\t\t\t\n\t\t\t\t\n\t\t\t\t\n\t\t\t\t\n\t\t\t\t\n\t\t\t<\/div><div class=\"et_pb_module et_pb_text et_pb_text_0  et_pb_text_align_left et_pb_bg_layout_light\">\n\t\t\t\t\n\t\t\t\t\n\t\t\t\t\n\t\t\t\t\n\t\t\t\t\n\t\t\t<\/div> Invirtiendo en Personas El desarrollo individual es un componente vital de la estrategia de SCEC para alinear y fortalecer la colaboraci\u00f3n entre la fuerza de trabajo, la educaci\u00f3n y [&hellip;]<\/p>\n","protected":false},"author":10,"featured_media":0,"parent":0,"menu_order":3,"comment_status":"closed","ping_status":"closed","template":"","meta":{"_et_pb_use_builder":"on","_et_pb_old_content":"<p><strong><em>Investing in People<\/em><\/strong><\/p><p><img class=\"alignright size-medium wp-image-255\" title=\"2012-Pi-class\" src=\"http:\/\/sunrisecounty.org\/wp-content\/uploads\/2012\/08\/2012-Pi-class-350x262.jpg\" alt=\"2012 Pi Class\" width=\"350\" height=\"262\" \/>Individual development is a vital component of SCEC\u2019s strategy to align and strengthen collaboration between workforce, education and economic development. Our leadership and professional development training, scholarship programs and workshops are intended to serve Washington County residents from all walks of life. The Council also administers an award-winning leadership program for Washington County residents, modeled after the highly successful Leadership Maine program.<\/p><p>Here is a catalog of organizations that can help you further your education:<\/p><p><a href=\"http:\/\/sunrisecounty.org\/wp-content\/uploads\/2017\/01\/Washington-County-Education-Services-Job-Training-Resource-Guide.pdf\" target=\"_blank\" rel=\"noopener\"><img class=\"alignleft wp-image-2229 size-medium\" src=\"http:\/\/sunrisecounty.org\/wp-content\/uploads\/2012\/08\/Education-and-Training-Job-Services-495x640-271x350.jpg\" alt=\"Education and Training Job Services (495x640)\" width=\"271\" height=\"350\" \/><\/a><\/p>","_et_gb_content_width":"","footnotes":""},"class_list":["post-4495","page","type-page","status-publish","hentry"],"_links":{"self":[{"href":"https:\/\/sunrisecounty.org\/es\/wp-json\/wp\/v2\/pages\/4495","targetHints":{"allow":["GET"]}}],"collection":[{"href":"https:\/\/sunrisecounty.org\/es\/wp-json\/wp\/v2\/pages"}],"about":[{"href":"https:\/\/sunrisecounty.org\/es\/wp-json\/wp\/v2\/types\/page"}],"author":[{"embeddable":true,"href":"https:\/\/sunrisecounty.org\/es\/wp-json\/wp\/v2\/users\/10"}],"replies":[{"embeddable":true,"href":"https:\/\/sunrisecounty.org\/es\/wp-json\/wp\/v2\/comments?post=4495"}],"version-history":[{"count":0,"href":"https:\/\/sunrisecounty.org\/es\/wp-json\/wp\/v2\/pages\/4495\/revisions"}],"wp:attachment":[{"href":"https:\/\/sunrisecounty.org\/es\/wp-json\/wp\/v2\/media?parent=4495"}],"curies":[{"name":"wp","href":"https:\/\/api.w.org\/{rel}","templated":true}]}}