{"id":18102,"date":"2026-03-16T11:06:43","date_gmt":"2026-03-16T15:06:43","guid":{"rendered":"https:\/\/sunrisecounty.org\/pagina-de-prueba\/"},"modified":"2026-03-23T14:02:59","modified_gmt":"2026-03-23T18:02:59","slug":"pagina-de-prueba","status":"publish","type":"page","link":"https:\/\/sunrisecounty.org\/es\/pagina-de-prueba\/","title":{"rendered":"Todo sobre financiaci\u00f3n"},"content":{"rendered":"<p>[et_pb_section fb_built=\u00bb1&#8243; theme_builder_area=\u00bbpost_content\u00bb _builder_version=\u00bb4.27.4&#8243; _module_preset=\u00bbdefault\u00bb use_background_color_gradient=\u00bbon\u00bb background_color_gradient_stops=\u00bb#ffffff 0%|rgba(255, 238, 205, 1) 42%|#ffe0a3 100%\u00bb hover_enabled=\u00bb0&#8243; sticky_enabled=\u00bb0&#8243;][et_pb_row _builder_version=\u00bb4.27.4&#8243; _module_preset=\u00bbdefault\u00bb theme_builder_area=\u00bbpost_content\u00bb][et_pb_column _builder_version=\u00bb4.27.4&#8243; _module_preset=\u00bbdefault\u00bb type=\u00bb4_4&#8243; theme_builder_area=\u00bbpost_content\u00bb][et_pb_image src=\u00bbhttps:\/\/sunrisecounty.org\/wp-content\/uploads\/2025\/06\/SCEC_Logo_Web-FULL-scaled.png\u00bb _builder_version=\u00bb4.27.4&#8243; _module_preset=\u00bbdefault\u00bb theme_builder_area=\u00bbpost_content\u00bb title_text=\u00bbSCEC_Logo_Web-FULL\u00bb align=\u00bbcenter\u00bb min_height=\u00bb100px\u00bb height=\u00bb100px\u00bb hover_enabled=\u00bb0&#8243; sticky_enabled=\u00bb0&#8243;][\/et_pb_image][et_pb_text _builder_version=\u00bb4.27.4&#8243; _module_preset=\u00bbdefault\u00bb theme_builder_area=\u00bbpost_content\u00bb hover_enabled=\u00bb0&#8243; sticky_enabled=\u00bb0&#8243; text_font=\u00bb&#8211;et_global_body_font|600|||||||\u00bb text_text_color=\u00bb#0F3D59&#8243; text_font_size=\u00bb32px\u00bb text_letter_spacing=\u00bb9px\u00bb text_orientation=\u00bbcenter\u00bb]<\/p>\n<p>TODO$ FINANCIACI\u00d3N<\/p>\n<p>[\/et_pb_text][\/et_pb_column][\/et_pb_row][\/et_pb_section][et_pb_section fb_built=\u00bb1&#8243; _builder_version=\u00bb4.16&#8243; global_colors_info=\u00bb{}\u00bb][et_pb_row _builder_version=\u00bb4.27.4&#8243; _module_preset=\u00bbdefault\u00bb max_width=\u00bb100%\u00bb min_height=\u00bb100%\u00bb height=\u00bb100%\u00bb max_height=\u00bb100%\u00bb custom_margin=\u00bb|auto|-1px|auto||\u00bb custom_padding=\u00bb||0px|||\u00bb global_colors_info=\u00bb{}\u00bb][et_pb_column type=\u00bb4_4&#8243; _builder_version=\u00bb4.27.4&#8243; _module_preset=\u00bbdefault\u00bb global_colors_info=\u00bb{}\u00bb][et_pb_text _builder_version=\u00bb4.27.4&#8243; _module_preset=\u00bbdefault\u00bb text_font_size=\u00bb18px\u00bb text_line_height=\u00bb2em\u00bb hover_enabled=\u00bb0&#8243; sticky_enabled=\u00bb0&#8243;]<\/p>\n<p style=\"text-align: center;\"><strong>All Things Funding<\/strong> es una extensi\u00f3n de las oportunidades de financiaci\u00f3n compartidas en el bolet\u00edn semanal del SCEC, <em>Local Happenings.<\/em> Seguiremos compartiendo nuevas oportunidades en Local Happenings, pero este formato nos permitir\u00e1 compartir m\u00e1s subvenciones, becas y otras oportunidades de financiaci\u00f3n de socios y otras entidades estatales y nacionales.<\/p>\n<p>[\/et_pb_text][\/et_pb_column][\/et_pb_row][et_pb_row _builder_version=\u00bb4.27.4&#8243; _module_preset=\u00bbdefault\u00bb max_width=\u00bb100%\u00bb min_height=\u00bb100%\u00bb height=\u00bb100%\u00bb max_height=\u00bb100%\u00bb custom_margin=\u00bb|auto|74px|auto||\u00bb custom_padding=\u00bb||5px|||\u00bb global_colors_info=\u00bb{}\u00bb][et_pb_column type=\u00bb4_4&#8243; _builder_version=\u00bb4.27.4&#8243; _module_preset=\u00bbdefault\u00bb global_colors_info=\u00bb{}\u00bb][et_pb_text _builder_version=\u00bb4.27.4&#8243; _module_preset=\u00bbdefault\u00bb min_height=\u00bb159.8px\u00bb global_colors_info=\u00bb{}\u00bb]<iframe data-src=\"https:\/\/docs.google.com\/spreadsheets\/d\/e\/2PACX-1vRMCG1pr1rUyB6jqynVA-O9DwrkpN8xVY9UxUCoxkE6LJr4kqzexD2v6iBPUITIjXaepXYasuDn4MuP\/pubhtml?widget=true&amp;headers=false\" width=\"100%\" style=\"height: 100vh; border: none;\" src=\"data:image\/svg+xml;base64,PHN2ZyB3aWR0aD0iMSIgaGVpZ2h0PSIxIiB4bWxucz0iaHR0cDovL3d3dy53My5vcmcvMjAwMC9zdmciPjwvc3ZnPg==\" class=\"lazyload\" data-load-mode=\"1\"><\/iframe>[\/et_pb_text][\/et_pb_column][\/et_pb_row][\/et_pb_section]<\/p>\n","protected":false},"excerpt":{"rendered":"<p>TODO$ FINANCIACI\u00d3NAll Things Funding es una extensi\u00f3n de las oportunidades de financiaci\u00f3n compartidas en el bolet\u00edn semanal del SCEC, Local Happenings. Seguiremos compartiendo nuevas oportunidades en Local Happenings, pero este [&hellip;]<\/p>\n","protected":false},"author":10,"featured_media":0,"parent":0,"menu_order":0,"comment_status":"closed","ping_status":"closed","template":"","meta":{"_et_pb_use_builder":"on","_et_pb_old_content":"","_et_gb_content_width":"","footnotes":""},"class_list":["post-18102","page","type-page","status-publish","hentry"],"_links":{"self":[{"href":"https:\/\/sunrisecounty.org\/es\/wp-json\/wp\/v2\/pages\/18102","targetHints":{"allow":["GET"]}}],"collection":[{"href":"https:\/\/sunrisecounty.org\/es\/wp-json\/wp\/v2\/pages"}],"about":[{"href":"https:\/\/sunrisecounty.org\/es\/wp-json\/wp\/v2\/types\/page"}],"author":[{"embeddable":true,"href":"https:\/\/sunrisecounty.org\/es\/wp-json\/wp\/v2\/users\/10"}],"replies":[{"embeddable":true,"href":"https:\/\/sunrisecounty.org\/es\/wp-json\/wp\/v2\/comments?post=18102"}],"version-history":[{"count":5,"href":"https:\/\/sunrisecounty.org\/es\/wp-json\/wp\/v2\/pages\/18102\/revisions"}],"predecessor-version":[{"id":18150,"href":"https:\/\/sunrisecounty.org\/es\/wp-json\/wp\/v2\/pages\/18102\/revisions\/18150"}],"wp:attachment":[{"href":"https:\/\/sunrisecounty.org\/es\/wp-json\/wp\/v2\/media?parent=18102"}],"curies":[{"name":"wp","href":"https:\/\/api.w.org\/{rel}","templated":true}]}}