{"id":17677,"date":"2026-01-23T17:24:54","date_gmt":"2026-01-23T22:24:54","guid":{"rendered":"https:\/\/sunrisecounty.org\/subvenciones-globales-de-desarrollo-comunitario\/"},"modified":"2026-01-23T17:25:41","modified_gmt":"2026-01-23T22:25:41","slug":"subvenciones-globales-de-desarrollo-comunitario","status":"publish","type":"page","link":"https:\/\/sunrisecounty.org\/es\/subvenciones-globales-de-desarrollo-comunitario\/","title":{"rendered":"Subvenciones Globales de Desarrollo Comunitario"},"content":{"rendered":"<p>[et_pb_section fb_built=\u00bb1&#8243; fullwidth=\u00bbon\u00bb _builder_version=\u00bb4.16&#8243; global_colors_info=\u00bb{}\u00bb][\/et_pb_section][et_pb_section fb_built=\u00bb1&#8243; custom_padding_last_edited=\u00bbon|phone\u00bb admin_label=\u00bbPage Title\u00bb _builder_version=\u00bb4.25.0&#8243; background_color=\u00bb#176535&#8243; background_image=\u00bbhttps:\/\/sunrisecounty.org\/wp-content\/uploads\/2018\/01\/yellow-bg.jpg\u00bb background_enable_image=\u00bboff\u00bb background_size=\u00bbinitial\u00bb background_position=\u00bbbottom_center\u00bb background_repeat=\u00bbrepeat\u00bb custom_margin=\u00bb0px|0px|0px|0px\u00bb custom_padding=\u00bb0px|0px|0px|0px\u00bb custom_padding_tablet=\u00bb0px|0px|0px|0px\u00bb custom_padding_phone=\u00bb0px|0px|115px|0px|false|false\u00bb custom_css_main_element=\u00bbheight: 80px;\u00bb global_module=\u00bb3329&#8243; collapsed=\u00bbon\u00bb global_colors_info=\u00bb{}\u00bb][et_pb_row custom_padding_last_edited=\u00bbon|phone\u00bb _builder_version=\u00bb4.22.0&#8243; max_width=\u00bb1080px\u00bb custom_margin=\u00bb0px||||false|false\u00bb custom_padding=\u00bb20px||||false|false\u00bb custom_padding_tablet=\u00bb\u00bb custom_padding_phone=\u00bb\u00bb global_colors_info=\u00bb{}\u00bb][et_pb_column type=\u00bb4_4&#8243; _builder_version=\u00bb4.16&#8243; custom_padding=\u00bb|||\u00bb global_colors_info=\u00bb{}\u00bb custom_padding__hover=\u00bb|||\u00bb][et_pb_post_title meta=\u00bboff\u00bb featured_image=\u00bboff\u00bb admin_label=\u00bbPage Title\u00bb _builder_version=\u00bb4.23.1&#8243; _module_preset=\u00bbdefault\u00bb title_font=\u00bbAlegreya Sans||||||||\u00bb title_text_align=\u00bbcenter\u00bb title_text_color=\u00bb#FFFFFF\u00bb title_font_size=\u00bb40px\u00bb title_font_size_tablet=\u00bb\u00bb title_font_size_phone=\u00bb32px\u00bb title_font_size_last_edited=\u00bbon|phone\u00bb global_colors_info=\u00bb{}\u00bb][\/et_pb_post_title][\/et_pb_column][\/et_pb_row][\/et_pb_section][et_pb_section fb_built=\u00bb1&#8243; custom_padding_last_edited=\u00bbon|tablet\u00bb _builder_version=\u00bb4.25.0&#8243; _module_preset=\u00bbdefault\u00bb background_color=\u00bb#FFFFFF\u00bb custom_padding=\u00bb50px||100px||false|false\u00bb custom_padding_tablet=\u00bb50px||50px||false|false\u00bb custom_padding_phone=\u00bb50px||50px||false|false\u00bb global_colors_info=\u00bb{}\u00bb][et_pb_row column_structure=\u00bb2_3,1_3&#8243; make_equal=\u00bbon\u00bb _builder_version=\u00bb4.23.1&#8243; _module_preset=\u00bbdefault\u00bb custom_padding=\u00bb0px||0px||false|false\u00bb global_colors_info=\u00bb{}\u00bb][et_pb_column type=\u00bb2_3&#8243; _builder_version=\u00bb4.23.1&#8243; _module_preset=\u00bbdefault\u00bb custom_css_main_element=\u00bbmargin:auto;\u00bb global_colors_info=\u00bb{}\u00bb][et_pb_image src=\u00bbhttps:\/\/sunrisecounty.org\/wp-content\/uploads\/2024\/01\/ME_logo_revert-07-1-e1636032525197-800&#215;168-1.png\u00bb alt=\u00bbLogotipo del Departamento de Desarrollo Econ\u00f3mico y Comunitario de Maine\u00bb title_text=\u00bbME_logo_revert-07-1-e1636032525197-800&#215;168&#8243; url=\u00bbhttps:\/\/www.maine.gov\/decd\/\u00bb url_new_window=\u00bbon\u00bb _builder_version=\u00bb4.23.1&#8243; _module_preset=\u00bbdefault\u00bb width=\u00bb50%\u00bb global_colors_info=\u00bb{}\u00bb][\/et_pb_image][et_pb_text _builder_version=\u00bb4.23.1&#8243; _module_preset=\u00bbdefault\u00bb text_line_height=\u00bb2em\u00bb header_4_line_height=\u00bb1.2em\u00bb global_colors_info=\u00bb{}\u00bb]<\/p>\n<h4>El Programa CDBG de Maine sirve de catalizador para que los gobiernos locales pongan en marcha programas que:<\/h4>\n<ul>\n<li>\n<p>Forman parte de una estrategia comunitaria a largo plazo;o del Plan Estrat\u00e9gico de Desarrollo Econ\u00f3mico del Estado de Maine<\/p>\n<\/li>\n<li>\n<p>Mejorar los distritos residenciales y comerciales deteriorados y las condiciones econ\u00f3micas locales<\/p>\n<\/li>\n<li>\n<p>Proporcionar las condiciones y los incentivos para nuevas inversiones p\u00fablicas y privadas<\/p>\n<\/li>\n<li>\n<p>Fomentar las asociaciones entre grupos de municipios, entidades estatales y federales, organizaciones multijurisdiccionales y el sector privado para abordar problemas comunes de desarrollo comunitario y econ\u00f3mico; y<\/p>\n<\/li>\n<li>\n<p>Minimizar la expansi\u00f3n del desarrollo de acuerdo con la Ley de Gesti\u00f3n del Crecimiento del Estado de Maine y apoyar la revitalizaci\u00f3n de las zonas c\u00e9ntricas.<\/p>\n<\/li>\n<\/ul>\n<p>[\/et_pb_text][et_pb_text _builder_version=\u00bb4.23.1&#8243; _module_preset=\u00bbdefault\u00bb global_colors_info=\u00bb{}\u00bb]<\/p>\n<h4>Todas las actividades financiadas por el CDBG deben cumplir uno de los tres Objetivos Nacionales del programa. Estos objetivos son <\/h4>\n<ul>\n<li>\n<p>  Beneficio para personas con ingresos bajos y moderados;<\/p>\n<\/li>\n<li>\n<p>  Prevenci\u00f3n y\/o eliminaci\u00f3n de las condiciones de chabolismo y deterioro ambiental; y<\/p>\n<\/li>\n<li>\n<p>  Satisfacer las necesidades de desarrollo de la comunidad que tengan una urgencia especial.<\/p>\n<\/li>\n<\/ul>\n<p>[\/et_pb_text][et_pb_button button_url=\u00bbhttps:\/\/www.maine.gov\/decd\/community-development\/cdbg-program\/statement\u00bb url_new_window=\u00bbon\u00bb button_text=\u00bbVer la descripci\u00f3n general del programa CDBG\u00bb _builder_version=\u00bb4.25.0&#8243; _module_preset=\u00bbdefault\u00bb custom_button=\u00bbon\u00bb button_text_color=\u00bb#474747&#8243; button_bg_color=\u00bb#FFC20F\u00bb button_border_width=\u00bb0px\u00bb button_border_radius=\u00bb47px\u00bb custom_margin_tablet=\u00bb||50px||false|false\u00bb custom_margin_phone=\u00bb||50px||false|false\u00bb custom_margin_last_edited=\u00bbon|tablet\u00bb custom_padding=\u00bb10px|25px|10px|25px|false|false\u00bb global_colors_info=\u00bb{}\u00bb][\/et_pb_button][\/et_pb_column][et_pb_column type=\u00bb1_3&#8243; _builder_version=\u00bb4.23.1&#8243; _module_preset=\u00bbdefault\u00bb background_color=\u00bb#EEECE5&#8243; custom_padding=\u00bb50px|50px|50px|50px|false|false\u00bb border_color_all=\u00bb#176535&#8243; border_color_left=\u00bb#8F8F8F\u00bb global_colors_info=\u00bb{}\u00bb][et_pb_image src=\u00bbhttps:\/\/sunrisecounty.org\/wp-content\/uploads\/2019\/06\/4.png\u00bb alt=\u00bbJennifer Peters, Directora de Desarrollo Comunitario\u00bb title_text=\u00bbJennifer Peters, Directora de Desarrollo Comunitario\u00bb _builder_version=\u00bb4.25.0&#8243; _module_preset=\u00bbdefault\u00bb width=\u00bb65%\u00bb width_tablet=\u00bb250px\u00bb width_phone=\u00bb250px\u00bb width_last_edited=\u00bbon|tablet\u00bb global_colors_info=\u00bb{}\u00bb][\/et_pb_image][et_pb_heading title=\u00bbSCEC PUEDE AYUDARTE CON TU SOLICITUD\u00bb _builder_version=\u00bb4.23.1&#8243; _module_preset=\u00bbdefault\u00bb title_level=\u00bbh2&#8243; title_font=\u00bbLato|700|||||||\u00bb title_text_color=\u00bb#176535&#8243; title_font_size=\u00bb20px\u00bb title_letter_spacing=\u00bb1px\u00bb custom_margin=\u00bb||0px||false|false\u00bb custom_padding=\u00bb||0px||false|false\u00bb global_colors_info=\u00bb{}\u00bb][\/et_pb_heading][et_pb_text admin_label=\u00bbcontact info\u00bb _builder_version=\u00bb4.23.1&#8243; width=\u00bb100%\u00bb custom_padding=\u00bb|||0px||\u00bb global_colors_info=\u00bb{}\u00bb width__hover_enabled=\u00bbon|desktop\u00bb width__hover=\u00bb100%\u00bb]<\/p>\n<p align=\"justify\" style=\"text-align: left;\">SCEC puede ayudar a los solicitantes elegibles del Condado de Washington con el proceso de Subvenci\u00f3n en Bloque para el Desarrollo de la Comunidad <strong>sin coste alguno<\/strong>.<\/p>\n<p align=\"justify\" style=\"text-align: left;\"><span>Para m\u00e1s informaci\u00f3n, ponte en contacto con <strong>Jennifer Peters, Directora de Desarrollo Comunitario:<\/strong><\/span><\/p>\n<p align=\"justify\" style=\"text-align: left;\"><span>Tel\u00e9fono: 207-255-0983<\/span><\/p>\n<p align=\"justify\" style=\"text-align: left;\">Correo electr\u00f3nico: <a href=\"mailto:scec@sunrisecounty.org\">scec@sunrisecounty.org<\/a><\/p>\n<p align=\"justify\" style=\"text-align: left;\"><a href=\"mailto:scec@sunrisecounty.org\">Enviar mensaje<\/a><\/p>\n<p>[\/et_pb_text][\/et_pb_column][\/et_pb_row][\/et_pb_section][et_pb_section fb_built=\u00bb1&#8243; custom_padding_last_edited=\u00bbon|tablet\u00bb _builder_version=\u00bb4.25.0&#8243; background_color=\u00bbrgba(238,236,229,0.4)\u00bb custom_padding=\u00bb100px|0px|100px|0px|false|false\u00bb custom_padding_tablet=\u00bb75px|0px|50px|0px|false|false\u00bb custom_padding_phone=\u00bb75px|0px|50px|0px|false|false\u00bb collapsed=\u00bbon\u00bb global_colors_info=\u00bb{}\u00bb][et_pb_row column_structure=\u00bb1_2,1_2&#8243; _builder_version=\u00bb4.25.0&#8243; background_size=\u00bbinitial\u00bb background_position=\u00bbtop_left\u00bb background_repeat=\u00bbrepeat\u00bb custom_margin=\u00bb||0px||false|false\u00bb custom_padding=\u00bb0px||0px|0px|false|false\u00bb global_colors_info=\u00bb{}\u00bb][et_pb_column type=\u00bb1_2&#8243; _builder_version=\u00bb4.16&#8243; custom_padding=\u00bb|||\u00bb global_colors_info=\u00bb{}\u00bb custom_padding__hover=\u00bb|||\u00bb][et_pb_heading title=\u00bbELEGIBILIDAD\u00bb _builder_version=\u00bb4.25.0&#8243; _module_preset=\u00bbdefault\u00bb title_level=\u00bbh2&#8243; title_font=\u00bbLato|700|||||||\u00bb title_text_color=\u00bb#176535&#8243; title_font_size=\u00bb24px\u00bb title_letter_spacing=\u00bb2px\u00bb custom_margin=\u00bb||0px||false|false\u00bb custom_margin_tablet=\u00bb||0px||false|false\u00bb custom_margin_phone=\u00bb||0px||false|false\u00bb custom_margin_last_edited=\u00bbon|tablet\u00bb custom_padding=\u00bb||0px||false|false\u00bb custom_padding_tablet=\u00bb||0px||false|false\u00bb custom_padding_phone=\u00bb||0px||false|false\u00bb custom_padding_last_edited=\u00bbon|tablet\u00bb global_colors_info=\u00bb{}\u00bb][\/et_pb_heading][\/et_pb_column][et_pb_column type=\u00bb1_2&#8243; disabled_on=\u00bbon|on|off\u00bb _builder_version=\u00bb4.25.0&#8243; custom_padding=\u00bb|||\u00bb global_colors_info=\u00bb{}\u00bb custom_padding__hover=\u00bb|||\u00bb][\/et_pb_column][\/et_pb_row][et_pb_row _builder_version=\u00bb4.23.1&#8243; _module_preset=\u00bbdefault\u00bb custom_margin=\u00bb-27px|auto||auto||\u00bb global_colors_info=\u00bb{}\u00bb][et_pb_column type=\u00bb4_4&#8243; _builder_version=\u00bb4.23.1&#8243; _module_preset=\u00bbdefault\u00bb global_colors_info=\u00bb{}\u00bb][et_pb_text _builder_version=\u00bb4.27.4&#8243; _module_preset=\u00bbdefault\u00bb text_line_height=\u00bb2em\u00bb header_3_font_size=\u00bb32px\u00bb hover_enabled=\u00bb0&#8243; global_colors_info=\u00bb{}\u00bb sticky_enabled=\u00bb0&#8243;]<\/p>\n<p>Todas las unidades de gobierno local general de Maine, incluidas las plantaciones, a excepci\u00f3n de las comunidades con derecho a ayudas de Auburn, Bangor, Biddeford, Lewiston, Portland y todo el condado de Cumberland, con la excepci\u00f3n de Brunswick y Frye Island, pueden solicitar y recibir fondos del programa estatal CDBG.<span class=\"Apple-converted-space\">  <\/span>Los gobiernos de los condados pueden presentar solicitudes en nombre del Territorio No Organizado. Los grupos de gobiernos locales pueden solicitar proyectos multijurisdiccionales o conjuntos. Las solicitudes multijurisdiccionales requieren la designaci\u00f3n de un gobierno local como solicitante principal y el consentimiento para dicha designaci\u00f3n por parte de cada gobierno local participante.  <span class=\"Apple-converted-space\">  <\/span>Los condados pueden solicitar el programa de Servicio P\u00fablico en nombre de una colaboraci\u00f3n de comunidades<b>.<span class=\"Apple-converted-space\">  <\/span><\/b> <\/p>\n<p><b>Los solicitantes elegibles, incluidos los condados definidos anteriormente, pueden solicitar ayudas del CDBG en nombre de las cinco Tribus Ind\u00edgenas de Maine.<\/b><span class=\"Apple-converted-space\">  <\/span><b>Las tribus indias de Maine no son por s\u00ed mismas solicitantes admisibles.<span class=\"Apple-converted-space\">  <\/span><\/b>Los solicitantes elegibles que presenten una solicitud en nombre de una tribu india de Maine podr\u00e1n presentar una solicitud en la misma categor\u00eda de financiaci\u00f3n CDBG 2026 s\u00f3lo si el solicitante elegible no se beneficiar\u00e1 directamente del proyecto CDBG tribal.<\/p>\n<p>[\/et_pb_text][\/et_pb_column][\/et_pb_row][\/et_pb_section][et_pb_section fb_built=\u00bb1&#8243; custom_padding_last_edited=\u00bbon|tablet\u00bb _builder_version=\u00bb4.25.0&#8243; _module_preset=\u00bbdefault\u00bb custom_padding=\u00bb100px||100px||false|false\u00bb custom_padding_tablet=\u00bb75px||50px||false|false\u00bb custom_padding_phone=\u00bb75px||50px||false|false\u00bb global_colors_info=\u00bb{}\u00bb][et_pb_row column_structure=\u00bb1_2,1_2&#8243; _builder_version=\u00bb4.25.0&#8243; background_size=\u00bbinitial\u00bb background_position=\u00bbtop_left\u00bb background_repeat=\u00bbrepeat\u00bb custom_margin=\u00bb||0px||false|false\u00bb custom_padding=\u00bb0px||0px|0px|false|false\u00bb global_colors_info=\u00bb{}\u00bb][et_pb_column type=\u00bb1_2&#8243; _builder_version=\u00bb4.16&#8243; custom_padding=\u00bb|||\u00bb global_colors_info=\u00bb{}\u00bb custom_padding__hover=\u00bb|||\u00bb][et_pb_heading title=\u00bbCALENDARIO CDBG 2026&#8243; _builder_version=\u00bb4.27.4&#8243; _module_preset=\u00bbdefault\u00bb title_level=\u00bbh2&#8243; title_font=\u00bbLato|700|||||||\u00bb title_text_color=\u00bb#176535&#8243; title_font_size=\u00bb24px\u00bb title_letter_spacing=\u00bb2px\u00bb custom_margin=\u00bb||0px||false|false\u00bb custom_padding=\u00bb||0px||false|false\u00bb hover_enabled=\u00bb0&#8243; global_colors_info=\u00bb{}\u00bb sticky_enabled=\u00bb0&#8243;][\/et_pb_heading][\/et_pb_column][et_pb_column type=\u00bb1_2&#8243; disabled_on=\u00bbon|on|off\u00bb _builder_version=\u00bb4.25.0&#8243; custom_padding=\u00bb|||\u00bb global_colors_info=\u00bb{}\u00bb custom_padding__hover=\u00bb|||\u00bb][\/et_pb_column][\/et_pb_row][et_pb_row _builder_version=\u00bb4.23.1&#8243; _module_preset=\u00bbdefault\u00bb custom_margin=\u00bb-27px|auto||auto||\u00bb global_colors_info=\u00bb{}\u00bb][et_pb_column type=\u00bb4_4&#8243; _builder_version=\u00bb4.23.1&#8243; _module_preset=\u00bbdefault\u00bb global_colors_info=\u00bb{}\u00bb][et_pb_text _builder_version=\u00bb4.27.4&#8243; _module_preset=\u00bbdefault\u00bb hover_enabled=\u00bb0&#8243; global_colors_info=\u00bb{}\u00bb sticky_enabled=\u00bb0&#8243;]<\/p>\n<table cellspacing=\"0\" cellpadding=\"0\">\n<tbody>\n<tr>\n<td valign=\"bottom\">\n<p align=\"center\"><span style=\"color: #18376a; font-size: large;\"><b>Programa<\/b><\/span><\/p>\n<\/td>\n<td valign=\"bottom\">\n<p align=\"center\"><span style=\"color: #18376a; font-size: large;\"><b>Fecha de vencimiento de la Carta de Intenciones<\/b><\/span><\/p>\n<\/td>\n<td valign=\"bottom\">\n<p align=\"center\"><span style=\"color: #18376a; font-size: large;\"><b>Fecha de vencimiento de la solicitud<\/b><\/span><\/p>\n<\/td>\n<\/tr>\n<tr>\n<td valign=\"bottom\"><\/td>\n<td valign=\"bottom\">\n<p align=\"center\"><span style=\"color: #193c66; font-size: large;\"><b>V\u00cdA E-MAIL<\/b><\/span><\/p>\n<\/td>\n<td valign=\"bottom\">\n<p align=\"center\"><span style=\"color: #18376a; font-size: large;\"><b>S\u00f3lo por invitaci\u00f3n<\/b><\/span><\/p>\n<\/td>\n<\/tr>\n<tr>\n<td valign=\"bottom\"><span style=\"color: #000000; font-size: medium;\">Revitalizaci\u00f3n del centro de la ciudad<\/span><\/td>\n<td valign=\"bottom\"><span style=\"color: #000000; font-size: medium;\">23 de enero de 2026<\/span><\/td>\n<td valign=\"bottom\"><span style=\"color: #000000; font-size: medium;\">6 de marzo de 2026<\/span><\/td>\n<\/tr>\n<tr>\n<td valign=\"bottom\"><span style=\"color: #000000; font-size: medium;\">Desarrollo econ\u00f3mico<\/span><\/td>\n<td valign=\"bottom\"><span style=\"color: #000000; font-size: medium;\">1<\/span><span style=\"color: #000000; font-size: xx-small;\"><sup>en<\/sup><\/span><span style=\"color: #000000; font-size: medium;\"> Viernes del mes a partir del 3 de julio de 2026<\/span><\/td>\n<td valign=\"bottom\"><span style=\"color: #000000; font-size: medium;\">S\u00f3lo por invitaci\u00f3n<\/span><\/td>\n<\/tr>\n<tr>\n<td valign=\"bottom\"><span style=\"color: #000000; font-size: medium;\">Ayuda a la vivienda<\/span><\/td>\n<td valign=\"bottom\"><span style=\"color: #000000; font-size: medium;\">20 de marzo de 2026<\/span><\/td>\n<td valign=\"bottom\"><span style=\"color: #000000; font-size: medium;\">15 de mayo de 2026<\/span><\/td>\n<\/tr>\n<tr>\n<td valign=\"bottom\"><span style=\"color: #000000; font-size: medium;\">Infraestructuras p\u00fablicas<\/span><\/td>\n<td valign=\"bottom\"><span style=\"color: #000000; font-size: medium;\">16 de enero<\/span><\/td>\n<td valign=\"bottom\"><span style=\"color: #000000; font-size: medium;\">13 de marzo**<\/span><\/td>\n<\/tr>\n<tr>\n<td valign=\"bottom\"><span style=\"color: #000000; font-size: medium;\">Servicio P\u00fablico<\/span><\/td>\n<td valign=\"bottom\"><span style=\"color: #000000; font-size: medium;\">24 de abril de 2026<\/span><\/td>\n<td valign=\"bottom\"><span style=\"color: #000000; font-size: medium;\">5 de junio de 2026<\/span><\/td>\n<\/tr>\n<tr>\n<td valign=\"bottom\"><span style=\"color: #000000; font-size: medium;\">Empresa comunitaria<\/span><\/td>\n<td valign=\"bottom\"><span style=\"color: #000000; font-size: medium;\">20 de febrero de 2026<\/span><\/td>\n<td valign=\"bottom\"><span style=\"color: #000000; font-size: medium;\">10 de abril de 2026<\/span><\/td>\n<\/tr>\n<tr>\n<td valign=\"bottom\"><span style=\"color: #000000; font-size: medium;\">Proyectos especiales*.<\/span><\/td>\n<td valign=\"bottom\"><span style=\"color: #000000; font-size: medium;\">TBD<\/span><\/td>\n<td valign=\"bottom\"><span style=\"color: #000000; font-size: medium;\">TBD<\/span><\/td>\n<\/tr>\n<tr>\n<td valign=\"bottom\"><span style=\"color: #000000; font-size: medium;\">Necesidad Urgente*.<\/span><\/td>\n<td valign=\"bottom\"><span style=\"color: #000000; font-size: medium;\">TBD<\/span><\/td>\n<td valign=\"bottom\"><span style=\"color: #000000; font-size: medium;\">TBD<\/span><\/td>\n<\/tr>\n<\/tbody>\n<\/table>\n<p>[\/et_pb_text][et_pb_text _builder_version=\u00bb4.27.4&#8243; _module_preset=\u00bbdefault\u00bb hover_enabled=\u00bb0&#8243; global_colors_info=\u00bb{}\u00bb sticky_enabled=\u00bb0&#8243;]<\/p>\n<p><span><span class=\"Apple-tab-span\"> <\/span><\/span>*La financiaci\u00f3n de este programa puede estar disponible en funci\u00f3n de la redistribuci\u00f3n, reasignaci\u00f3n y\/o asignaci\u00f3n adicional del HUD.<\/p>\n<p>**Este programa se financia en ciclos de dos a\u00f1os.  <\/p>\n<p>[\/et_pb_text][\/et_pb_column][\/et_pb_row][et_pb_row _builder_version=\u00bb4.23.1&#8243; _module_preset=\u00bbdefault\u00bb global_colors_info=\u00bb{}\u00bb][et_pb_column type=\u00bb4_4&#8243; _builder_version=\u00bb4.23.1&#8243; _module_preset=\u00bbdefault\u00bb global_colors_info=\u00bb{}\u00bb][et_pb_button button_url=\u00bbmailto:scec@sunrisecounty.org\u00bb button_text=\u00bbContacta con nosotros si tienes preguntas\u00bb button_alignment=\u00bbleft\u00bb _builder_version=\u00bb4.23.1&#8243; _module_preset=\u00bbdefault\u00bb custom_button=\u00bbon\u00bb button_text_color=\u00bb#474747&#8243; button_bg_color=\u00bb#FFC20F\u00bb button_border_width=\u00bb0px\u00bb button_border_radius=\u00bb47px\u00bb custom_padding=\u00bb10px|25px|10px|25px|false|false\u00bb global_colors_info=\u00bb{}\u00bb][\/et_pb_button][\/et_pb_column][\/et_pb_row][\/et_pb_section]<\/p>\n","protected":false},"excerpt":{"rendered":"<p>El Programa CDBG de Maine sirve de catalizador para que los gobiernos locales pongan en marcha programas que: Forman parte de una estrategia comunitaria a largo plazo;o del Plan Estrat\u00e9gico [&hellip;]<\/p>\n","protected":false},"author":10,"featured_media":0,"parent":0,"menu_order":0,"comment_status":"closed","ping_status":"closed","template":"","meta":{"_et_pb_use_builder":"on","_et_pb_old_content":"","_et_gb_content_width":"","footnotes":""},"class_list":["post-17677","page","type-page","status-publish","hentry"],"_links":{"self":[{"href":"https:\/\/sunrisecounty.org\/es\/wp-json\/wp\/v2\/pages\/17677","targetHints":{"allow":["GET"]}}],"collection":[{"href":"https:\/\/sunrisecounty.org\/es\/wp-json\/wp\/v2\/pages"}],"about":[{"href":"https:\/\/sunrisecounty.org\/es\/wp-json\/wp\/v2\/types\/page"}],"author":[{"embeddable":true,"href":"https:\/\/sunrisecounty.org\/es\/wp-json\/wp\/v2\/users\/10"}],"replies":[{"embeddable":true,"href":"https:\/\/sunrisecounty.org\/es\/wp-json\/wp\/v2\/comments?post=17677"}],"version-history":[{"count":5,"href":"https:\/\/sunrisecounty.org\/es\/wp-json\/wp\/v2\/pages\/17677\/revisions"}],"predecessor-version":[{"id":17685,"href":"https:\/\/sunrisecounty.org\/es\/wp-json\/wp\/v2\/pages\/17677\/revisions\/17685"}],"wp:attachment":[{"href":"https:\/\/sunrisecounty.org\/es\/wp-json\/wp\/v2\/media?parent=17677"}],"curies":[{"name":"wp","href":"https:\/\/api.w.org\/{rel}","templated":true}]}}