{"id":17482,"date":"2026-01-04T15:27:54","date_gmt":"2026-01-04T20:27:54","guid":{"rendered":"https:\/\/sunrisecounty.org\/programa-catalizador-del-nbrc\/"},"modified":"2026-01-04T15:28:43","modified_gmt":"2026-01-04T20:28:43","slug":"programa-catalizador-del-nbrc","status":"publish","type":"page","link":"https:\/\/sunrisecounty.org\/es\/programa-catalizador-del-nbrc\/","title":{"rendered":"Programa Catalizador del NBRC"},"content":{"rendered":"<p>[et_pb_section fb_built=\u00bb1&#8243; fullwidth=\u00bbon\u00bb _builder_version=\u00bb4.16&#8243; global_colors_info=\u00bb{}\u00bb][\/et_pb_section][et_pb_section fb_built=\u00bb1&#8243; custom_padding_last_edited=\u00bbon|phone\u00bb admin_label=\u00bbPage Title\u00bb _builder_version=\u00bb4.25.0&#8243; background_color=\u00bb#176535&#8243; background_image=\u00bbhttps:\/\/sunrisecounty.org\/wp-content\/uploads\/2018\/01\/yellow-bg.jpg\u00bb background_enable_image=\u00bboff\u00bb background_size=\u00bbinitial\u00bb background_position=\u00bbbottom_center\u00bb background_repeat=\u00bbrepeat\u00bb custom_margin=\u00bb0px|0px|0px|0px\u00bb custom_padding=\u00bb0px|0px|0px|0px\u00bb custom_padding_tablet=\u00bb0px|0px|0px|0px\u00bb custom_padding_phone=\u00bb0px|0px|115px|0px|false|false\u00bb custom_css_main_element=\u00bbheight: 80px;\u00bb global_module=\u00bb3329&#8243; collapsed=\u00bbon\u00bb global_colors_info=\u00bb{}\u00bb][et_pb_row custom_padding_last_edited=\u00bbon|phone\u00bb _builder_version=\u00bb4.22.0&#8243; max_width=\u00bb1080px\u00bb custom_margin=\u00bb0px||||false|false\u00bb custom_padding=\u00bb20px||||false|false\u00bb custom_padding_tablet=\u00bb\u00bb custom_padding_phone=\u00bb\u00bb global_colors_info=\u00bb{}\u00bb][et_pb_column type=\u00bb4_4&#8243; _builder_version=\u00bb4.16&#8243; custom_padding=\u00bb|||\u00bb global_colors_info=\u00bb{}\u00bb custom_padding__hover=\u00bb|||\u00bb][et_pb_post_title meta=\u00bboff\u00bb featured_image=\u00bboff\u00bb admin_label=\u00bbPage Title\u00bb _builder_version=\u00bb4.23.1&#8243; _module_preset=\u00bbdefault\u00bb title_font=\u00bbAlegreya Sans||||||||\u00bb title_text_align=\u00bbcenter\u00bb title_text_color=\u00bb#FFFFFF\u00bb title_font_size=\u00bb40px\u00bb title_font_size_tablet=\u00bb\u00bb title_font_size_phone=\u00bb32px\u00bb title_font_size_last_edited=\u00bbon|phone\u00bb global_colors_info=\u00bb{}\u00bb][\/et_pb_post_title][\/et_pb_column][\/et_pb_row][\/et_pb_section][et_pb_section fb_built=\u00bb1&#8243; _builder_version=\u00bb4.23.1&#8243; _module_preset=\u00bbdefault\u00bb background_color=\u00bb#FFFFFF\u00bb custom_padding=\u00bb50px||50px||false|false\u00bb global_colors_info=\u00bb{}\u00bb][et_pb_row column_structure=\u00bb2_3,1_3&#8243; make_equal=\u00bbon\u00bb _builder_version=\u00bb4.23.1&#8243; _module_preset=\u00bbdefault\u00bb custom_padding=\u00bb0px||0px||false|false\u00bb global_colors_info=\u00bb{}\u00bb][et_pb_column type=\u00bb2_3&#8243; _builder_version=\u00bb4.23.1&#8243; _module_preset=\u00bbdefault\u00bb custom_css_main_element=\u00bbmargin:auto;\u00bb global_colors_info=\u00bb{}\u00bb][et_pb_image src=\u00bbhttps:\/\/sunrisecounty.org\/wp-content\/uploads\/2024\/01\/NBRC_logo.png\u00bb alt=\u00bbNBRC_logo\u00bb title_text=\u00bbNBRC_logo\u00bb _builder_version=\u00bb4.23.1&#8243; _module_preset=\u00bbdefault\u00bb width=\u00bb50%\u00bb global_colors_info=\u00bb{}\u00bb][\/et_pb_image][et_pb_text _builder_version=\u00bb4.27.4&#8243; _module_preset=\u00bbdefault\u00bb hover_enabled=\u00bb0&#8243; global_colors_info=\u00bb{}\u00bb sticky_enabled=\u00bb0&#8243; text_font_size=\u00bb20px\u00bb text_line_height=\u00bb1.8em\u00bb]<\/p>\n<p>El Programa Catalizador est\u00e1 dise\u00f1ado para estimular el crecimiento econ\u00f3mico e inspirar asociaciones que mejoren la vitalidad econ\u00f3mica rural en la regi\u00f3n de cuatro estados del NBRC. El NBRC prev\u00e9 poner a disposici\u00f3n hasta 30 millones de d\u00f3lares para premios competitivos. Los fondos estar\u00e1n disponibles tanto en la ronda de primavera como en la de oto\u00f1o.  <\/p>\n<p>Los proyectos deben ser coherentes con los objetivos de desarrollo econ\u00f3mico de la regi\u00f3n y promover una combinaci\u00f3n de prioridades del NBRC y de los estados miembros. El Programa Catalizador dar\u00e1 prioridad a la financiaci\u00f3n de proyectos que demuestren tanto su preparaci\u00f3n como su impacto directo previsto en la econom\u00eda y las comunidades de la regi\u00f3n. <\/p>\n<p><strong>El SCEC puede ayudar a los solicitantes elegibles del condado de Washington con el proceso de solicitud previa y de solicitud sin coste alguno.<\/strong><\/p>\n<p>[\/et_pb_text][et_pb_button button_url=\u00bbhttps:\/\/www.nbrc.gov\/userfiles\/files\/Catalyst%20Program\/2026%20Catalyst%20Program%20Overview.pdf\u00bb url_new_window=\u00bbon\u00bb button_text=\u00bbVer el resumen completo del Programa Catalizador\u00bb _builder_version=\u00bb4.27.4&#8243; _module_preset=\u00bbdefault\u00bb custom_button=\u00bbon\u00bb button_text_color=\u00bb#474747&#8243; button_bg_color=\u00bb#FFC20F\u00bb button_border_width=\u00bb0px\u00bb button_border_radius=\u00bb47px\u00bb custom_margin_tablet=\u00bb||50px||false|false\u00bb custom_margin_phone=\u00bb||50px||false|false\u00bb custom_margin_last_edited=\u00bbon|tablet\u00bb custom_padding=\u00bb10px|25px|10px|25px|false|false\u00bb hover_enabled=\u00bb0&#8243; global_colors_info=\u00bb{}\u00bb sticky_enabled=\u00bb0&#8243;][\/et_pb_button][et_pb_button button_url=\u00bbhttps:\/\/www.maine.gov\/decd\/strategic-plan\u00bb url_new_window=\u00bbon\u00bb button_text=\u00bbRevisar la Estrategia de Desarrollo Econ\u00f3mico de Maine\u00bb _builder_version=\u00bb4.27.4&#8243; _module_preset=\u00bbdefault\u00bb custom_button=\u00bbon\u00bb button_text_color=\u00bb#474747&#8243; button_bg_color=\u00bb#FFC20F\u00bb button_border_width=\u00bb0px\u00bb button_border_radius=\u00bb47px\u00bb custom_margin_tablet=\u00bb||50px||false|false\u00bb custom_margin_phone=\u00bb||50px||false|false\u00bb custom_margin_last_edited=\u00bbon|tablet\u00bb custom_padding=\u00bb10px|25px|10px|25px|false|false\u00bb hover_enabled=\u00bb0&#8243; global_colors_info=\u00bb{}\u00bb sticky_enabled=\u00bb0&#8243;][\/et_pb_button][\/et_pb_column][et_pb_column type=\u00bb1_3&#8243; _builder_version=\u00bb4.23.1&#8243; _module_preset=\u00bbdefault\u00bb background_color=\u00bb#EEECE5&#8243; custom_padding=\u00bb50px|50px|50px|50px|false|false\u00bb border_color_all=\u00bb#176535&#8243; border_color_left=\u00bb#8F8F8F\u00bb global_colors_info=\u00bb{}\u00bb][et_pb_image src=\u00bbhttps:\/\/sunrisecounty.org\/wp-content\/uploads\/2019\/06\/4.png\u00bb alt=\u00bbJennifer Peters, Directora de Desarrollo Comunitario\u00bb title_text=\u00bbJennifer Peters, Directora de Desarrollo Comunitario\u00bb _builder_version=\u00bb4.25.0&#8243; _module_preset=\u00bbdefault\u00bb width_tablet=\u00bb250px\u00bb width_phone=\u00bb250px\u00bb width_last_edited=\u00bbon|tablet\u00bb global_colors_info=\u00bb{}\u00bb][\/et_pb_image][et_pb_heading title=\u00bbSCEC PUEDE AYUDARTE CON TU SOLICITUD\u00bb _builder_version=\u00bb4.23.1&#8243; _module_preset=\u00bbdefault\u00bb title_level=\u00bbh2&#8243; title_font=\u00bbLato|700|||||||\u00bb title_text_color=\u00bb#176535&#8243; title_font_size=\u00bb20px\u00bb title_letter_spacing=\u00bb1px\u00bb custom_margin=\u00bb||0px||false|false\u00bb custom_padding=\u00bb||0px||false|false\u00bb global_colors_info=\u00bb{}\u00bb][\/et_pb_heading][et_pb_text admin_label=\u00bbcontact info\u00bb _builder_version=\u00bb4.27.4&#8243; width=\u00bb100%\u00bb custom_padding=\u00bb|||0px||\u00bb hover_enabled=\u00bb0&#8243; global_colors_info=\u00bb{}\u00bb width__hover_enabled=\u00bbon|desktop\u00bb width__hover=\u00bb100%\u00bb sticky_enabled=\u00bb0&#8243;]<\/p>\n<p align=\"justify\" style=\"text-align: left\"><span>Para m\u00e1s informaci\u00f3n sobre c\u00f3mo puede ayudarte SCEC con tu solicitud, ponte en contacto con <strong>Jennifer Peters, Directora de Desarrollo Comunitario:<\/strong><\/span><\/p>\n<p align=\"justify\" style=\"text-align: left\"><span>Tel\u00e9fono: 207-255-0983<\/span><\/p>\n<p align=\"justify\" style=\"text-align: left\">Correo electr\u00f3nico: <a href=\"mailto:scec@sunrisecounty.org\">scec@sunrisecounty.org<\/a><\/p>\n<p align=\"justify\" style=\"text-align: left\"><a href=\"mailto:scec@sunrisecounty.org\">Enviar mensaje<\/a><\/p>\n<p>[\/et_pb_text][\/et_pb_column][\/et_pb_row][\/et_pb_section][et_pb_section fb_built=\u00bb1&#8243; _builder_version=\u00bb4.23.1&#8243; _module_preset=\u00bbdefault\u00bb background_color=\u00bb#0f3d59&#8243; global_colors_info=\u00bb{}\u00bb][et_pb_row _builder_version=\u00bb4.23.1&#8243; _module_preset=\u00bbdefault\u00bb global_colors_info=\u00bb{}\u00bb][et_pb_column type=\u00bb4_4&#8243; _builder_version=\u00bb4.23.1&#8243; _module_preset=\u00bbdefault\u00bb global_colors_info=\u00bb{}\u00bb][et_pb_text _builder_version=\u00bb4.27.4&#8243; _module_preset=\u00bbdefault\u00bb text_text_color=\u00bb#FFFFFF\u00bb text_font_size=\u00bb32px\u00bb text_line_height=\u00bb1.4em\u00bb header_text_color=\u00bb#FFFFFF\u00bb header_line_height=\u00bb4em\u00bb background_enable_color=\u00bboff\u00bb text_orientation=\u00bbcenter\u00bb hover_enabled=\u00bb0&#8243; text_font_size_tablet=\u00bb32px\u00bb text_font_size_phone=\u00bb20px\u00bb text_font_size_last_edited=\u00bbon|phone\u00bb text_line_height_tablet=\u00bb1.4em\u00bb text_line_height_phone=\u00bb1.5em\u00bb text_line_height_last_edited=\u00bbon|phone\u00bb global_colors_info=\u00bb{}\u00bb sticky_enabled=\u00bb0&#8243;]<\/p>\n<p><span>Entre los proyectos a los que se dar\u00e1 prioridad est\u00e1n los que se centren en comunidades rurales con menos de 5.000 habitantes y comunidades desatendidas, p<\/span><span>royectos que demuestren c\u00f3mo satisfacen m\u00faltiples necesidades dentro de las categor\u00edas de proyectos Catalyst y est\u00e9n dise\u00f1ados para crear eficiencias, y p<\/span><span>royectos que demuestren c\u00f3mo las comunidades previenen, reducen, soportan y se recuperan de cat\u00e1strofes meteorol\u00f3gicas extremas. <\/span> <\/p>\n<p>[\/et_pb_text][\/et_pb_column][\/et_pb_row][\/et_pb_section][et_pb_section fb_built=\u00bb1&#8243; _builder_version=\u00bb4.20.4&#8243; background_color=\u00bbrgba(238,236,229,0.4)\u00bb custom_padding=\u00bb|0px||0px||\u00bb collapsed=\u00bbon\u00bb global_colors_info=\u00bb{}\u00bb][et_pb_row column_structure=\u00bb1_2,1_2&#8243; _builder_version=\u00bb4.25.0&#8243; background_size=\u00bbinitial\u00bb background_position=\u00bbtop_left\u00bb background_repeat=\u00bbrepeat\u00bb custom_padding=\u00bb0px|||0px|false|false\u00bb global_colors_info=\u00bb{}\u00bb][et_pb_column type=\u00bb1_2&#8243; _builder_version=\u00bb4.16&#8243; custom_padding=\u00bb|||\u00bb global_colors_info=\u00bb{}\u00bb custom_padding__hover=\u00bb|||\u00bb][et_pb_heading title=\u00bbPreguntas frecuentes sobre el CATALIZADOR 2026 NBRC\u00bb _builder_version=\u00bb4.27.4&#8243; _module_preset=\u00bbdefault\u00bb title_level=\u00bbh2&#8243; title_font=\u00bbLato|700|||||||\u00bb title_text_color=\u00bb#176535&#8243; title_font_size=\u00bb24px\u00bb title_letter_spacing=\u00bb2px\u00bb hover_enabled=\u00bb0&#8243; global_colors_info=\u00bb{}\u00bb sticky_enabled=\u00bb0&#8243;][\/et_pb_heading][\/et_pb_column][et_pb_column type=\u00bb1_2&#8243; disabled_on=\u00bbon|on|off\u00bb _builder_version=\u00bb4.25.0&#8243; custom_padding=\u00bb|||\u00bb custom_padding_tablet=\u00bb||25px||false|false\u00bb custom_padding_phone=\u00bb||25px||false|false\u00bb custom_padding_last_edited=\u00bbon|tablet\u00bb global_colors_info=\u00bb{}\u00bb custom_padding__hover=\u00bb|||\u00bb][\/et_pb_column][\/et_pb_row][et_pb_row column_structure=\u00bb1_2,1_2&#8243; _builder_version=\u00bb4.23.1&#8243; _module_preset=\u00bbdefault\u00bb custom_margin=\u00bb-27px|auto||auto||\u00bb global_colors_info=\u00bb{}\u00bb][et_pb_column type=\u00bb1_2&#8243; _builder_version=\u00bb4.23.1&#8243; _module_preset=\u00bbdefault\u00bb global_colors_info=\u00bb{}\u00bb][et_pb_toggle title=\u00bb\u00bfCu\u00e1les son las prioridades de inversi\u00f3n del CNRB?\u00bb open_toggle_text_color=\u00bb#176535&#8243; icon_color=\u00bb#176535&#8243; _builder_version=\u00bb4.27.4&#8243; _module_preset=\u00bbdefault\u00bb title_text_color=\u00bb#176535&#8243; hover_enabled=\u00bb0&#8243; global_colors_info=\u00bb{}\u00bb sticky_enabled=\u00bb0&#8243;]<\/p>\n<p><strong>Las prioridades de inversi\u00f3n del NBRC incluyen:<\/strong><\/p>\n<p><span>El Programa Catalizador est\u00e1 dise\u00f1ado para estimular el crecimiento econ\u00f3mico e inspirar asociaciones que mejoren la vitalidad econ\u00f3mica rural en toda la regi\u00f3n de cuatro estados del NBRC. El NBRC fomenta los proyectos que adoptan un enfoque creativo para abordar una necesidad u oportunidad econ\u00f3mica en la regi\u00f3n, aliviar las dificultades econ\u00f3micas y contribuir al crecimiento econ\u00f3mico. <\/span><\/p>\n<p><span>Los proyectos de \u00e9xito apoyan una amplia gama de iniciativas de desarrollo econ\u00f3mico como, por ejemplo, proyectos que modernizan y ampl\u00edan el acceso a los servicios p\u00fablicos de agua y aguas residuales, revitalizan las infraestructuras de transporte, establecen programas e instalaciones para el desarrollo de la mano de obra, hacen crecer la econom\u00eda recreativa al aire libre y proporcionan acceso a nuevas guarder\u00edas e instalaciones sanitarias.<\/span><\/p>\n<p>[\/et_pb_toggle][et_pb_toggle title=\u00bb\u00bfQui\u00e9n puede optar?\u00bb open_toggle_text_color=\u00bb#176535&#8243; icon_color=\u00bb#176535&#8243; _builder_version=\u00bb4.27.4&#8243; _module_preset=\u00bbdefault\u00bb title_text_color=\u00bb#176535&#8243; hover_enabled=\u00bb0&#8243; global_colors_info=\u00bb{}\u00bb sticky_enabled=\u00bb0&#8243;]<\/p>\n<p><span><strong>Orientaci\u00f3n sobre la elegibilidad de la ubicaci\u00f3n: <\/strong>El \u00e1rea de servicio elegible del NBRC incluye 60 condados de Maine, Nuevo Hampshire, Nueva York y Vermont. Si tu proyecto se encuentra en el \u00e1rea de servicio, puede ser elegible para los fondos del NBRC.   <\/span><span>Consulta la lista completa de condados y designaciones contenida en el <a href=\"https:\/\/www.nbrc.gov\/userfiles\/files\/Announcements\/Distress%20Criteria\/View%202025%20Distress%20Criteria.png\" class=\"local\">Informe de Criterios de Angustia del NBRC<\/a>.  <\/span><\/p>\n<p><span><strong>Orientaci\u00f3n para solicitantes admisibles:<\/strong><\/span><\/p>\n<ul>\n<li>\n<p><span>Gobierno estatal (s\u00f3lo Maine, Nuevo Hampshire, Nueva York y Vermont)<\/span><\/p>\n<\/li>\n<li>\n<p><span>Gobiernos locales (pueblo, ciudad y condado)<\/span><\/p>\n<\/li>\n<li>\n<p><span>Centros de secundaria y de carreras t\u00e9cnicas<\/span><\/p>\n<\/li>\n<li>\n<p><span>Otras subdivisiones pol\u00edticas de los Estados (comisiones regionales de planificaci\u00f3n, autoridades del Estado)<\/span><\/p>\n<\/li>\n<li>\n<p><span>Entidades sin \u00e1nimo de lucro (consulta el Manual del Programa para m\u00e1s detalles)<\/span><\/p>\n<\/li>\n<li>\n<p><span>Tribus indias (tribus indias reconocidas federalmente, consulta el Manual del Programa para m\u00e1s detalles)<\/span><\/p>\n<\/li>\n<\/ul>\n<p><span>Las entidades con \u00e1nimo de lucro, las LLC y otras entidades que no sean una 501(c) <strong>NO<\/strong> pueden solicitar financiaci\u00f3n del Programa Catalizador.  <\/span><\/p>\n<p>[\/et_pb_toggle][et_pb_toggle title=\u00bb\u00bfC\u00f3mo me inscribo?\u00bb open_toggle_text_color=\u00bb#176535&#8243; icon_color=\u00bb#176535&#8243; _builder_version=\u00bb4.27.2&#8243; _module_preset=\u00bbdefault\u00bb title_text_color=\u00bb#176535&#8243; global_colors_info=\u00bb{}\u00bb]<\/p>\n<div class=\"page\" title=\"P\u00e1gina 1\">\n<div class=\"layoutArea\">\n<div class=\"column\">\n<div class=\"page\" title=\"P\u00e1gina 3\">\n<div class=\"layoutArea\">\n<div class=\"column\">\n<div class=\"page\" title=\"P\u00e1gina 4\">\n<div class=\"layoutArea\">\n<div class=\"column\">\n<p>El proceso de presentaci\u00f3n de solicitudes es el mismo para los proyectos de infraestructuras y para los que no lo son. El Programa Catalizador llevar\u00e1 a cabo dos rondas de financiaci\u00f3n en 2025, con plazos de pre-solicitud antes de las 17:00 h EST el 7 de marzo y el 29 de agosto, y plazos de solicitud completa antes de las 17:00 h EST el 18 de abril y el 10 de octubre, respectivamente. <span class=\"Apple-converted-space\"> <\/span><\/p>\n<p>Las solicitudes previas son necesarias para que se considere la financiaci\u00f3n. Las pre-solicitudes ser\u00e1n revisadas para comprobar su elegibilidad, los importes m\u00e1ximos de adjudicaci\u00f3n (en funci\u00f3n de la clasificaci\u00f3n del proyecto como infraestructura o no infraestructura), y la adhesi\u00f3n tanto a las prioridades de la agencia NBRC como a las prioridades del programa estatal. S\u00f3lo se aceptar\u00e1n solicitudes completas de aquellas entidades expresamente invitadas a presentar una solicitud en la fase de solicitud previa, y deber\u00e1n presentarse utilizando el sistema de solicitud en l\u00ednea de la NBRC.  <span class=\"Apple-converted-space\"> <\/span><\/p>\n<p>Los solicitantes interesados e invitados deben consultar el Manual del Usuario del Programa Catalizador 2025 para obtener instrucciones detalladas previas a la solicitud y sobre la presentaci\u00f3n de solicitudes.<span class=\"Apple-converted-space\"> <\/span><\/p>\n<\/div>\n<\/div>\n<\/div>\n<\/div>\n<\/div>\n<\/div>\n<\/div>\n<\/div>\n<\/div>\n<p>[\/et_pb_toggle][\/et_pb_column][et_pb_column type=\u00bb1_2&#8243; _builder_version=\u00bb4.23.1&#8243; _module_preset=\u00bbdefault\u00bb background_color=\u00bb#FFFFFF\u00bb custom_padding=\u00bb50px|50px|50px|50px|true|true\u00bb global_colors_info=\u00bb{}\u00bb][et_pb_heading title=\u00bbCronolog\u00eda del Catalizador 2026&#8243; _builder_version=\u00bb4.27.4&#8243; _module_preset=\u00bbdefault\u00bb title_level=\u00bbh4&#8243; hover_enabled=\u00bb0&#8243; global_colors_info=\u00bb{}\u00bb sticky_enabled=\u00bb0&#8243;][\/et_pb_heading][et_pb_text _builder_version=\u00bb4.27.4&#8243; _module_preset=\u00bbdefault\u00bb hover_enabled=\u00bb0&#8243; global_colors_info=\u00bb{}\u00bb sticky_enabled=\u00bb0&#8243;]<\/p>\n<h5>Primavera 2026<\/h5>\n<ul>\n<li>Pre-solicitudes y Exenciones &#8211; plazo hasta las 5:00 PM EST del 27 de febrero<\/li>\n<li>Solicitudes completas (s\u00f3lo por invitaci\u00f3n) &#8211; plazo hasta las 17:00 h EST del 17 de abril<\/li>\n<li>Fecha aproximada de concesi\u00f3n de la subvenci\u00f3n &#8211; Junio<\/li>\n<\/ul>\n<h5>Oto\u00f1o 2026<\/h5>\n<ul>\n<li>Las pre-solicitudes deben presentarse antes de las 17:00 h EST del 18 de agosto<\/li>\n<li>Las solicitudes deben presentarse antes de las 17:00 h EST del 16 de octubre<\/li>\n<li>Fecha aproximada de concesi\u00f3n de la subvenci\u00f3n &#8211; Diciembre<\/li>\n<\/ul>\n<p>[\/et_pb_text][et_pb_button button_url=\u00bbhttps:\/\/sunrisecounty.org\/wp-content\/uploads\/2025\/01\/2025-Catalyst-Program-Overview_FINAL-omb-approved-12192024.pdf\u00bb url_new_window=\u00bbon\u00bb button_text=\u00bbVer m\u00e1s informaci\u00f3n\u00bb button_alignment=\u00bbleft\u00bb _builder_version=\u00bb4.27.2&#8243; _module_preset=\u00bbdefault\u00bb custom_button=\u00bbon\u00bb button_text_color=\u00bb#474747&#8243; button_bg_color=\u00bb#FFC20F\u00bb button_border_width=\u00bb0px\u00bb button_border_radius=\u00bb47px\u00bb custom_padding=\u00bb10px|25px|10px|25px|false|false\u00bb global_colors_info=\u00bb{}\u00bb][\/et_pb_button][\/et_pb_column][\/et_pb_row][\/et_pb_section][et_pb_section fb_built=\u00bb1&#8243; _builder_version=\u00bb4.23.1&#8243; _module_preset=\u00bbdefault\u00bb global_colors_info=\u00bb{}\u00bb][et_pb_row _builder_version=\u00bb4.23.1&#8243; _module_preset=\u00bbdefault\u00bb global_colors_info=\u00bb{}\u00bb][et_pb_column type=\u00bb4_4&#8243; _builder_version=\u00bb4.23.1&#8243; _module_preset=\u00bbdefault\u00bb global_colors_info=\u00bb{}\u00bb][et_pb_text _builder_version=\u00bb4.23.1&#8243; _module_preset=\u00bbdefault\u00bb quote_font_size=\u00bb24px\u00bb global_colors_info=\u00bb{}\u00bb]<\/p>\n<h2 style=\"text-align: center\">Asistencia administrativa a trav\u00e9s del SCEC  <\/h2>\n<p>La asociaci\u00f3n federal-estatal del NBRC cuenta con la ayuda de un grupo de organizaciones regionales denominadas <b>Distritos de Desarrollo Local (LDD) <\/b>, que asisten al NBRC en sus actividades de divulgaci\u00f3n y administran las inversiones del NBRC para los beneficiarios.<span class=\"Apple-converted-space\"> <\/span><span class=\"Apple-converted-space\"><\/span> Los LDD conocen otros programas federales y estatales que ayudan a financiar proyectos de desarrollo econ\u00f3mico y comunitario.<\/p>\n<blockquote>\n<p>El Consejo Econ\u00f3mico del Condado de Sunrise es un LDD.  <\/p>\n<\/blockquote>\n<p><strong>Cada concesi\u00f3n del Programa Catalizador debe utilizar un LDD para la asistencia en la administraci\u00f3n de la subvenci\u00f3n, a menos que se trate de una agencia del gobierno estatal, sea un LDD o haya solicitado y recibido la aprobaci\u00f3n de exenci\u00f3n de LDD del NBRC antes de presentar la solicitud del Programa Catalizador.<span class=\"Apple-converted-space\"> <\/span><\/strong><\/p>\n<p>Los LDD son compensados por su trabajo administrativo, mediante un proceso de reembolso con el becario, basado en la f\u00f3rmula del 2% de la subvenci\u00f3n del NBRC. Los LLD pueden ayudar con:   <span class=\"Apple-converted-space\"><\/span><\/p>\n<ul>\n<li><span class=\"Apple-converted-space\"><strong>Informes trimestrales:<\/strong> Aseg\u00farate de que el beneficiario presenta los informes trimestrales a tiempo y con suficiente informaci\u00f3n<br \/>para proporcionar un resumen significativo de en qu\u00e9 punto del proceso se encuentra el proyecto.<\/span><\/li>\n<li><span class=\"Apple-converted-space\"><strong>Solicitudes de reembolso:<\/strong> Proporcionar orientaci\u00f3n a los beneficiarios sobre la presentaci\u00f3n de solicitudes de reembolso y garantizar que las solicitudes de reembolso sean precisas, se ajusten al presupuesto aprobado y contengan toda la documentaci\u00f3n necesaria para aportar pruebas de la contrapartida y los reembolsos que se espera que pague el NBRC.<\/span><\/li>\n<li><span class=\"Apple-converted-space\"><strong>Informe final:<\/strong> Aseg\u00farate de que el beneficiario ha presentado su informe final y su informe financiero a tiempo una vez finalizado el proyecto.<\/span><\/li>\n<li><strong><span class=\"Apple-converted-space\">Asistencia general: <\/span><\/strong>Estar disponible para orientar al becario en otras cuestiones, como cu\u00e1les son sus responsabilidades en relaci\u00f3n con la adquisici\u00f3n de bienes y servicios y los contratistas. Tener una base de conocimientos generales sobre los programas federales de subvenciones, en concreto sobre el NBRC. <span class=\"Apple-converted-space\"> <\/span><\/li>\n<\/ul>\n<p>[\/et_pb_text][et_pb_button button_url=\u00bbmailto:scec@sunrisecounty.org\u00bb button_text=\u00bbContacta con nosotros si tienes preguntas\u00bb button_alignment=\u00bbcenter\u00bb _builder_version=\u00bb4.23.1&#8243; _module_preset=\u00bbdefault\u00bb custom_button=\u00bbon\u00bb button_text_color=\u00bb#474747&#8243; button_bg_color=\u00bb#FFC20F\u00bb button_border_width=\u00bb0px\u00bb button_border_radius=\u00bb47px\u00bb custom_padding=\u00bb10px|25px|10px|25px|false|false\u00bb global_colors_info=\u00bb{}\u00bb][\/et_pb_button][\/et_pb_column][\/et_pb_row][\/et_pb_section]<\/p>\n","protected":false},"excerpt":{"rendered":"<p>El Programa Catalizador est\u00e1 dise\u00f1ado para estimular el crecimiento econ\u00f3mico e inspirar asociaciones que mejoren la vitalidad econ\u00f3mica rural en la regi\u00f3n de cuatro estados del NBRC. El NBRC prev\u00e9 [&hellip;]<\/p>\n","protected":false},"author":10,"featured_media":0,"parent":0,"menu_order":0,"comment_status":"closed","ping_status":"closed","template":"","meta":{"_et_pb_use_builder":"on","_et_pb_old_content":"","_et_gb_content_width":"","footnotes":""},"class_list":["post-17482","page","type-page","status-publish","hentry"],"_links":{"self":[{"href":"https:\/\/sunrisecounty.org\/es\/wp-json\/wp\/v2\/pages\/17482","targetHints":{"allow":["GET"]}}],"collection":[{"href":"https:\/\/sunrisecounty.org\/es\/wp-json\/wp\/v2\/pages"}],"about":[{"href":"https:\/\/sunrisecounty.org\/es\/wp-json\/wp\/v2\/types\/page"}],"author":[{"embeddable":true,"href":"https:\/\/sunrisecounty.org\/es\/wp-json\/wp\/v2\/users\/10"}],"replies":[{"embeddable":true,"href":"https:\/\/sunrisecounty.org\/es\/wp-json\/wp\/v2\/comments?post=17482"}],"version-history":[{"count":5,"href":"https:\/\/sunrisecounty.org\/es\/wp-json\/wp\/v2\/pages\/17482\/revisions"}],"predecessor-version":[{"id":17492,"href":"https:\/\/sunrisecounty.org\/es\/wp-json\/wp\/v2\/pages\/17482\/revisions\/17492"}],"wp:attachment":[{"href":"https:\/\/sunrisecounty.org\/es\/wp-json\/wp\/v2\/media?parent=17482"}],"curies":[{"name":"wp","href":"https:\/\/api.w.org\/{rel}","templated":true}]}}