{"id":17153,"date":"2025-11-23T19:44:34","date_gmt":"2025-11-24T00:44:34","guid":{"rendered":"https:\/\/sunrisecounty.org\/oportunidades-de-empleo\/"},"modified":"2026-01-09T09:01:23","modified_gmt":"2026-01-09T14:01:23","slug":"oportunidades-de-empleo","status":"publish","type":"page","link":"https:\/\/sunrisecounty.org\/es\/oportunidades-de-empleo\/","title":{"rendered":"Oportunidades de empleo"},"content":{"rendered":"<p>[et_pb_section fb_built=\u00bb1&#8243; fullwidth=\u00bbon\u00bb _builder_version=\u00bb4.16&#8243; global_colors_info=\u00bb{}\u00bb][et_pb_fullwidth_image admin_label=\u00bbFullwidth Banner Image\u00bb _builder_version=\u00bb4.16&#8243; background_image=\u00bbhttps:\/\/sunrisecounty.org\/wp-content\/uploads\/2018\/02\/19.jpg\u00bb custom_css_main_element=\u00bbheight: 300px;\u00bb global_colors_info=\u00bb{}\u00bb][\/et_pb_fullwidth_image][\/et_pb_section][et_pb_section fb_built=\u00bb1&#8243; custom_padding_last_edited=\u00bbon|phone\u00bb admin_label=\u00bbPage Title\u00bb _builder_version=\u00bb4.25.0&#8243; background_color=\u00bb#176535&#8243; background_image=\u00bbhttps:\/\/sunrisecounty.org\/wp-content\/uploads\/2018\/01\/yellow-bg.jpg\u00bb background_enable_image=\u00bboff\u00bb background_size=\u00bbinitial\u00bb background_position=\u00bbbottom_center\u00bb background_repeat=\u00bbrepeat\u00bb custom_margin=\u00bb0px|0px|0px|0px\u00bb custom_padding=\u00bb0px|0px|0px|0px\u00bb custom_padding_tablet=\u00bb0px|0px|0px|0px\u00bb custom_padding_phone=\u00bb0px|0px|115px|0px|false|false\u00bb custom_css_main_element=\u00bbheight: 80px;\u00bb global_module=\u00bb3329&#8243; collapsed=\u00bbon\u00bb global_colors_info=\u00bb{}\u00bb][et_pb_row custom_padding_last_edited=\u00bbon|phone\u00bb _builder_version=\u00bb4.22.0&#8243; max_width=\u00bb1080px\u00bb custom_margin=\u00bb0px||||false|false\u00bb custom_padding=\u00bb20px||||false|false\u00bb custom_padding_tablet=\u00bb\u00bb custom_padding_phone=\u00bb\u00bb global_colors_info=\u00bb{}\u00bb][et_pb_column type=\u00bb4_4&#8243; _builder_version=\u00bb4.16&#8243; custom_padding=\u00bb|||\u00bb global_colors_info=\u00bb{}\u00bb custom_padding__hover=\u00bb|||\u00bb][et_pb_post_title meta=\u00bboff\u00bb featured_image=\u00bboff\u00bb admin_label=\u00bbPage Title\u00bb _builder_version=\u00bb4.23.1&#8243; _module_preset=\u00bbdefault\u00bb title_font=\u00bbAlegreya Sans||||||||\u00bb title_text_align=\u00bbcenter\u00bb title_text_color=\u00bb#FFFFFF\u00bb title_font_size=\u00bb40px\u00bb title_font_size_tablet=\u00bb\u00bb title_font_size_phone=\u00bb32px\u00bb title_font_size_last_edited=\u00bbon|phone\u00bb global_colors_info=\u00bb{}\u00bb][\/et_pb_post_title][\/et_pb_column][\/et_pb_row][\/et_pb_section][et_pb_section fb_built=\u00bb1&#8243; _builder_version=\u00bb4.16&#8243; global_colors_info=\u00bb{}\u00bb][et_pb_row _builder_version=\u00bb4.22.0&#8243; _module_preset=\u00bbdefault\u00bb global_colors_info=\u00bb{}\u00bb][et_pb_column type=\u00bb4_4&#8243; _builder_version=\u00bb4.22.0&#8243; _module_preset=\u00bbdefault\u00bb global_colors_info=\u00bb{}\u00bb][et_pb_text _builder_version=\u00bb4.27.4&#8243; _module_preset=\u00bbdefault\u00bb text_text_color=\u00bb#0f3d59&#8243; text_font_size=\u00bb20px\u00bb header_font_size=\u00bb20px\u00bb text_orientation=\u00bbcenter\u00bb link_option_url=\u00bbhttps:\/\/sunrisecounty.org\/wp-content\/uploads\/2023\/10\/SCEC-Brownfields-RFP.pdf\u00bb link_option_url_new_window=\u00bbon\u00bb hover_enabled=\u00bb0&#8243; global_colors_info=\u00bb{}\u00bb text_line_height=\u00bb1.8em\u00bb sticky_enabled=\u00bb0&#8243;]<\/p>\n<p>Actualmente no tenemos ofertas de empleo.<\/p>\n<p>Las futuras oportunidades de empleo se anunciar\u00e1n en nuestro bolet\u00edn semanal, <em>Local Happenings<\/em><a href=\"https:\/\/lp.constantcontactpages.com\/sl\/LDrgYWz\/localhappenings\" target=\"_blank\" rel=\"noopener\">(inscr\u00edbete aqu\u00ed<\/a>) y en nuestra <a href=\"https:\/\/www.facebook.com\/sunrisecounty\/\" target=\"_blank\" rel=\"noopener\">p\u00e1gina de Facebook.<\/a><\/p>\n<p><em>Gracias por tu inter\u00e9s en trabajar con el Consejo Econ\u00f3mico del Condado de Sunrise.  <\/em><\/p>\n<p>[\/et_pb_text][\/et_pb_column][\/et_pb_row][\/et_pb_section]<\/p>\n","protected":false},"excerpt":{"rendered":"<p>Actualmente no tenemos ofertas de empleo. Las futuras oportunidades de empleo se anunciar\u00e1n en nuestro bolet\u00edn semanal, Local Happenings(inscr\u00edbete aqu\u00ed) y en nuestra p\u00e1gina de Facebook. Gracias por tu inter\u00e9s [&hellip;]<\/p>\n","protected":false},"author":10,"featured_media":0,"parent":0,"menu_order":0,"comment_status":"closed","ping_status":"closed","template":"","meta":{"_et_pb_use_builder":"on","_et_pb_old_content":"","_et_gb_content_width":"","footnotes":""},"class_list":["post-17153","page","type-page","status-publish","hentry"],"_links":{"self":[{"href":"https:\/\/sunrisecounty.org\/es\/wp-json\/wp\/v2\/pages\/17153","targetHints":{"allow":["GET"]}}],"collection":[{"href":"https:\/\/sunrisecounty.org\/es\/wp-json\/wp\/v2\/pages"}],"about":[{"href":"https:\/\/sunrisecounty.org\/es\/wp-json\/wp\/v2\/types\/page"}],"author":[{"embeddable":true,"href":"https:\/\/sunrisecounty.org\/es\/wp-json\/wp\/v2\/users\/10"}],"replies":[{"embeddable":true,"href":"https:\/\/sunrisecounty.org\/es\/wp-json\/wp\/v2\/comments?post=17153"}],"version-history":[{"count":5,"href":"https:\/\/sunrisecounty.org\/es\/wp-json\/wp\/v2\/pages\/17153\/revisions"}],"predecessor-version":[{"id":17537,"href":"https:\/\/sunrisecounty.org\/es\/wp-json\/wp\/v2\/pages\/17153\/revisions\/17537"}],"wp:attachment":[{"href":"https:\/\/sunrisecounty.org\/es\/wp-json\/wp\/v2\/media?parent=17153"}],"curies":[{"name":"wp","href":"https:\/\/api.w.org\/{rel}","templated":true}]}}