{"id":16937,"date":"2025-10-17T14:30:51","date_gmt":"2025-10-17T18:30:51","guid":{"rendered":"https:\/\/sunrisecounty.org\/edificio-comercial-mainestreet\/"},"modified":"2026-01-04T15:05:27","modified_gmt":"2026-01-04T20:05:27","slug":"edificio-comercial-mainestreet","status":"publish","type":"page","link":"https:\/\/sunrisecounty.org\/es\/edificio-comercial-mainestreet\/","title":{"rendered":"Edificio comercial MaineStreet"},"content":{"rendered":"<p>[et_pb_section fb_built=\u00bb1&#8243; fullwidth=\u00bbon\u00bb _builder_version=\u00bb4.23.1&#8243; _module_preset=\u00bbdefault\u00bb background_image=\u00bbhttps:\/\/sunrisecounty.org\/wp-content\/uploads\/2024\/03\/Genesis-Fund-Flax-Studios-Machais-2.jpg\u00bb parallax=\u00bboff\u00bb min_height=\u00bb515px\u00bb height=\u00bb515px\u00bb global_colors_info=\u00bb{}\u00bb][\/et_pb_section][et_pb_section fb_built=\u00bb1&#8243; custom_padding_last_edited=\u00bbon|phone\u00bb admin_label=\u00bbPage Title\u00bb _builder_version=\u00bb4.25.0&#8243; background_color=\u00bb#176535&#8243; background_image=\u00bbhttps:\/\/sunrisecounty.org\/wp-content\/uploads\/2018\/01\/yellow-bg.jpg\u00bb background_enable_image=\u00bboff\u00bb background_size=\u00bbinitial\u00bb background_position=\u00bbbottom_center\u00bb background_repeat=\u00bbrepeat\u00bb custom_margin=\u00bb0px|0px|0px|0px\u00bb custom_padding=\u00bb0px|0px|0px|0px\u00bb custom_padding_tablet=\u00bb0px|0px|0px|0px\u00bb custom_padding_phone=\u00bb0px|0px|115px|0px|false|false\u00bb custom_css_main_element=\u00bbheight: 80px;\u00bb global_module=\u00bb3329&#8243; collapsed=\u00bbon\u00bb global_colors_info=\u00bb{}\u00bb][et_pb_row custom_padding_last_edited=\u00bbon|phone\u00bb _builder_version=\u00bb4.22.0&#8243; max_width=\u00bb1080px\u00bb custom_margin=\u00bb0px||||false|false\u00bb custom_padding=\u00bb20px||||false|false\u00bb custom_padding_tablet=\u00bb\u00bb custom_padding_phone=\u00bb\u00bb global_colors_info=\u00bb{}\u00bb][et_pb_column type=\u00bb4_4&#8243; _builder_version=\u00bb4.16&#8243; custom_padding=\u00bb|||\u00bb global_colors_info=\u00bb{}\u00bb custom_padding__hover=\u00bb|||\u00bb][et_pb_post_title meta=\u00bboff\u00bb featured_image=\u00bboff\u00bb admin_label=\u00bbPage Title\u00bb _builder_version=\u00bb4.23.1&#8243; _module_preset=\u00bbdefault\u00bb title_font=\u00bbAlegreya Sans||||||||\u00bb title_text_align=\u00bbcenter\u00bb title_text_color=\u00bb#FFFFFF\u00bb title_font_size=\u00bb40px\u00bb title_font_size_tablet=\u00bb\u00bb title_font_size_phone=\u00bb32px\u00bb title_font_size_last_edited=\u00bbon|phone\u00bb global_colors_info=\u00bb{}\u00bb][\/et_pb_post_title][\/et_pb_column][\/et_pb_row][\/et_pb_section][et_pb_section fb_built=\u00bb1&#8243; _builder_version=\u00bb4.23.1&#8243; _module_preset=\u00bbdefault\u00bb background_color=\u00bb#FFFFFF\u00bb custom_padding=\u00bb100px||100px||false|false\u00bb global_colors_info=\u00bb{}\u00bb][et_pb_row make_equal=\u00bbon\u00bb _builder_version=\u00bb4.23.1&#8243; _module_preset=\u00bbdefault\u00bb custom_padding=\u00bb0px||0px||false|false\u00bb global_colors_info=\u00bb{}\u00bb][et_pb_column type=\u00bb4_4&#8243; _builder_version=\u00bb4.23.1&#8243; _module_preset=\u00bbdefault\u00bb custom_css_main_element=\u00bbmargin:auto;\u00bb global_colors_info=\u00bb{}\u00bb][et_pb_image src=\u00bbhttps:\/\/sunrisecounty.org\/wp-content\/uploads\/2023\/11\/MaineStreet-Business-Building-Logos-Final-2-2.png\u00bb alt=\u00bbLogotipo del Edificio Comercial MaineStreet\u00bb title_text=\u00bbMaineStreet-Business-Building-Logos-Final-2-2&#8243; align=\u00bbcenter\u00bb _builder_version=\u00bb4.25.0&#8243; _module_preset=\u00bbdefault\u00bb width=\u00bb300px\u00bb width_tablet=\u00bb300px\u00bb width_phone=\u00bb300px\u00bb width_last_edited=\u00bbon|tablet\u00bb min_height_tablet=\u00bb85px\u00bb min_height_phone=\u00bb85px\u00bb min_height_last_edited=\u00bbon|tablet\u00bb height_tablet=\u00bb85px\u00bb height_phone=\u00bb85px\u00bb height_last_edited=\u00bbon|tablet\u00bb global_colors_info=\u00bb{}\u00bb][\/et_pb_image][et_pb_text _builder_version=\u00bb4.27.4&#8243; _module_preset=\u00bbdefault\u00bb text_line_height=\u00bb2em\u00bb header_font_size=\u00bb51px\u00bb header_2_font_size=\u00bb32px\u00bb header_2_line_height=\u00bb1.4em\u00bb header_4_line_height=\u00bb1.2em\u00bb hover_enabled=\u00bb0&#8243; global_colors_info=\u00bb{}\u00bb sticky_enabled=\u00bb0&#8243;]<\/p>\n<h2 style=\"text-align: center;\"><span>El Equipo de Peque\u00f1as Empresas e Iniciativa Empresarial del SCEC impulsa el Edificio Empresarial MaineStreet.  <\/span><\/h2>\n<p>[\/et_pb_text][\/et_pb_column][\/et_pb_row][\/et_pb_section][et_pb_section fb_built=\u00bb1&#8243; _builder_version=\u00bb4.23.1&#8243; background_color=\u00bbrgba(238,236,229,0.4)\u00bb custom_padding=\u00bb100px|0px||0px|false|false\u00bb collapsed=\u00bbon\u00bb global_colors_info=\u00bb{}\u00bb][et_pb_row column_structure=\u00bb1_3,2_3&#8243; _builder_version=\u00bb4.23.1&#8243; _module_preset=\u00bbdefault\u00bb custom_margin=\u00bb-27px|auto||auto||\u00bb global_colors_info=\u00bb{}\u00bb][et_pb_column type=\u00bb1_3&#8243; _builder_version=\u00bb4.23.1&#8243; _module_preset=\u00bbdefault\u00bb background_image=\u00bbhttps:\/\/sunrisecounty.org\/wp-content\/uploads\/2024\/03\/Genesis-Fund-Flax-Studios-Machais-73-1.jpg\u00bb custom_padding=\u00bb250px||100px||false|false\u00bb global_colors_info=\u00bb{}\u00bb][\/et_pb_column][et_pb_column type=\u00bb2_3&#8243; _builder_version=\u00bb4.23.1&#8243; _module_preset=\u00bbdefault\u00bb global_colors_info=\u00bb{}\u00bb][et_pb_heading title=\u00bbASESORAMIENTO EMPRESARIAL PERSONALIZADO\u00bb _builder_version=\u00bb4.27.4&#8243; _module_preset=\u00bbdefault\u00bb title_level=\u00bbh4&#8243; title_font=\u00bbLato|700|||||||\u00bb title_text_color=\u00bb#176535&#8243; title_font_size=\u00bb24px\u00bb title_letter_spacing=\u00bb3px\u00bb custom_margin=\u00bb||0px||false|false\u00bb custom_margin_tablet=\u00bb50px||0px||false|false\u00bb custom_margin_phone=\u00bb50px||0px||false|false\u00bb custom_margin_last_edited=\u00bbon|tablet\u00bb custom_padding=\u00bb||0px||false|false\u00bb hover_enabled=\u00bb0&#8243; global_colors_info=\u00bb{}\u00bb sticky_enabled=\u00bb0&#8243;][\/et_pb_heading][et_pb_text _builder_version=\u00bb4.27.4&#8243; _module_preset=\u00bbdefault\u00bb text_font_size=\u00bb18px\u00bb text_line_height=\u00bb1.8em\u00bb hover_enabled=\u00bb0&#8243; global_colors_info=\u00bb{}\u00bb sticky_enabled=\u00bb0&#8243;]<\/p>\n<p class=\"et_pb_module_header\">El equipo de Peque\u00f1as Empresas e Iniciativa Empresarial del SCEC ofrece asesoramiento personalizado gratuito a los residentes del condado de Washington. Nuestro equipo incluye asesores especializados en actividades recreativas al aire libre, turismo, pesca y acuicultura, y trabajo con el gobierno federal. El equipo tambi\u00e9n ofrece apoyo a estudiantes, empresarios y lugares de trabajo que favorecen la recuperaci\u00f3n. Ofrecemos pr\u00e9stamos y subvenciones a las empresas y empresarios que cumplan los requisitos y asesoramos sobre soluciones tecnol\u00f3gicas para tu empresa.     <\/p>\n<p>[\/et_pb_text][et_pb_heading title=\u00bbESPACIO PROFESIONAL\u00bb _builder_version=\u00bb4.25.0&#8243; _module_preset=\u00bbdefault\u00bb title_level=\u00bbh4&#8243; title_font=\u00bbLato|700|||||||\u00bb title_text_color=\u00bb#176535&#8243; title_font_size=\u00bb24px\u00bb title_letter_spacing=\u00bb3px\u00bb custom_margin=\u00bb||0px||false|false\u00bb custom_margin_tablet=\u00bb50px||0px||false|false\u00bb custom_margin_phone=\u00bb50px||0px||false|false\u00bb custom_margin_last_edited=\u00bbon|tablet\u00bb custom_padding=\u00bb||0px||false|false\u00bb global_colors_info=\u00bb{}\u00bb][\/et_pb_heading][et_pb_text _builder_version=\u00bb4.27.4&#8243; _module_preset=\u00bbdefault\u00bb text_font_size=\u00bb18px\u00bb text_line_height=\u00bb1.8em\u00bb hover_enabled=\u00bb0&#8243; global_colors_info=\u00bb{}\u00bb sticky_enabled=\u00bb0&#8243;]<\/p>\n<p class=\"et_pb_module_header\">El Edificio Empresarial MaineStreet ofrece coworking, oficinas privadas y espacios para reuniones, asesoramiento empresarial y asistencia t\u00e9cnica, acceso a banda ancha de alta velocidad, espacio para colaborar y trabajar en red, \u00a1y mucho m\u00e1s!<\/p>\n<p>[\/et_pb_text][et_pb_heading title=\u00bbAPRENDIZAJE Y APOYO INTEGRALES\u00bb _builder_version=\u00bb4.27.4&#8243; _module_preset=\u00bbdefault\u00bb title_level=\u00bbh4&#8243; title_font=\u00bbLato|700|||||||\u00bb title_text_color=\u00bb#176535&#8243; title_font_size=\u00bb24px\u00bb title_letter_spacing=\u00bb3px\u00bb custom_margin=\u00bb||0px||false|false\u00bb custom_padding=\u00bb||0px||false|false\u00bb hover_enabled=\u00bb0&#8243; global_colors_info=\u00bb{}\u00bb sticky_enabled=\u00bb0&#8243;][\/et_pb_heading][et_pb_text _builder_version=\u00bb4.27.4&#8243; _module_preset=\u00bbdefault\u00bb text_font_size=\u00bb18px\u00bb text_line_height=\u00bb1.8em\u00bb custom_margin=\u00bb|0px||0px|false|true\u00bb custom_padding=\u00bb|0px||0px|false|true\u00bb hover_enabled=\u00bb0&#8243; global_colors_info=\u00bb{}\u00bb sticky_enabled=\u00bb0&#8243;]<\/p>\n<p>Ofrecemos cursos de incubadora y aceleradora de startups, talleres t\u00e9cnicos y foros para peque\u00f1as empresas, y colaboramos con m\u00e1s de 50 socios con y sin \u00e1nimo de lucro para crear mejores empresas en el condado de Washington. Nuestros programas se imparten en MaineStreet Business Building, en l\u00ednea y en persona en toda la regi\u00f3n. <\/p>\n<p>[\/et_pb_text][et_pb_button button_url=\u00bbhttps:\/\/mainestreetbusiness.org\u00bb url_new_window=\u00bbon\u00bb button_text=\u00bbM\u00e1s informaci\u00f3n en el sitio web de MaineStreet sobre creaci\u00f3n de empresas\u00bb _builder_version=\u00bb4.23.1&#8243; _module_preset=\u00bbdefault\u00bb custom_button=\u00bbon\u00bb button_text_color=\u00bb#474747&#8243; button_bg_color=\u00bb#FFC20F\u00bb button_border_width=\u00bb0px\u00bb button_border_radius=\u00bb25px\u00bb button_use_icon=\u00bboff\u00bb custom_padding=\u00bb10px|35px|10px|35px|false|false\u00bb global_colors_info=\u00bb{}\u00bb][\/et_pb_button][\/et_pb_column][\/et_pb_row][\/et_pb_section][et_pb_section fb_built=\u00bb1&#8243; _builder_version=\u00bb4.23.1&#8243; background_color=\u00bbrgba(238,236,229,0.4)\u00bb custom_padding=\u00bb30px|0px||0px|false|false\u00bb collapsed=\u00bbon\u00bb global_colors_info=\u00bb{}\u00bb][et_pb_row _builder_version=\u00bb4.25.0&#8243; _module_preset=\u00bbdefault\u00bb width=\u00bb100%\u00bb max_width=\u00bb100%\u00bb module_alignment=\u00bbcenter\u00bb custom_margin=\u00bb|auto||auto|false|false\u00bb custom_padding=\u00bb|25px||25px|false|false\u00bb global_colors_info=\u00bb{}\u00bb][et_pb_column type=\u00bb4_4&#8243; _builder_version=\u00bb4.23.1&#8243; _module_preset=\u00bbdefault\u00bb global_colors_info=\u00bb{}\u00bb][et_pb_heading title=\u00bbOficinas privadas y espacios de co-working 24\/7 ya disponibles\u00bb _builder_version=\u00bb4.23.1&#8243; _module_preset=\u00bbdefault\u00bb title_level=\u00bbh2&#8243; title_text_align=\u00bbcenter\u00bb custom_margin=\u00bb0px||0px||false|false\u00bb custom_padding=\u00bb0px||10px||false|false\u00bb global_colors_info=\u00bb{}\u00bb][\/et_pb_heading][et_pb_button button_url=\u00bbhttps:\/\/mainestreetbusiness.org\/memberships\/\u00bb url_new_window=\u00bbon\u00bb button_text=\u00bbVer todas las opciones de afiliaci\u00f3n\u00bb button_alignment=\u00bbcenter\u00bb _builder_version=\u00bb4.25.0&#8243; _module_preset=\u00bbdefault\u00bb custom_button=\u00bbon\u00bb button_text_color=\u00bb#474747&#8243; button_bg_color=\u00bb#FFC20F\u00bb button_border_width=\u00bb0px\u00bb button_border_radius=\u00bb25px\u00bb button_use_icon=\u00bboff\u00bb custom_margin=\u00bb||0px||false|false\u00bb custom_padding=\u00bb10px|35px|10px|35px|false|false\u00bb global_colors_info=\u00bb{}\u00bb][\/et_pb_button][\/et_pb_column][\/et_pb_row][et_pb_row column_structure=\u00bb1_4,1_4,1_4,1_4&#8243; _builder_version=\u00bb4.25.0&#8243; _module_preset=\u00bbdefault\u00bb width=\u00bb100%\u00bb max_width=\u00bb2100px\u00bb global_colors_info=\u00bb{}\u00bb][et_pb_column type=\u00bb1_4&#8243; _builder_version=\u00bb4.25.0&#8243; _module_preset=\u00bbdefault\u00bb global_colors_info=\u00bb{}\u00bb][et_pb_image src=\u00bbhttps:\/\/sunrisecounty.org\/wp-content\/uploads\/2024\/03\/Genesis-Fund-Flax-Studios-Machais-34.jpg\u00bb title_text=\u00bbFondo G\u00e9nesis &#8211; Estudios Flax &#8211; Machais-34&#8243; force_fullwidth=\u00bbon\u00bb _builder_version=\u00bb4.25.0&#8243; _module_preset=\u00bbdefault\u00bb global_colors_info=\u00bb{}\u00bb][\/et_pb_image][\/et_pb_column][et_pb_column type=\u00bb1_4&#8243; _builder_version=\u00bb4.25.0&#8243; _module_preset=\u00bbdefault\u00bb global_colors_info=\u00bb{}\u00bb][et_pb_image src=\u00bbhttps:\/\/sunrisecounty.org\/wp-content\/uploads\/2024\/03\/Genesis-Fund-Flax-Studios-Machais-13.jpg\u00bb title_text=\u00bbFondo G\u00e9nesis &#8211; Estudios Flax &#8211; Machais-13&#8243; _builder_version=\u00bb4.25.0&#8243; _module_preset=\u00bbdefault\u00bb global_colors_info=\u00bb{}\u00bb][\/et_pb_image][\/et_pb_column][et_pb_column type=\u00bb1_4&#8243; _builder_version=\u00bb4.25.0&#8243; _module_preset=\u00bbdefault\u00bb global_colors_info=\u00bb{}\u00bb][et_pb_image src=\u00bbhttps:\/\/sunrisecounty.org\/wp-content\/uploads\/2024\/03\/Genesis-Fund-Flax-Studios-Machais-63.jpg\u00bb title_text=\u00bbFondo G\u00e9nesis &#8211; Estudios Flax &#8211; Machais-63&#8243; _builder_version=\u00bb4.25.0&#8243; _module_preset=\u00bbdefault\u00bb global_colors_info=\u00bb{}\u00bb][\/et_pb_image][\/et_pb_column][et_pb_column type=\u00bb1_4&#8243; _builder_version=\u00bb4.25.0&#8243; _module_preset=\u00bbdefault\u00bb global_colors_info=\u00bb{}\u00bb][et_pb_image src=\u00bbhttps:\/\/sunrisecounty.org\/wp-content\/uploads\/2024\/03\/Genesis-Fund-Flax-Studios-Machais-62.jpg\u00bb title_text=\u00bbFondo G\u00e9nesis &#8211; Estudios Flax &#8211; Machais-62&#8243; _builder_version=\u00bb4.25.0&#8243; _module_preset=\u00bbdefault\u00bb global_colors_info=\u00bb{}\u00bb][\/et_pb_image][\/et_pb_column][\/et_pb_row][et_pb_row _builder_version=\u00bb4.25.0&#8243; _module_preset=\u00bbdefault\u00bb width=\u00bb100%\u00bb max_width=\u00bb100%\u00bb module_alignment=\u00bbcenter\u00bb custom_margin=\u00bb|auto|-99px|auto|false|false\u00bb custom_padding=\u00bb|25px||25px|false|false\u00bb global_colors_info=\u00bb{}\u00bb][et_pb_column type=\u00bb4_4&#8243; _builder_version=\u00bb4.23.1&#8243; _module_preset=\u00bbdefault\u00bb global_colors_info=\u00bb{}\u00bb][et_pb_text _builder_version=\u00bb4.25.0&#8243; _module_preset=\u00bbdefault\u00bb text_orientation=\u00bbright\u00bb custom_margin=\u00bb0px||50px||false|false\u00bb custom_padding=\u00bb0px||||false|false\u00bb global_colors_info=\u00bb{}\u00bb]<\/p>\n<p style=\"text-align: center;\"><i>Fotograf\u00eda de <a href=\"http:\/\/www.flaxstudios.com\/\" target=\"_blank\" rel=\"noopener\">Flax Studios<\/a><\/i><\/p>\n<p>[\/et_pb_text][\/et_pb_column][\/et_pb_row][\/et_pb_section]<\/p>\n","protected":false},"excerpt":{"rendered":"<p>El Equipo de Peque\u00f1as Empresas e Iniciativa Empresarial del SCEC impulsa el Edificio Empresarial MaineStreet. El equipo de Peque\u00f1as Empresas e Iniciativa Empresarial del SCEC ofrece asesoramiento personalizado gratuito a [&hellip;]<\/p>\n","protected":false},"author":10,"featured_media":0,"parent":0,"menu_order":0,"comment_status":"closed","ping_status":"closed","template":"","meta":{"_et_pb_use_builder":"on","_et_pb_old_content":"","_et_gb_content_width":"","footnotes":""},"class_list":["post-16937","page","type-page","status-publish","hentry"],"_links":{"self":[{"href":"https:\/\/sunrisecounty.org\/es\/wp-json\/wp\/v2\/pages\/16937","targetHints":{"allow":["GET"]}}],"collection":[{"href":"https:\/\/sunrisecounty.org\/es\/wp-json\/wp\/v2\/pages"}],"about":[{"href":"https:\/\/sunrisecounty.org\/es\/wp-json\/wp\/v2\/types\/page"}],"author":[{"embeddable":true,"href":"https:\/\/sunrisecounty.org\/es\/wp-json\/wp\/v2\/users\/10"}],"replies":[{"embeddable":true,"href":"https:\/\/sunrisecounty.org\/es\/wp-json\/wp\/v2\/comments?post=16937"}],"version-history":[{"count":5,"href":"https:\/\/sunrisecounty.org\/es\/wp-json\/wp\/v2\/pages\/16937\/revisions"}],"predecessor-version":[{"id":17479,"href":"https:\/\/sunrisecounty.org\/es\/wp-json\/wp\/v2\/pages\/16937\/revisions\/17479"}],"wp:attachment":[{"href":"https:\/\/sunrisecounty.org\/es\/wp-json\/wp\/v2\/media?parent=16937"}],"curies":[{"name":"wp","href":"https:\/\/api.w.org\/{rel}","templated":true}]}}