{"id":16595,"date":"2025-08-27T09:47:40","date_gmt":"2025-08-27T13:47:40","guid":{"rendered":"https:\/\/sunrisecounty.org\/foro-familiar-de-pesca\/"},"modified":"2025-10-01T15:32:13","modified_gmt":"2025-10-01T19:32:13","slug":"foro-familiar-de-pesca","status":"publish","type":"page","link":"https:\/\/sunrisecounty.org\/es\/foro-familiar-de-pesca\/","title":{"rendered":"Foro Familiar de Pesca"},"content":{"rendered":"<p>[et_pb_section fb_built=\u00bb1&#8243; _builder_version=\u00bb4.23.1&#8243; _module_preset=\u00bbdefault\u00bb background_color=\u00bb#FFFFFF\u00bb custom_padding=\u00bb50px||4px||false|false\u00bb global_colors_info=\u00bb{}\u00bb][et_pb_row make_equal=\u00bbon\u00bb _builder_version=\u00bb4.27.4&#8243; _module_preset=\u00bbdefault\u00bb custom_margin=\u00bb||100px||false|false\u00bb custom_padding=\u00bb0px||0px||false|false\u00bb global_colors_info=\u00bb{}\u00bb][et_pb_column type=\u00bb4_4&#8243; _builder_version=\u00bb4.27.2&#8243; _module_preset=\u00bbdefault\u00bb custom_padding=\u00bb0px||||false|false\u00bb global_colors_info=\u00bb{}\u00bb][et_pb_image src=\u00bbhttps:\/\/sunrisecounty.org\/wp-content\/uploads\/2025\/09\/FFF-Banner-for-CC-4.png\u00bb title_text=\u00bbBanner FFF para CC-4&#8243; show_bottom_space=\u00bboff\u00bb align=\u00bbcenter\u00bb force_fullwidth=\u00bbon\u00bb _builder_version=\u00bb4.27.4&#8243; _module_preset=\u00bbdefault\u00bb global_colors_info=\u00bb{}\u00bb][\/et_pb_image][et_pb_text _builder_version=\u00bb4.27.4&#8243; _module_preset=\u00bbdefault\u00bb text_font_size=\u00bb18px\u00bb text_line_height=\u00bb2em\u00bb custom_margin=\u00bb50px||||false|false\u00bb custom_padding=\u00bb|25px|||false|false\u00bb global_colors_info=\u00bb{}\u00bb]<\/p>\n<h3 style=\"text-align: center;\"><span style=\"font-weight: 400;\">1er Foro Anual Familiar de Pesca de Downeast<\/span><\/h3>\n<p style=\"text-align: center;\"><strong>Jueves, 16 de octubre de 2025, de 10 a 14 horas<\/strong><br \/><strong>Centro de Eventos Woodlawn, Ellsworth<\/strong><\/p>\n<p style=\"text-align: center;\"><span>En la \u00faltima d\u00e9cada, las familias de pescadores de Maine se han enfrentado a tiempos dif\u00edciles, y hemos tenido que apoyarnos en la incre\u00edble fuerza de nuestras comunidades. Como miembros de familias de pescadores que somos, nos hemos enfrentado al miedo a perder una industria de la que nuestras comunidades han dependido durante generaciones. Nos hemos enfrentado al dolor de reunirnos una y otra vez para buscar a seres queridos perdidos en el mar. Tambi\u00e9n sabemos que la resiliencia es muy profunda en nuestras familias y comunidades, y que seguiremos apoy\u00e1ndonos unos a otros y continuaremos adelante, juntos.   <\/span><\/p>\n<p style=\"text-align: center;\"><span style=\"font-weight: 400;\">Por eso celebramos el <strong>Primer Foro Anual de Familias Pescadoras <\/strong><\/span><span style=\"font-weight: 400;\">&#8211; una reuni\u00f3n para familias de pescadores a lo largo de la costa Downeast de Maine para conectar, compartir y hablar de lo que m\u00e1s importa, incluyendo: <\/span><strong>Seguridad en el agua, h<\/strong><strong>a salud y el bienestar de los pescadores<\/strong><strong>lud mental, c<\/strong><strong>a respuesta comunitaria en situaciones de emergencia<\/strong><strong>alfabetizaci\u00f3n financiera y estabilidad familiar.<\/strong><\/p>\n<p>[\/et_pb_text][et_pb_button button_url=\u00bbhttps:\/\/lp.constantcontactpages.com\/ev\/reg\/9w5etsk\/lp\/8d76c50b-7e78-44cd-9968-182e613bb32a\u00bb url_new_window=\u00bbon\u00bb button_text=\u00bbInscr\u00edbete aqu\u00ed\u00bb button_alignment=\u00bbcenter\u00bb _builder_version=\u00bb4.27.4&#8243; _module_preset=\u00bbdefault\u00bb custom_button=\u00bbon\u00bb button_text_color=\u00bb#2F2F2F\u00bb button_bg_color=\u00bb#FFC20F\u00bb button_border_width=\u00bb0px\u00bb button_border_radius=\u00bb53px\u00bb custom_padding=\u00bb10px|35px|10px|35px|true|true\u00bb global_colors_info=\u00bb{}\u00bb][\/et_pb_button][et_pb_text _builder_version=\u00bb4.27.4&#8243; _module_preset=\u00bbdefault\u00bb text_font_size=\u00bb18px\u00bb text_line_height=\u00bb2em\u00bb custom_margin=\u00bb50px||||false|false\u00bb custom_padding=\u00bb|25px|||false|false\u00bb hover_enabled=\u00bb0&#8243; global_colors_info=\u00bb{}\u00bb sticky_enabled=\u00bb0&#8243;]<\/p>\n<h3 style=\"text-align: center;\"><span style=\"font-weight: 400;\">Agenda<\/span><\/h3>\n<div>\n<p style=\"text-align: center;\"><strong>9:30 &#8211; 10:00:<\/strong> Almuerzo ligero e instalaci\u00f3n<\/p>\n<p style=\"text-align: center;\"><strong>10:00 &#8211; 10:30:<\/strong> Bienvenida<\/p>\n<p style=\"text-align: center;\"><strong>10:30 &#8211; 11:30:<\/strong> Ronda de sesiones 1<br \/>Coordinaci\u00f3n de la seguridad y la respuesta ante emergencias<br \/>Gesti\u00f3n del sue\u00f1o, la recuperaci\u00f3n y el estr\u00e9s<br \/>Lesiones, dolor cr\u00f3nico y automedicaci\u00f3n<br \/>Diversificaci\u00f3n de ingresos y oportunidades educativas<\/p>\n<p style=\"text-align: center;\"><strong>11:30 &#8211; 12:30 h:<\/strong> Comida y Networking<\/p>\n<p style=\"text-align: center;\"><strong>12:30 pm &#8211; 1:30 pm:<\/strong> Ronda de sesiones 2<br \/>Coordinaci\u00f3n de la seguridad y la respuesta a emergencias<br \/>Gesti\u00f3n del sue\u00f1o, la recuperaci\u00f3n y el estr\u00e9s<br \/>Lesiones, dolor cr\u00f3nico y automedicaci\u00f3n<br \/>Diversificaci\u00f3n de ingresos y oportunidades educativas<\/p>\n<p style=\"text-align: center;\"><strong>13:30 &#8211; 14:00 h:<\/strong> Clausura y agradecimiento<\/p>\n<p style=\"text-align: center;\"><strong>14:00 &#8211; 15:00 h:<\/strong> Aperitivos y conexiones despu\u00e9s del foro<\/p>\n<p style=\"text-align: center;\">\n<\/div>\n<p>[\/et_pb_text][et_pb_text _builder_version=\u00bb4.27.4&#8243; _module_preset=\u00bbdefault\u00bb text_font_size=\u00bb18px\u00bb text_line_height=\u00bb2em\u00bb custom_margin=\u00bb50px||||false|false\u00bb custom_padding=\u00bb|25px|||false|false\u00bb global_colors_info=\u00bb{}\u00bb]<\/p>\n<h3 style=\"text-align: center;\"><span style=\"font-weight: 400;\">\u00a1Inscr\u00edbete hoy!<\/span><\/h3>\n<p style=\"text-align: center;\"><b>Donaci\u00f3n sugerida de 10 $ (utiliza el c\u00f3digo FREE para entrar gratis)<\/b><\/p>\n<p style=\"text-align: center;\"><b>La entrada incluye refrescos, brunch ligero y comida de catering. Hay guarder\u00eda gratuita. <\/b><\/p>\n<p style=\"text-align: center;\"><em>Nota: En Woodlawn no se puede fumar.<\/em><\/p>\n<p>[\/et_pb_text][et_pb_button button_url=\u00bbhttps:\/\/lp.constantcontactpages.com\/ev\/reg\/9w5etsk\/lp\/8d76c50b-7e78-44cd-9968-182e613bb32a\u00bb url_new_window=\u00bbon\u00bb button_text=\u00bbInscr\u00edbete aqu\u00ed\u00bb button_alignment=\u00bbcenter\u00bb _builder_version=\u00bb4.27.4&#8243; _module_preset=\u00bbdefault\u00bb custom_button=\u00bbon\u00bb button_text_color=\u00bb#2F2F2F\u00bb button_bg_color=\u00bb#FFC20F\u00bb button_border_width=\u00bb0px\u00bb button_border_radius=\u00bb53px\u00bb custom_padding=\u00bb10px|35px|10px|35px|true|true\u00bb global_colors_info=\u00bb{}\u00bb][\/et_pb_button][\/et_pb_column][\/et_pb_row][\/et_pb_section][et_pb_section fb_built=\u00bb1&#8243; _builder_version=\u00bb4.27.2&#8243; _module_preset=\u00bbdefault\u00bb background_color=\u00bbrgba(238,236,229,0.57)\u00bb global_colors_info=\u00bb{}\u00bb][et_pb_row column_structure=\u00bb1_4,1_2,1_4&#8243; _builder_version=\u00bb4.27.2&#8243; _module_preset=\u00bbdefault\u00bb custom_margin=\u00bb-125px||||false|false\u00bb global_colors_info=\u00bb{}\u00bb][et_pb_column type=\u00bb1_4&#8243; _builder_version=\u00bb4.27.2&#8243; _module_preset=\u00bbdefault\u00bb global_colors_info=\u00bb{}\u00bb][\/et_pb_column][et_pb_column type=\u00bb1_2&#8243; _builder_version=\u00bb4.27.2&#8243; _module_preset=\u00bbdefault\u00bb global_colors_info=\u00bb{}\u00bb][et_pb_text _builder_version=\u00bb4.27.4&#8243; _module_preset=\u00bbdefault\u00bb text_text_color=\u00bb#2F2F2F\u00bb header_2_text_color=\u00bb#2F2F2F\u00bb background_color=\u00bb#FFC20F\u00bb text_orientation=\u00bbcenter\u00bb module_alignment=\u00bbcenter\u00bb custom_padding=\u00bb15px||6px||false|false\u00bb global_colors_info=\u00bb{}\u00bb]<\/p>\n<h2>Oportunidades de patrocinio<\/h2>\n<p>[\/et_pb_text][\/et_pb_column][et_pb_column type=\u00bb1_4&#8243; _builder_version=\u00bb4.27.2&#8243; _module_preset=\u00bbdefault\u00bb global_colors_info=\u00bb{}\u00bb][\/et_pb_column][\/et_pb_row][et_pb_row column_structure=\u00bb1_5,3_5,1_5&#8243; _builder_version=\u00bb4.27.4&#8243; _module_preset=\u00bbdefault\u00bb custom_margin=\u00bb|auto|-28px|auto||\u00bb global_colors_info=\u00bb{}\u00bb][et_pb_column type=\u00bb1_5&#8243; _builder_version=\u00bb4.27.4&#8243; _module_preset=\u00bbdefault\u00bb global_colors_info=\u00bb{}\u00bb][\/et_pb_column][et_pb_column type=\u00bb3_5&#8243; _builder_version=\u00bb4.27.4&#8243; _module_preset=\u00bbdefault\u00bb global_colors_info=\u00bb{}\u00bb][et_pb_text _builder_version=\u00bb4.27.4&#8243; _module_preset=\u00bbdefault\u00bb text_font_size=\u00bb18px\u00bb text_line_height=\u00bb1.6em\u00bb custom_margin=\u00bb2px||||false|false\u00bb custom_padding=\u00bb|25px|||false|false\u00bb global_colors_info=\u00bb{}\u00bb]<\/p>\n<h3 style=\"text-align: center;\"><span style=\"font-weight: 400;\">Apoya a las familias de pescadores  <\/span><\/h3>\n<p style=\"text-align: center;\"><span style=\"font-weight: 400;\">Considera la posibilidad de convertirte en patrocinador del 1er Foro Anual de Familias de Pescadores de Downeast, que<\/span><span style=\"font-weight: 400;\"> reunir\u00e1 a las familias de pescadores para hablar de los temas m\u00e1s importantes. <\/span> <\/p>\n<p style=\"text-align: center;\"><span style=\"font-weight: 400;\"><strong>Los patrocinadores ser\u00e1n reconocidos en el programa y ocupar\u00e1n un lugar destacado en el acto.<\/strong> <\/span><\/p>\n<p>[\/et_pb_text][et_pb_text _builder_version=\u00bb4.27.4&#8243; _module_preset=\u00bbdefault\u00bb text_line_height=\u00bb1.6em\u00bb custom_margin=\u00bb2px||0px||false|false\u00bb custom_padding=\u00bb|25px|0px||false|false\u00bb global_colors_info=\u00bb{}\u00bb]<\/p>\n<h3 style=\"text-align: center;\"><span style=\"font-weight: 400;\">Niveles de patrocinio  <\/span><\/h3>\n<h5 style=\"text-align: center;\">Hahd Shell Select &#8211; 1.000<\/h5>\n<h5 style=\"text-align: center;\">Hahd Shell &#8211; 500<\/h5>\n<h5 style=\"text-align: center;\">Sheddah &#8211; 250<\/h5>\n<h5 style=\"text-align: center;\">Cangrejo &#8211; 100<\/h5>\n<h5 style=\"text-align: center;\">Malvado buen amigo &#8211; 50<\/h5>\n<p style=\"text-align: center;\"><span style=\"font-weight: 400;\"><\/span><\/p>\n<p style=\"text-align: center;\"><span style=\"font-weight: 400;\">Para cantidades de patrocinio superiores a 1.000 $, ponte en contacto con Amanda Smith en <a href=\"mailto:asmith@sunrisecounty.org\">asmith@sunrisecounty.org<\/a> o  <span>(207) 259-0755. Gracias.<\/span><\/span><\/p>\n<p style=\"text-align: center;\"><span style=\"font-weight: 400;\"><span><\/span><\/span><\/p>\n<p style=\"text-align: center;\"><span style=\"font-weight: 400;\"><span><\/span><\/span><\/p>\n<p>[\/et_pb_text][et_pb_text _builder_version=\u00bb4.27.4&#8243; _module_preset=\u00bbdefault\u00bb text_font_size=\u00bb18px\u00bb text_line_height=\u00bb1.6em\u00bb custom_margin=\u00bb2px||||false|false\u00bb custom_padding=\u00bb|25px|||false|false\u00bb global_colors_info=\u00bb{}\u00bb]<\/p>\n<h3 style=\"text-align: center;\"><span style=\"font-weight: 400;\">C\u00f3mo ser patrocinador  <\/span><\/h3>\n<p style=\"text-align: center;\">Para convertirte en patrocinador, s\u00f3lo tienes que seleccionar tu nivel de patrocinio durante la inscripci\u00f3n en l\u00ednea. A continuaci\u00f3n, podr\u00e1s enviar el pago electr\u00f3nico en l\u00ednea de forma segura. <\/p>\n<p style=\"text-align: center;\">Si prefieres enviar un cheque, hazlo a nombre de Sunrise County Economic Council y env\u00edalo por correo a Sunrise County Economic Council, ATTN: Amanda Smith, 7 Ames Way, Machias, ME 04654<\/p>\n<p style=\"text-align: center;\">[\/et_pb_text][\/et_pb_column][et_pb_column type=\u00bb1_5&#8243; _builder_version=\u00bb4.27.4&#8243; _module_preset=\u00bbdefault\u00bb global_colors_info=\u00bb{}\u00bb][\/et_pb_column][\/et_pb_row][et_pb_row _builder_version=\u00bb4.27.4&#8243; _module_preset=\u00bbdefault\u00bb global_colors_info=\u00bb{}\u00bb][et_pb_column type=\u00bb4_4&#8243; _builder_version=\u00bb4.27.4&#8243; _module_preset=\u00bbdefault\u00bb global_colors_info=\u00bb{}\u00bb][et_pb_button button_url=\u00bbhttps:\/\/lp.constantcontactpages.com\/ev\/reg\/9w5etsk\/lp\/8d76c50b-7e78-44cd-9968-182e613bb32a\u00bb url_new_window=\u00bbon\u00bb button_text=\u00bbHaz un donativo aqu\u00ed\u00bb button_alignment=\u00bbcenter\u00bb _builder_version=\u00bb4.27.4&#8243; _module_preset=\u00bbdefault\u00bb custom_button=\u00bbon\u00bb button_text_color=\u00bb#2F2F2F\u00bb button_bg_color=\u00bb#FFC20F\u00bb button_border_width=\u00bb0px\u00bb button_border_radius=\u00bb53px\u00bb custom_padding=\u00bb10px|35px|10px|35px|true|true\u00bb global_colors_info=\u00bb{}\u00bb][\/et_pb_button][et_pb_text _builder_version=\u00bb4.27.4&#8243; _module_preset=\u00bbdefault\u00bb text_font=\u00bb|700|||||||\u00bb text_font_size=\u00bb20px\u00bb global_colors_info=\u00bb{}\u00bb]<\/p>\n<p style=\"text-align: center;\"><strong>\u00bfTienes preguntas?<\/strong><\/p>\n<p style=\"text-align: center;\">Ponte en contacto con Amanda Smith en <a href=\"mailto:asmith@sunrisecounty.org\">asmith@sunrisecounty.org<\/a> o en el 207-259-0755.<\/p>\n<p>[\/et_pb_text][\/et_pb_column][\/et_pb_row][\/et_pb_section][et_pb_section fb_built=\u00bb1&#8243; _builder_version=\u00bb4.27.4&#8243; _module_preset=\u00bbdefault\u00bb global_colors_info=\u00bb{}\u00bb][et_pb_row _builder_version=\u00bb4.27.4&#8243; _module_preset=\u00bbdefault\u00bb global_colors_info=\u00bb{}\u00bb][et_pb_column type=\u00bb4_4&#8243; _builder_version=\u00bb4.27.4&#8243; _module_preset=\u00bbdefault\u00bb global_colors_info=\u00bb{}\u00bb][et_pb_text _builder_version=\u00bb4.27.4&#8243; _module_preset=\u00bbdefault\u00bb text_font_size=\u00bb18px\u00bb text_line_height=\u00bb1.6em\u00bb custom_margin=\u00bb2px||||false|false\u00bb custom_padding=\u00bb|25px|||false|false\u00bb global_colors_info=\u00bb{}\u00bb]<\/p>\n<h3 style=\"text-align: center;\"><span style=\"font-weight: 400;\">Este acto est\u00e1 organizado por:<\/span><\/h3>\n<p>&nbsp;<\/p>\n<p>[\/et_pb_text][\/et_pb_column][\/et_pb_row][et_pb_row column_structure=\u00bb1_5,1_5,1_5,1_5,1_5&#8243; _builder_version=\u00bb4.27.4&#8243; _module_preset=\u00bbdefault\u00bb global_colors_info=\u00bb{}\u00bb][et_pb_column type=\u00bb1_5&#8243; _builder_version=\u00bb4.27.4&#8243; _module_preset=\u00bbdefault\u00bb global_colors_info=\u00bb{}\u00bb][et_pb_image src=\u00bbhttps:\/\/sunrisecounty.org\/wp-content\/uploads\/2025\/06\/SCEC_Logo_Web-CENTERED-scaled.png\u00bb title_text=\u00bbSCEC_Logo_Web-CENTERED\u00bb _builder_version=\u00bb4.27.4&#8243; _module_preset=\u00bbdefault\u00bb width=\u00bb150px\u00bb module_alignment=\u00bbcenter\u00bb global_colors_info=\u00bb{}\u00bb][\/et_pb_image][\/et_pb_column][et_pb_column type=\u00bb1_5&#8243; _builder_version=\u00bb4.27.4&#8243; _module_preset=\u00bbdefault\u00bb global_colors_info=\u00bb{}\u00bb][et_pb_image src=\u00bbhttps:\/\/sunrisecounty.org\/wp-content\/uploads\/2025\/08\/MCFlogo.jpeg\u00bb alt=\u00bbAsociaci\u00f3n de Pescadores de la Costa de Maine\u00bb title_text=\u00bbMCFlogo\u00bb url=\u00bbhttps:\/\/www.mainecoastfishermen.org\/\u00bb url_new_window=\u00bbon\u00bb _builder_version=\u00bb4.27.4&#8243; _module_preset=\u00bbdefault\u00bb width=\u00bb100px\u00bb module_alignment=\u00bbcenter\u00bb global_colors_info=\u00bb{}\u00bb][\/et_pb_image][\/et_pb_column][et_pb_column type=\u00bb1_5&#8243; _builder_version=\u00bb4.27.4&#8243; _module_preset=\u00bbdefault\u00bb global_colors_info=\u00bb{}\u00bb][et_pb_image src=\u00bbhttps:\/\/sunrisecounty.org\/wp-content\/uploads\/2025\/08\/eb2e8a_af28496a5e4941708b7cd53c07db5183mv2.png\u00bb title_text=\u00bbeb2e8a_af28496a5e4941708b7cd53c07db5183~mv2&#8243; url=\u00bbhttps:\/\/www.greenwhitehope.org\u00bb url_new_window=\u00bbon\u00bb align=\u00bbcenter\u00bb _builder_version=\u00bb4.27.4&#8243; _module_preset=\u00bbdefault\u00bb global_colors_info=\u00bb{}\u00bb][\/et_pb_image][\/et_pb_column][et_pb_column type=\u00bb1_5&#8243; _builder_version=\u00bb4.27.4&#8243; _module_preset=\u00bbdefault\u00bb global_colors_info=\u00bb{}\u00bb][et_pb_image src=\u00bbhttps:\/\/sunrisecounty.org\/wp-content\/uploads\/2025\/08\/mccfimages.png\u00bb title_text=\u00bbmccfimages\u00bb url=\u00bbhttps:\/\/coastalfisheries.org\u00bb url_new_window=\u00bbon\u00bb align=\u00bbcenter\u00bb _builder_version=\u00bb4.27.4&#8243; _module_preset=\u00bbdefault\u00bb global_colors_info=\u00bb{}\u00bb][\/et_pb_image][\/et_pb_column][et_pb_column type=\u00bb1_5&#8243; _builder_version=\u00bb4.27.4&#8243; _module_preset=\u00bbdefault\u00bb global_colors_info=\u00bb{}\u00bb][et_pb_image src=\u00bbhttps:\/\/sunrisecounty.org\/wp-content\/uploads\/2025\/08\/logo_2022_2x-2.png\u00bb title_text=\u00bblogo_2022_2x-2&#8243; url=\u00bbhttps:\/\/www.islandinstitute.org\u00bb url_new_window=\u00bbon\u00bb align=\u00bbcenter\u00bb _builder_version=\u00bb4.27.4&#8243; _module_preset=\u00bbdefault\u00bb global_colors_info=\u00bb{}\u00bb][\/et_pb_image][\/et_pb_column][\/et_pb_row][\/et_pb_section]<\/p>\n","protected":false},"excerpt":{"rendered":"<p>1er Foro Anual Familiar de Pesca de Downeast Jueves, 16 de octubre de 2025, de 10 a 14 horasCentro de Eventos Woodlawn, Ellsworth En la \u00faltima d\u00e9cada, las familias de [&hellip;]<\/p>\n","protected":false},"author":10,"featured_media":0,"parent":0,"menu_order":0,"comment_status":"closed","ping_status":"closed","template":"","meta":{"_et_pb_use_builder":"on","_et_pb_old_content":"","_et_gb_content_width":"","footnotes":""},"class_list":["post-16595","page","type-page","status-publish","hentry"],"_links":{"self":[{"href":"https:\/\/sunrisecounty.org\/es\/wp-json\/wp\/v2\/pages\/16595","targetHints":{"allow":["GET"]}}],"collection":[{"href":"https:\/\/sunrisecounty.org\/es\/wp-json\/wp\/v2\/pages"}],"about":[{"href":"https:\/\/sunrisecounty.org\/es\/wp-json\/wp\/v2\/types\/page"}],"author":[{"embeddable":true,"href":"https:\/\/sunrisecounty.org\/es\/wp-json\/wp\/v2\/users\/10"}],"replies":[{"embeddable":true,"href":"https:\/\/sunrisecounty.org\/es\/wp-json\/wp\/v2\/comments?post=16595"}],"version-history":[{"count":5,"href":"https:\/\/sunrisecounty.org\/es\/wp-json\/wp\/v2\/pages\/16595\/revisions"}],"predecessor-version":[{"id":16908,"href":"https:\/\/sunrisecounty.org\/es\/wp-json\/wp\/v2\/pages\/16595\/revisions\/16908"}],"wp:attachment":[{"href":"https:\/\/sunrisecounty.org\/es\/wp-json\/wp\/v2\/media?parent=16595"}],"curies":[{"name":"wp","href":"https:\/\/api.w.org\/{rel}","templated":true}]}}