{"id":16525,"date":"2025-08-04T12:24:26","date_gmt":"2025-08-04T16:24:26","guid":{"rendered":"https:\/\/sunrisecounty.org\/lubec\/"},"modified":"2025-08-04T12:25:07","modified_gmt":"2025-08-04T16:25:07","slug":"lubec","status":"publish","type":"page","link":"https:\/\/sunrisecounty.org\/es\/lubec\/","title":{"rendered":"Lubec"},"content":{"rendered":"<p>[et_pb_section fb_built=\u00bb1&#8243; fullwidth=\u00bbon\u00bb _builder_version=\u00bb4.16&#8243; global_module=\u00bb9779&#8243; saved_tabs=\u00bball\u00bb global_colors_info=\u00bb{}\u00bb][\/et_pb_section][et_pb_section fb_built=\u00bb1&#8243; custom_padding_last_edited=\u00bbon|phone\u00bb admin_label=\u00bbPage Title\u00bb _builder_version=\u00bb4.25.0&#8243; background_color=\u00bb#176535&#8243; background_image=\u00bbhttps:\/\/sunrisecounty.org\/wp-content\/uploads\/2018\/01\/yellow-bg.jpg\u00bb background_enable_image=\u00bboff\u00bb background_size=\u00bbinitial\u00bb background_position=\u00bbbottom_center\u00bb background_repeat=\u00bbrepeat\u00bb custom_margin=\u00bb0px|0px|0px|0px\u00bb custom_padding=\u00bb0px|0px|0px|0px\u00bb custom_padding_tablet=\u00bb0px|0px|0px|0px\u00bb custom_padding_phone=\u00bb0px|0px|115px|0px|false|false\u00bb custom_css_main_element=\u00bbheight: 80px;\u00bb global_module=\u00bb3329&#8243; collapsed=\u00bbon\u00bb global_colors_info=\u00bb{}\u00bb][et_pb_row custom_padding_last_edited=\u00bbon|phone\u00bb _builder_version=\u00bb4.22.0&#8243; max_width=\u00bb1080px\u00bb custom_margin=\u00bb0px||||false|false\u00bb custom_padding=\u00bb20px||||false|false\u00bb custom_padding_tablet=\u00bb\u00bb custom_padding_phone=\u00bb\u00bb global_colors_info=\u00bb{}\u00bb][et_pb_column type=\u00bb4_4&#8243; _builder_version=\u00bb4.16&#8243; custom_padding=\u00bb|||\u00bb global_colors_info=\u00bb{}\u00bb custom_padding__hover=\u00bb|||\u00bb][et_pb_post_title meta=\u00bboff\u00bb featured_image=\u00bboff\u00bb admin_label=\u00bbPage Title\u00bb _builder_version=\u00bb4.23.1&#8243; _module_preset=\u00bbdefault\u00bb title_font=\u00bbAlegreya Sans||||||||\u00bb title_text_align=\u00bbcenter\u00bb title_text_color=\u00bb#FFFFFF\u00bb title_font_size=\u00bb40px\u00bb title_font_size_tablet=\u00bb\u00bb title_font_size_phone=\u00bb32px\u00bb title_font_size_last_edited=\u00bbon|phone\u00bb global_colors_info=\u00bb{}\u00bb][\/et_pb_post_title][\/et_pb_column][\/et_pb_row][\/et_pb_section][et_pb_section fb_built=\u00bb1&#8243; _builder_version=\u00bb4.16&#8243; global_colors_info=\u00bb{}\u00bb][et_pb_row column_structure=\u00bb1_2,1_2&#8243; _builder_version=\u00bb4.16&#8243; background_size=\u00bbinitial\u00bb background_position=\u00bbtop_left\u00bb background_repeat=\u00bbrepeat\u00bb max_width=\u00bb1080px\u00bb global_colors_info=\u00bb{}\u00bb][et_pb_column type=\u00bb1_2&#8243; _builder_version=\u00bb4.16&#8243; custom_padding=\u00bb|||\u00bb global_colors_info=\u00bb{}\u00bb custom_padding__hover=\u00bb|||\u00bb][et_pb_blurb title=\u00bbUn vistazo al perfil de la comunidad\u00bb url=\u00bbhttps:\/\/sunrisecounty.org\/arcgis\/LubecCommunityProfile.html\u00bb url_new_window=\u00bbon\u00bb use_icon=\u00bbon\u00bb font_icon=\u00bb&#xe037;||divi||400&#8243; icon_placement=\u00bbleft\u00bb image_icon_width=\u00bb28px\u00bb admin_label=\u00bbHTML Profile\u00bb _builder_version=\u00bb4.19.4&#8243; _module_preset=\u00bbdefault\u00bb header_font=\u00bb|300|||||||\u00bb header_font_size=\u00bb24px\u00bb global_colors_info=\u00bb{}\u00bb][\/et_pb_blurb][et_pb_blurb title=\u00bbPerfil de la Comunidad (PDF)\u00bb url=\u00bbhttps:\/\/sunrisecounty.org\/wp-content\/uploads\/2022\/12\/LubecCommunityProfile.pdf\u00bb url_new_window=\u00bbon\u00bb use_icon=\u00bbon\u00bb font_icon=\u00bb&#xe058;||divi||400&#8243; icon_placement=\u00bbleft\u00bb image_icon_width=\u00bb28px\u00bb admin_label=\u00bbPDF Profile\u00bb _builder_version=\u00bb4.19.4&#8243; _module_preset=\u00bbdefault\u00bb header_font=\u00bb|300|||||||\u00bb header_font_size=\u00bb24px\u00bb global_colors_info=\u00bb{}\u00bb][\/et_pb_blurb][et_pb_blurb title=\u00bb207-733-2341&#8243; url_new_window=\u00bbon\u00bb use_icon=\u00bbon\u00bb font_icon=\u00bb&#xe090;||divi||400&#8243; icon_placement=\u00bbleft\u00bb image_icon_width=\u00bb28px\u00bb admin_label=\u00bbPhone\u00bb _builder_version=\u00bb4.19.4&#8243; _module_preset=\u00bbdefault\u00bb header_font=\u00bb|300|||||||\u00bb header_font_size=\u00bb24px\u00bb link_option_url_new_window=\u00bbon\u00bb global_colors_info=\u00bb{}\u00bb][\/et_pb_blurb][et_pb_blurb title=\u00bbP\u00e1gina web\u00bb url=\u00bb<br \/>\nhttps:\/\/lubecme.gov\/\u00bb url_new_window=\u00bbon\u00bb use_icon=\u00bbon\u00bb font_icon=\u00bb&#xe0e3;||divi||400&#8243; icon_placement=\u00bbleft\u00bb image_icon_width=\u00bb28px\u00bb admin_label=\u00bbWeb\u00bb _builder_version=\u00bb4.27.4&#8243; _module_preset=\u00bbdefault\u00bb header_font=\u00bb|300|||||||\u00bb header_font_size=\u00bb24px\u00bb link_option_url_new_window=\u00bbon\u00bb hover_enabled=\u00bb0&#8243; global_colors_info=\u00bb{}\u00bb sticky_enabled=\u00bb0&#8243;][\/et_pb_blurb][\/et_pb_column][et_pb_column type=\u00bb1_2&#8243; _builder_version=\u00bb4.16&#8243; custom_padding=\u00bb|||\u00bb global_colors_info=\u00bb{}\u00bb custom_padding__hover=\u00bb|||\u00bb][et_pb_blurb title=\u00bbVisor p\u00fablico de parcelas\u00bb url=\u00bbhttps:\/\/scec.maps.arcgis.com\/apps\/instant\/basic\/index.html?appid=b88f6a9bb64f4b94b936379a7646c61e\u00bb url_new_window=\u00bbon\u00bb use_icon=\u00bbon\u00bb font_icon=\u00bb&#xf3c5;||fa||900&#8243; icon_placement=\u00bbleft\u00bb image_icon_width=\u00bb28px\u00bb admin_label=\u00bbHTML Profile\u00bb _builder_version=\u00bb4.25.1&#8243; _module_preset=\u00bbdefault\u00bb header_font=\u00bb|300|||||||\u00bb header_font_size=\u00bb24px\u00bb global_colors_info=\u00bb{}\u00bb][\/et_pb_blurb][et_pb_blurb title=\u00bbMapa de planificaci\u00f3n\u00bb url=\u00bbhttps:\/\/scec.maps.arcgis.com\/apps\/mapviewer\/index.html?webmap=fa9c94511c674ea5b7eb612ddcce0072&#8243; url_new_window=\u00bbon\u00bb use_icon=\u00bbon\u00bb font_icon=\u00bb&#xe083;||divi||400&#8243; icon_placement=\u00bbleft\u00bb image_icon_width=\u00bb28px\u00bb admin_label=\u00bbHTML Profile\u00bb _builder_version=\u00bb4.25.1&#8243; _module_preset=\u00bbdefault\u00bb header_font=\u00bb|300|||||||\u00bb header_font_size=\u00bb24px\u00bb global_colors_info=\u00bb{}\u00bb][\/et_pb_blurb][et_pb_blurb title=\u00bbMapa de planificaci\u00f3n (aplicaci\u00f3n m\u00f3vil)\u00bb url=\u00bbhttps:\/\/scec.maps.arcgis.com\/apps\/instant\/basic\/index.html?appid=9bb3228db94e46c082425439533674e8&#8243; url_new_window=\u00bbon\u00bb use_icon=\u00bbon\u00bb font_icon=\u00bb&#xf10b;||fa||900&#8243; icon_placement=\u00bbleft\u00bb image_icon_width=\u00bb28px\u00bb admin_label=\u00bbHTML Profile\u00bb _builder_version=\u00bb4.25.1&#8243; _module_preset=\u00bbdefault\u00bb header_font=\u00bb|300|||||||\u00bb header_font_size=\u00bb24px\u00bb global_colors_info=\u00bb{}\u00bb][\/et_pb_blurb][et_pb_image src=\u00bbhttps:\/\/sunrisecounty.org\/wp-content\/uploads\/2024\/06\/LubecMobileQR.png\u00bb alt=\u00bbLubec M\u00f3vil QR\u00bb title_text=\u00bbLubecMobileQR\u00bb _builder_version=\u00bb4.25.1&#8243; _module_preset=\u00bbdefault\u00bb width=\u00bb125px\u00bb global_colors_info=\u00bb{}\u00bb][\/et_pb_image][\/et_pb_column][\/et_pb_row][\/et_pb_section]<\/p>\n","protected":false},"excerpt":{"rendered":"","protected":false},"author":10,"featured_media":0,"parent":0,"menu_order":0,"comment_status":"closed","ping_status":"closed","template":"","meta":{"_et_pb_use_builder":"on","_et_pb_old_content":"","_et_gb_content_width":"","footnotes":""},"class_list":["post-16525","page","type-page","status-publish","hentry"],"_links":{"self":[{"href":"https:\/\/sunrisecounty.org\/es\/wp-json\/wp\/v2\/pages\/16525","targetHints":{"allow":["GET"]}}],"collection":[{"href":"https:\/\/sunrisecounty.org\/es\/wp-json\/wp\/v2\/pages"}],"about":[{"href":"https:\/\/sunrisecounty.org\/es\/wp-json\/wp\/v2\/types\/page"}],"author":[{"embeddable":true,"href":"https:\/\/sunrisecounty.org\/es\/wp-json\/wp\/v2\/users\/10"}],"replies":[{"embeddable":true,"href":"https:\/\/sunrisecounty.org\/es\/wp-json\/wp\/v2\/comments?post=16525"}],"version-history":[{"count":5,"href":"https:\/\/sunrisecounty.org\/es\/wp-json\/wp\/v2\/pages\/16525\/revisions"}],"predecessor-version":[{"id":16530,"href":"https:\/\/sunrisecounty.org\/es\/wp-json\/wp\/v2\/pages\/16525\/revisions\/16530"}],"wp:attachment":[{"href":"https:\/\/sunrisecounty.org\/es\/wp-json\/wp\/v2\/media?parent=16525"}],"curies":[{"name":"wp","href":"https:\/\/api.w.org\/{rel}","templated":true}]}}