{"id":16377,"date":"2025-07-22T13:31:13","date_gmt":"2025-07-22T17:31:13","guid":{"rendered":"https:\/\/sunrisecounty.org\/iniciativa-para-una-prosperidad-sostenible\/"},"modified":"2025-07-22T13:31:39","modified_gmt":"2025-07-22T17:31:39","slug":"iniciativa-para-una-prosperidad-sostenible","status":"publish","type":"page","link":"https:\/\/sunrisecounty.org\/es\/iniciativa-para-una-prosperidad-sostenible\/","title":{"rendered":"Iniciativa para una Prosperidad Sostenible"},"content":{"rendered":"<p>[et_pb_section fb_built=\u00bb1&#8243; fullwidth=\u00bbon\u00bb _builder_version=\u00bb4.27.2&#8243; _module_preset=\u00bbdefault\u00bb background_image=\u00bbhttps:\/\/sunrisecounty.org\/wp-content\/uploads\/2024\/10\/SPIbanner.jpg\u00bb parallax=\u00bboff\u00bb min_height=\u00bb375px\u00bb height=\u00bb375px\u00bb global_colors_info=\u00bb{}\u00bb][\/et_pb_section][et_pb_section fb_built=\u00bb1&#8243; custom_padding_last_edited=\u00bbon|phone\u00bb admin_label=\u00bbPage Title\u00bb _builder_version=\u00bb4.25.0&#8243; background_color=\u00bb#176535&#8243; background_image=\u00bbhttps:\/\/sunrisecounty.org\/wp-content\/uploads\/2018\/01\/yellow-bg.jpg\u00bb background_enable_image=\u00bboff\u00bb background_size=\u00bbinitial\u00bb background_position=\u00bbbottom_center\u00bb background_repeat=\u00bbrepeat\u00bb custom_margin=\u00bb0px|0px|0px|0px\u00bb custom_padding=\u00bb0px|0px|0px|0px\u00bb custom_padding_tablet=\u00bb0px|0px|0px|0px\u00bb custom_padding_phone=\u00bb0px|0px|115px|0px|false|false\u00bb custom_css_main_element=\u00bbheight: 80px;\u00bb global_module=\u00bb3329&#8243; collapsed=\u00bbon\u00bb global_colors_info=\u00bb{}\u00bb][et_pb_row custom_padding_last_edited=\u00bbon|phone\u00bb _builder_version=\u00bb4.22.0&#8243; max_width=\u00bb1080px\u00bb custom_margin=\u00bb0px||||false|false\u00bb custom_padding=\u00bb20px||||false|false\u00bb custom_padding_tablet=\u00bb\u00bb custom_padding_phone=\u00bb\u00bb global_colors_info=\u00bb{}\u00bb][et_pb_column type=\u00bb4_4&#8243; _builder_version=\u00bb4.16&#8243; custom_padding=\u00bb|||\u00bb global_colors_info=\u00bb{}\u00bb custom_padding__hover=\u00bb|||\u00bb][et_pb_post_title meta=\u00bboff\u00bb featured_image=\u00bboff\u00bb admin_label=\u00bbPage Title\u00bb _builder_version=\u00bb4.23.1&#8243; _module_preset=\u00bbdefault\u00bb title_font=\u00bbAlegreya Sans||||||||\u00bb title_text_align=\u00bbcenter\u00bb title_text_color=\u00bb#FFFFFF\u00bb title_font_size=\u00bb40px\u00bb title_font_size_tablet=\u00bb\u00bb title_font_size_phone=\u00bb32px\u00bb title_font_size_last_edited=\u00bbon|phone\u00bb global_colors_info=\u00bb{}\u00bb][\/et_pb_post_title][\/et_pb_column][\/et_pb_row][\/et_pb_section][et_pb_section fb_built=\u00bb1&#8243; _builder_version=\u00bb4.23.1&#8243; _module_preset=\u00bbdefault\u00bb background_color=\u00bb#FFFFFF\u00bb custom_padding=\u00bb50px||100px||false|false\u00bb global_colors_info=\u00bb{}\u00bb][et_pb_row column_structure=\u00bb2_3,1_3&#8243; make_equal=\u00bbon\u00bb _builder_version=\u00bb4.27.2&#8243; _module_preset=\u00bbdefault\u00bb custom_padding=\u00bb0px||0px||false|false\u00bb global_colors_info=\u00bb{}\u00bb][et_pb_column type=\u00bb2_3&#8243; _builder_version=\u00bb4.27.2&#8243; _module_preset=\u00bbdefault\u00bb custom_padding=\u00bb|100px|||false|false\u00bb custom_padding_tablet=\u00bb|100px|||false|false\u00bb custom_padding_phone=\u00bb|100px|||false|false\u00bb custom_padding_last_edited=\u00bbon|desktop\u00bb custom_css_main_element=\u00bbmargin:auto;\u00bb global_colors_info=\u00bb{}\u00bb][et_pb_text _builder_version=\u00bb4.25.0&#8243; _module_preset=\u00bbdefault\u00bb text_line_height=\u00bb2em\u00bb header_font_size=\u00bb51px\u00bb header_2_font_size=\u00bb32px\u00bb header_2_line_height=\u00bb1.5em\u00bb header_4_line_height=\u00bb1.2em\u00bb header_2_font_size_tablet=\u00bb32px\u00bb header_2_font_size_phone=\u00bb20px\u00bb header_2_font_size_last_edited=\u00bbon|phone\u00bb global_colors_info=\u00bb{}\u00bb]<\/p>\n<h2>A trav\u00e9s de la Iniciativa para la Prosperidad Sostenible (SPI), el SCEC trabaja con las comunidades del condado de Washington para hacer crecer y reforzar una econom\u00eda de recursos naturales sostenible y pr\u00f3spera. Nuestro trabajo se centra en apoyar a las empresas, los trabajadores y los puestos de trabajo resistentes colaborando para proteger y restaurar los sistemas naturales de los que dependen. <\/h2>\n<p>[\/et_pb_text][\/et_pb_column][et_pb_column type=\u00bb1_3&#8243; _builder_version=\u00bb4.23.1&#8243; _module_preset=\u00bbdefault\u00bb background_color=\u00bb#EEECE5&#8243; custom_padding=\u00bb50px|50px|50px|50px|false|false\u00bb border_color_all=\u00bb#176535&#8243; border_color_left=\u00bb#8F8F8F\u00bb global_colors_info=\u00bb{}\u00bb][et_pb_image src=\u00bbhttps:\/\/sunrisecounty.org\/wp-content\/uploads\/2024\/03\/20220910_163322-2.png\u00bb alt=\u00bbTora Johnson\u00bb title_text=\u00bb20220910_163322-2&#8243; _builder_version=\u00bb4.27.2&#8243; _module_preset=\u00bbdefault\u00bb width=\u00bb65%\u00bb global_colors_info=\u00bb{}\u00bb][\/et_pb_image][et_pb_heading title=\u00bbSABER M\u00c1S\u00bb _builder_version=\u00bb4.27.2&#8243; _module_preset=\u00bbdefault\u00bb title_level=\u00bbh2&#8243; title_font=\u00bbLato|700|||||||\u00bb title_text_color=\u00bb#176535&#8243; title_font_size=\u00bb20px\u00bb title_letter_spacing=\u00bb1px\u00bb custom_margin=\u00bb||0px||false|false\u00bb custom_padding=\u00bb||0px||false|false\u00bb global_colors_info=\u00bb{}\u00bb][\/et_pb_heading][et_pb_text admin_label=\u00bbcontact info\u00bb _builder_version=\u00bb4.27.2&#8243; width=\u00bb100%\u00bb custom_padding=\u00bb|||0px||\u00bb global_colors_info=\u00bb{}\u00bb width__hover_enabled=\u00bbon|desktop\u00bb width__hover=\u00bb100%\u00bb]<\/p>\n<p align=\"justify\" style=\"text-align: left\">Para m\u00e1s informaci\u00f3n sobre la <strong>Iniciativa para la Prosperidad Sosten<\/strong>ible del SCEC, ponte en contacto con <strong>Tora Johnson, Directora de la Iniciativa para la Prosperidad Sostenible<\/strong>.<\/p>\n<p align=\"justify\" style=\"text-align: left\"><span>Tel\u00e9fono: 207-255-0983<\/span><\/p>\n<p align=\"justify\" style=\"text-align: left\">Correo electr\u00f3nico: <a href=\"mailto:tjohnson@sunrisecounty.org\">tjohnson@sunrisecounty.org<\/a><\/p>\n<p align=\"justify\" style=\"text-align: left\"><a href=\"mailto:tjohnson@sunrisecounty.org\">Enviar mensaje<\/a><\/p>\n<p>[\/et_pb_text][\/et_pb_column][\/et_pb_row][\/et_pb_section][et_pb_section fb_built=\u00bb1&#8243; _builder_version=\u00bb4.27.2&#8243; _module_preset=\u00bbdefault\u00bb background_color=\u00bbrgba(238,236,229,0.47)\u00bb custom_padding=\u00bb100px||100px||false|false\u00bb hover_enabled=\u00bb0&#8243; global_colors_info=\u00bb{}\u00bb sticky_enabled=\u00bb0&#8243;][et_pb_row column_structure=\u00bb1_2,1_2&#8243; make_equal=\u00bbon\u00bb _builder_version=\u00bb4.27.2&#8243; _module_preset=\u00bbdefault\u00bb custom_padding=\u00bb0px||0px||false|false\u00bb global_colors_info=\u00bb{}\u00bb][et_pb_column type=\u00bb1_2&#8243; _builder_version=\u00bb4.23.1&#8243; _module_preset=\u00bbdefault\u00bb custom_css_main_element=\u00bbmargin:auto;\u00bb global_colors_info=\u00bb{}\u00bb][et_pb_heading title=\u00bbImaginando una prosperidad sostenible\u00bb _builder_version=\u00bb4.27.2&#8243; _module_preset=\u00bbdefault\u00bb title_level=\u00bbh2&#8243; title_font=\u00bbLato|700|||||||\u00bb title_text_color=\u00bb#0F3D59&#8243; title_font_size=\u00bb32px\u00bb title_letter_spacing=\u00bb1px\u00bb title_font_size_tablet=\u00bb32px\u00bb title_font_size_phone=\u00bb28px\u00bb title_font_size_last_edited=\u00bbon|phone\u00bb global_colors_info=\u00bb{}\u00bb][\/et_pb_heading][et_pb_text _builder_version=\u00bb4.27.2&#8243; _module_preset=\u00bbdefault\u00bb text_font_size=\u00bb18px\u00bb text_line_height=\u00bb2em\u00bb ul_font_size=\u00bb18px\u00bb ul_line_height=\u00bb1.8em\u00bb global_colors_info=\u00bb{}\u00bb]<\/p>\n<h3>Visi\u00f3n:<\/h3>\n<p>Las comunidades prosperan superando los retos de un mundo cambiante<\/p>\n<h3><\/h3>\n<h3>Misi\u00f3n:<\/h3>\n<ul>\n<li>Actuar localmente, construir regionalmente, conectar ampliamente<\/li>\n<li>Apoya a la agencia, la colaboraci\u00f3n y el pensamiento estrat\u00e9gico<\/li>\n<li>L\u00edmites<\/li>\n<\/ul>\n<h3>Apoyando:<\/h3>\n<ul>\n<li>Resiliencia<\/li>\n<li>Personas y ecosistemas sanos<\/li>\n<li>Esperanza y agencia<\/li>\n<li>Pensamiento sist\u00e9mico<\/li>\n<\/ul>\n<p>[\/et_pb_text][\/et_pb_column][et_pb_column type=\u00bb1_2&#8243; _builder_version=\u00bb4.27.2&#8243; _module_preset=\u00bbdefault\u00bb background_color=\u00bb#EEECE5&#8243; background_image=\u00bbhttps:\/\/sunrisecounty.org\/wp-content\/uploads\/2024\/10\/SPI5.jpg\u00bb custom_padding=\u00bb50px|50px|50px|50px|false|false\u00bb border_color_all=\u00bb#176535&#8243; border_color_left=\u00bb#8F8F8F\u00bb global_colors_info=\u00bb{}\u00bb][\/et_pb_column][\/et_pb_row][\/et_pb_section][et_pb_section fb_built=\u00bb1&#8243; _builder_version=\u00bb4.27.2&#8243; _module_preset=\u00bbdefault\u00bb global_colors_info=\u00bb{}\u00bb][et_pb_row _builder_version=\u00bb4.27.2&#8243; _module_preset=\u00bbdefault\u00bb global_colors_info=\u00bb{}\u00bb][et_pb_column type=\u00bb4_4&#8243; _builder_version=\u00bb4.27.2&#8243; _module_preset=\u00bbdefault\u00bb global_colors_info=\u00bb{}\u00bb][et_pb_heading title=\u00bbPRINCIPIOS DE PROSPERIDAD SOSTENIBLE\u00bb _builder_version=\u00bb4.27.2&#8243; _module_preset=\u00bbdefault\u00bb title_level=\u00bbh2&#8243; title_font=\u00bbLato|700|||||||\u00bb title_text_align=\u00bbcenter\u00bb title_text_color=\u00bb#176535&#8243; title_font_size=\u00bb32px\u00bb title_letter_spacing=\u00bb3px\u00bb title_font_size_tablet=\u00bb32px\u00bb title_font_size_phone=\u00bb28px\u00bb title_font_size_last_edited=\u00bbon|phone\u00bb global_colors_info=\u00bb{}\u00bb][\/et_pb_heading][\/et_pb_column][\/et_pb_row][et_pb_row column_structure=\u00bb3_5,2_5&#8243; make_equal=\u00bbon\u00bb _builder_version=\u00bb4.27.2&#8243; _module_preset=\u00bbdefault\u00bb custom_padding=\u00bb||100px||false|false\u00bb global_colors_info=\u00bb{}\u00bb][et_pb_column type=\u00bb3_5&#8243; _builder_version=\u00bb4.27.2&#8243; _module_preset=\u00bbdefault\u00bb custom_css_main_element=\u00bbmargin:auto;\u00bb global_colors_info=\u00bb{}\u00bb][et_pb_heading title=\u00bbRebotar hacia delante Resiliencia\u00bb _builder_version=\u00bb4.27.2&#8243; _module_preset=\u00bbdefault\u00bb title_level=\u00bbh2&#8243; title_font=\u00bbLato|700|||||||\u00bb title_text_color=\u00bb#0F3D59&#8243; title_font_size=\u00bb32px\u00bb title_letter_spacing=\u00bb1px\u00bb title_font_size_tablet=\u00bb32px\u00bb title_font_size_phone=\u00bb28px\u00bb title_font_size_last_edited=\u00bbon|phone\u00bb global_colors_info=\u00bb{}\u00bb][\/et_pb_heading][et_pb_text _builder_version=\u00bb4.27.2&#8243; _module_preset=\u00bbdefault\u00bb text_font_size=\u00bb18px\u00bb text_line_height=\u00bb2em\u00bb ul_line_height=\u00bb1.8em\u00bb global_colors_info=\u00bb{}\u00bb]<\/p>\n<p><strong>La Resiliencia de Rebote hacia Adelante<\/strong> significa aceptar, planificar y ejecutar el cambio (aunque el cambio sea duro). Por el contrario, la <strong>Resiliencia de Rebote hacia Atr\u00e1s<\/strong> consiste en volver a un estado anterior (aunque eso haya provocado los problemas en primer lugar). <\/p>\n<p><strong>Buenas pr\u00e1cticas para apoyar la resiliencia:<\/strong><\/p>\n<ul>\n<li>Ayuda a la gente a aceptar el cambio<\/li>\n<li>Proporcionar herramientas, no recetas<\/li>\n<li>Construye escenarios de futuro<\/li>\n<li>Abandona las ideas preconcebidas sobre el mejor camino<\/li>\n<\/ul>\n<p>[\/et_pb_text][\/et_pb_column][et_pb_column type=\u00bb2_5&#8243; _builder_version=\u00bb4.27.2&#8243; _module_preset=\u00bbdefault\u00bb global_colors_info=\u00bb{}\u00bb][et_pb_image src=\u00bbhttps:\/\/sunrisecounty.org\/wp-content\/uploads\/2024\/10\/SPI4.jpg\u00bb alt=\u00bbA la entrada de un embarcadero de madera que se extiende hasta una bah\u00eda de agua donde se ven barcos de pesca, hay una se\u00f1al que dice %22Pasa bajo tu responsabilidad%22.\u00bb title_text=\u00bbSPI4&#8243; _builder_version=\u00bb4.27.2&#8243; _module_preset=\u00bbdefault\u00bb global_colors_info=\u00bb{}\u00bb][\/et_pb_image][\/et_pb_column][\/et_pb_row][et_pb_row column_structure=\u00bb2_5,3_5&#8243; make_equal=\u00bbon\u00bb _builder_version=\u00bb4.27.2&#8243; _module_preset=\u00bbdefault\u00bb custom_padding=\u00bb100px||||false|false\u00bb border_width_top=\u00bb1px\u00bb border_color_top=\u00bb#bfbbb7&#8243; global_colors_info=\u00bb{}\u00bb][et_pb_column type=\u00bb2_5&#8243; _builder_version=\u00bb4.27.2&#8243; _module_preset=\u00bbdefault\u00bb global_colors_info=\u00bb{}\u00bb][et_pb_image src=\u00bbhttps:\/\/sunrisecounty.org\/wp-content\/uploads\/2024\/10\/BRIDGING-SOCIAL-CAPITAL.jpg\u00bb alt=\u00bbNube de palabras en forma de mano en la que destacan las palabras &quot;comunitario&quot;, &quot;familia&quot;, &quot;\u00fatil&quot; y &quot;compartir&quot;.\u00bb title_text=\u00bbCAPITAL SOCIAL PUENTE\u00bb _builder_version=\u00bb4.27.2&#8243; _module_preset=\u00bbdefault\u00bb global_colors_info=\u00bb{}\u00bb][\/et_pb_image][et_pb_text _builder_version=\u00bb4.27.2&#8243; _module_preset=\u00bbdefault\u00bb global_colors_info=\u00bb{}\u00bb]<\/p>\n<h6>*Hicks, Donna (2011-09-06) <em>Dignidad: El papel esencial que desempe\u00f1a en la resoluci\u00f3n de conflictos<\/em> (pp. 25-26). Yale University Press. Edici\u00f3n Kindle.  <\/h6>\n<p>[\/et_pb_text][\/et_pb_column][et_pb_column type=\u00bb3_5&#8243; _builder_version=\u00bb4.27.2&#8243; _module_preset=\u00bbdefault\u00bb custom_css_main_element=\u00bbmargin:auto;\u00bb global_colors_info=\u00bb{}\u00bb][et_pb_heading title=\u00bbServir con dignidad\u00bb _builder_version=\u00bb4.27.2&#8243; _module_preset=\u00bbdefault\u00bb title_level=\u00bbh2&#8243; title_font=\u00bbLato|700|||||||\u00bb title_text_color=\u00bb#0F3D59&#8243; title_font_size=\u00bb32px\u00bb title_letter_spacing=\u00bb1px\u00bb title_font_size_tablet=\u00bb32px\u00bb title_font_size_phone=\u00bb28px\u00bb title_font_size_last_edited=\u00bbon|phone\u00bb global_colors_info=\u00bb{}\u00bb][\/et_pb_heading][et_pb_text _builder_version=\u00bb4.27.2&#8243; _module_preset=\u00bbdefault\u00bb text_font_size=\u00bb18px\u00bb text_line_height=\u00bb2em\u00bb header_6_font_size=\u00bb13px\u00bb global_colors_info=\u00bb{}\u00bb]<\/p>\n<p>La dignidad es un \u00abestado interno de paz que surge del reconocimiento y la aceptaci\u00f3n del valor y la vulnerabilidad de todos los seres vivos\u00bb. &#8211; Dra. Donna Hicks<\/p>\n<p><strong>Elementos de la dignidad:*<\/strong><\/p>\n<ul>\n<li>Aceptaci\u00f3n de la identidad<\/li>\n<li>Inclusi\u00f3n<\/li>\n<li>Seguridad<\/li>\n<li>Acuse de recibo<\/li>\n<li>Reconocimiento<\/li>\n<li>Equidad<\/li>\n<li>El beneficio de la duda<\/li>\n<li>Comprender<\/li>\n<li>Independencia<\/li>\n<li>Responsabilidad<\/li>\n<\/ul>\n<p>\u00bfQuieres saber m\u00e1s? Descarga la <strong>Gu\u00eda Servir con Dignidad<\/strong> o ponte en contacto con nosotros para programar un taller con tu equipo. <\/p>\n<p>[\/et_pb_text][et_pb_button button_url=\u00bbhttps:\/\/drive.google.com\/file\/d\/1Av8eMv5vU2cOBb1FPI9dT32bMeXEUGMP\/view\u00bb url_new_window=\u00bbon\u00bb button_text=\u00bbVER LA GU\u00cdA\u00bb _builder_version=\u00bb4.27.2&#8243; _module_preset=\u00bbdefault\u00bb custom_button=\u00bbon\u00bb button_text_color=\u00bb#474747&#8243; button_bg_color=\u00bb#FFC20F\u00bb button_border_width=\u00bb0px\u00bb button_border_radius=\u00bb47px\u00bb custom_padding=\u00bb10px|25px|10px|25px|false|false\u00bb global_colors_info=\u00bb{}\u00bb][\/et_pb_button][\/et_pb_column][\/et_pb_row][\/et_pb_section][et_pb_section fb_built=\u00bb1&#8243; custom_padding_last_edited=\u00bbon|phone\u00bb _builder_version=\u00bb4.25.0&#8243; background_color=\u00bb#FFFFFF\u00bb custom_padding=\u00bb100px|0px||0px|false|false\u00bb custom_padding_tablet=\u00bb100px|0px||0px|false|false\u00bb custom_padding_phone=\u00bb50px|0px||0px|false|false\u00bb collapsed=\u00bbon\u00bb global_colors_info=\u00bb{}\u00bb][et_pb_row custom_padding_last_edited=\u00bbon|phone\u00bb _builder_version=\u00bb4.25.0&#8243; _module_preset=\u00bbdefault\u00bb custom_margin=\u00bb-27px|auto||auto||\u00bb custom_padding_tablet=\u00bb\u00bb custom_padding_phone=\u00bb||0px||false|false\u00bb global_colors_info=\u00bb{}\u00bb][et_pb_column type=\u00bb4_4&#8243; _builder_version=\u00bb4.23.1&#8243; _module_preset=\u00bbdefault\u00bb global_colors_info=\u00bb{}\u00bb][et_pb_heading title=\u00bbLIDERAZGO SPI\u00bb _builder_version=\u00bb4.27.2&#8243; _module_preset=\u00bbdefault\u00bb title_level=\u00bbh2&#8243; title_font=\u00bbLato|700|||||||\u00bb title_text_align=\u00bbcenter\u00bb title_text_color=\u00bb#176535&#8243; title_font_size=\u00bb32px\u00bb title_letter_spacing=\u00bb3px\u00bb title_font_size_tablet=\u00bb32px\u00bb title_font_size_phone=\u00bb28px\u00bb title_font_size_last_edited=\u00bbon|phone\u00bb global_colors_info=\u00bb{}\u00bb][\/et_pb_heading][et_pb_text _builder_version=\u00bb4.27.2&#8243; _module_preset=\u00bbdefault\u00bb text_font_size=\u00bb18px\u00bb text_line_height=\u00bb2em\u00bb global_colors_info=\u00bb{}\u00bb]<\/p>\n<p>Tora Johnson se incorpor\u00f3 al SCEC en enero de 2024 y es directora de la Iniciativa para la Prosperidad Sostenible. Cient\u00edfica social y ge\u00f3grafa, Tora tiene un m\u00e1ster en ecolog\u00eda humana por el College of the Atlantic y un doctorado en dimensiones humanas de los recursos naturales por la Universidad de Maine. Su trabajo se centra en el apoyo a la resiliencia y el desarrollo econ\u00f3mico, la pesca sostenible, la planificaci\u00f3n local y regional, y el compromiso comunitario centrado en la dignidad. Antes de unirse al personal del SCEC, Tora trabaj\u00f3 en el mundo acad\u00e9mico, durante casi 20 a\u00f1os en la facultad de la Universidad de Maine en Machias, donde ahora es profesora em\u00e9rita. Es miembro externo de la facultad de postgrado de la Escuela de Recursos Forestales y profesora asociada externa del Centro George J. Mitchell de Soluciones para la Sostenibilidad de la Universidad de Maine. Forma parte de varias juntas y comit\u00e9s centrados en cuestiones comunitarias y medioambientales de Maine y la regi\u00f3n de Downeast.     <\/p>\n<p>Antes de ser madre en 1996, Tora hizo carrera como profesora y tripulante a bordo de varios de los grandes veleros que surcan la costa de Nueva Inglaterra, as\u00ed como en la pesca comercial en Alaska. Tambi\u00e9n escritora, el premiado libro de Tora, Enredos: Los destinos entrelazados de ballenas y pescadores, se public\u00f3 en 2005. Fue reportera marina del Martha&#8217;s Vineyard Times de 1998 a 2000, y public\u00f3 la Gu\u00eda de animales de agua dulce sin espina dorsal con Arlene De Strulle en 1997. Ha colaborado con artistas de instalaciones y escultores en proyectos art\u00edsticos de instalaciones basadas en la comunidad y en el lugar.   <\/p>\n<p>Tora vive en Machias con su marido, el pescador y pescadero Chris Mullen. Le encanta hacer senderismo y pasear con raquetas de nieve con sus dos perros por los numerosos senderos de la regi\u00f3n, as\u00ed como trastear en barca. <\/p>\n<p>[\/et_pb_text][\/et_pb_column][\/et_pb_row][\/et_pb_section]<\/p>\n","protected":false},"excerpt":{"rendered":"<p>A trav\u00e9s de la Iniciativa para la Prosperidad Sostenible (SPI), el SCEC trabaja con las comunidades del condado de Washington para hacer crecer y reforzar una econom\u00eda de recursos naturales [&hellip;]<\/p>\n","protected":false},"author":10,"featured_media":0,"parent":0,"menu_order":0,"comment_status":"closed","ping_status":"closed","template":"","meta":{"_et_pb_use_builder":"on","_et_pb_old_content":"","_et_gb_content_width":"","footnotes":""},"class_list":["post-16377","page","type-page","status-publish","hentry"],"_links":{"self":[{"href":"https:\/\/sunrisecounty.org\/es\/wp-json\/wp\/v2\/pages\/16377","targetHints":{"allow":["GET"]}}],"collection":[{"href":"https:\/\/sunrisecounty.org\/es\/wp-json\/wp\/v2\/pages"}],"about":[{"href":"https:\/\/sunrisecounty.org\/es\/wp-json\/wp\/v2\/types\/page"}],"author":[{"embeddable":true,"href":"https:\/\/sunrisecounty.org\/es\/wp-json\/wp\/v2\/users\/10"}],"replies":[{"embeddable":true,"href":"https:\/\/sunrisecounty.org\/es\/wp-json\/wp\/v2\/comments?post=16377"}],"version-history":[{"count":4,"href":"https:\/\/sunrisecounty.org\/es\/wp-json\/wp\/v2\/pages\/16377\/revisions"}],"predecessor-version":[{"id":16384,"href":"https:\/\/sunrisecounty.org\/es\/wp-json\/wp\/v2\/pages\/16377\/revisions\/16384"}],"wp:attachment":[{"href":"https:\/\/sunrisecounty.org\/es\/wp-json\/wp\/v2\/media?parent=16377"}],"curies":[{"name":"wp","href":"https:\/\/api.w.org\/{rel}","templated":true}]}}